{"id":888,"date":"2020-04-04T06:27:11","date_gmt":"2020-04-04T06:27:11","guid":{"rendered":"http:\/\/www.megamoolah.one\/fr\/?page_id=888"},"modified":"2024-10-23T10:17:14","modified_gmt":"2024-10-23T10:17:14","slug":"zodiaccasino","status":"publish","type":"page","link":"https:\/\/www.megamoolah.one\/fr\/liste\/zodiaccasino\/","title":{"rendered":"Zodiac Casino"},"content":{"rendered":"<div class=\"su-row\"><div class=\"su-column su-column-size-3-4\"><div class=\"su-column-inner su-u-clearfix su-u-trim\">Voici le casino en ligne le plus original que vous puissiez choisir pour jouer au Mega Moolah. Parmi toutes les offres de tours gratuits, ce casino est le seul au monde \u00e0 offrir des chances gagner un million avec <strong>une mise de d\u00e9part de seulement 1$<\/strong>. En ligne depuis l&rsquo;ann\u00e9e 2000 Zodiac Casino a rendu des joueurs millionnaires d&rsquo;un jour \u00e0 l&rsquo;autre au Mega Moolah. Et il y a bien s\u00fbr des gains qui ont lieu chaque jour sur ce casino.<br \/>\n&nbsp;<br \/>\nSi le Mega jackpot du Mega Moolah n&rsquo;est pas gagn\u00e9 chaque jour, avec les autres machines \u00e0 sous du casino il y a de quoi se faire plaisir. En effet, sur ce casino en ligne des belles cagnottes sont gagn\u00e9es au quotidien avec les video slots. Le jeu Mega Money Wheel est la star de Zodiac Casino.<\/div><\/div>\n<div class=\"su-column su-column-size-1-4\"><div class=\"su-column-inner su-u-clearfix su-u-trim\"><a title=\"Zodiac Casino\" class=\"mm\" href=\"https:\/\/www.megamoolah.one\/zodiacfr\" rel=\"noopener noreferrer\" target=\"_blank\"><img loading=\"lazy\" decoding=\"async\" title=\"Zodiac Casino\" src=\"https:\/\/www.megamoolah.one\/fr\/wp-content\/uploads\/2020\/04\/zodiac-casino.png\" alt=\"Zodiac Casino\" width=\"250\" height=\"250\" class=\"alignnone size-full wp-image-1192\" srcset=\"https:\/\/www.megamoolah.one\/fr\/wp-content\/uploads\/2020\/04\/zodiac-casino.png 250w, https:\/\/www.megamoolah.one\/fr\/wp-content\/uploads\/2020\/04\/zodiac-casino-150x150.png 150w\" sizes=\"auto, (max-width: 250px) 100vw, 250px\" \/><br \/>\nVISITER ZODIAC CASINO<\/a><br \/>\n<\/div><\/div>\n<\/div>\n<h2>Test de Zodiac Casino<\/h2>\n<p>Les tests faits sur ce site de l\u00e9gende ont \u00e9t\u00e9 concluants. Que ce soit depuis un mobile, une tablette ou un PC\/Mac, le site Zodiac Casino est au point dans les moindres d\u00e9tails. Il faut dire que les exploitants de ce casino sont consid\u00e9r\u00e9s comme les leaders mondiaux des casinos virtuels. Vous pouvez donc compter sur la fiabilit\u00e9 de ce casino en ligne. Les slots progressives sont des jeux stars sur Zodiac Casino. On y trouve aussi plus de cent vid\u00e9o slots classiques, le video poker, la roulette et le blackjack. Le support client du casino est efficace et toujours disponible pour aider les joueurs en cas de besoin. Les joueurs qu\u00e9b\u00e9cois ont la bonne surprise, avec Zodiac Casino, de pouvoir compter sur du personnel qui maitrise la langue fran\u00e7aise. Pour cette raison, Zodiac Casino est recommand\u00e9 sur notre page <a title=\"Mega Moolah Qu\u00e9bec\" href=\"https:\/\/www.megamoolah.one\/fr\/quebec\/\">Mega Moolah Qu\u00e9bec<\/a>.<\/p>\n<h3>D\u00e9p\u00f4ts et retraits<\/h3>\n<p>Au niveau de la page bancaire du casino, tout est parfait. D\u00e9poser ou encaisser des fonds se fait facilement sur Zodiac Casino. Utiliser sa carte de cr\u00e9dit ou de d\u00e9bit y est s\u00fbr, il n&rsquo;y a aucun risque de fraude ou de pishing du fait que la plateforme du casino fait appel \u00e0 ce qu&rsquo;il y a de mieux dans l&rsquo;industrie des casinos en ligne.<\/p>\n<h2>Offre de bienvenue<\/h2>\n<p>Il y a plusieurs bonus \u00e0 obtenir chez Zodiac Casino. C&rsquo;est avec la premi\u00e8re offre que les clients du casino sont le plus g\u00e2t\u00e9s. Avec un d\u00e9p\u00f4t de 1$ chaque nouveau membre re\u00e7oit <strong>80 tours<\/strong> \u00e0 jouer sur le jeu Mega Money Wheel.<br \/>\n&nbsp;<br \/>\nC&rsquo;est offre est incroyable mais vraie ! Les autres offres mises \u00e0 disposition des joueurs permettent d&rsquo;obtenir 480$ de bonus suppl\u00e9mentaires. Ces bonus additionnels sont valables pour parier au Mega Moolah ou \u00e0 tout autre jeu du casino.<\/p>\n<h2 id=liste>Gagnants du Mega Moolah<\/h2>\n<p>Zodiac Casino a d\u00e9j\u00e0 rendu des joueurs millionnaires. Sur la liste des grands gagnants du casino des joueurs ont gagn\u00e9 des jackpots massifs sur ce casino au th\u00e8me astral. Ces gains historiques ne font qu&rsquo;ajouter de la cr\u00e9dibilit\u00e9 \u00e0 Zodiac Casino. D&rsquo;ailleurs le casino est sur la liste des <a title=\"records mondiaux\" href=https:\/\/www.megamoolah.one\/fr\/record\/>records mondiaux<\/a> r\u00e9alis\u00e9s sur des casinos en ligne. <\/p>\n<h2>Liste Mega Moolah record chez Zodiac Casino<\/h2>\n<p>Les plus gros Mega jackpot Mega Moolah gagn\u00e9s par des membres de Zodiac Casino sont \u00e0 l&rsquo;affiche ci-dessous. La devise affich\u00e9e sur chaque gain est celle utilis\u00e9e par les joueurs gagnants.<br \/>\n&nbsp;<br \/>\n<div class=\"su-row\"><div class=\"su-column su-column-size-1-2\"><div class=\"su-column-inner su-u-clearfix su-u-trim\">\n<table width=100%>\n<tr>\n<td><strong>DATE<\/strong><\/td>\n<td class=ced><\/td>\n<td class=cell><strong>JACKPOT<\/strong><\/td>\n<\/tr>\n<tr>\n<td valign=top>Janvier 2019<\/td>\n<td class=ced>CA$<\/td>\n<td class=cell><strong>20,059,287<\/strong><\/td>\n<\/tr>\n<tr>\n<td valign=top>Janvier 2018<\/td>\n<td class=ced>CA$<\/td>\n<td class=cell><strong>3,688,145<\/strong><\/td>\n<\/tr>\n<tr>\n<td valign=top>Mars 2017<\/td>\n<td class=ced>CA$<\/td>\n<td class=cell><strong>9,572,948<\/strong><\/td>\n<\/tr>\n<tr>\n<td valign=top>Ao\u00fbt 2016<\/td>\n<td class=ced>CA$<\/td>\n<td class=cell><strong>11,610,536<\/strong><\/td>\n<\/tr>\n<\/table>\n<p>Le tableau ci-dessus est mis \u00e0 jour chaque fois qu&rsquo;un nouveau record de plus d&rsquo;un million est d\u00e9clar\u00e9 sur le site Zodiac Casino.<br \/>\n<\/div><\/div>\n<div class=\"su-column su-column-size-1-2\"><div class=\"su-column-inner su-u-clearfix su-u-trim\">\n<blockquote><p>Les joueurs du Canada sont les plus grands gagnants chez Zodiac Casino. Il y a bien s\u00fbr des gagnants d&rsquo;autres pays sur le casino, mais sur les autres machines \u00e0 sous que le Mega Moolah. Les Europ\u00e9ennes, tout comme les Asiatiques, sont tout aussi actifs que les Canadiens sur le site Zodiac.<br \/>\n&nbsp;<br \/>\nAvec des joueurs en provenance de plus de 150 pays, ce casino en ligne ne s&rsquo;arr\u00eate jamais !<\/p><\/blockquote>\n<\/div><\/div>\n<\/div>\n&nbsp;<\/p>\n","protected":false},"excerpt":{"rendered":"<p>Test de Zodiac Casino Les tests faits sur ce site de l\u00e9gende ont \u00e9t\u00e9 concluants. Que ce soit depuis un mobile, une tablette ou un PC\/Mac, le site Zodiac Casino est au point dans les moindres d\u00e9tails. Il faut dire<\/p>\n","protected":false},"author":1,"featured_media":0,"parent":822,"menu_order":0,"comment_status":"closed","ping_status":"closed","template":"template-fullwidth.php","meta":{"footnotes":""},"class_list":["post-888","page","type-page","status-publish","hentry"],"yoast_head":"<!-- This site is optimized with the Yoast SEO plugin v27.4 - https:\/\/yoast.com\/product\/yoast-seo-wordpress\/ -->\n<title>Zodiac Casino Avis - 80 Tours Mega Money Wheel<\/title>\n<meta name=\"description\" content=\"Test et revue du site Zodiac Casino. Une offre de 80 tours gratuits sur Mega Money Wheel. Des chances de gagner le jackpot pour seulement 1$.\" \/>\n<meta name=\"robots\" content=\"index, follow, max-snippet:-1, max-image-preview:large, max-video-preview:-1\" \/>\n<link rel=\"canonical\" href=\"https:\/\/www.megamoolah.one\/fr\/liste\/zodiaccasino\/\" \/>\n<meta property=\"og:locale\" content=\"fr_CA\" \/>\n<meta property=\"og:type\" content=\"article\" \/>\n<meta property=\"og:title\" content=\"Zodiac Casino Avis - 80 Tours Mega Money Wheel\" \/>\n<meta property=\"og:description\" content=\"Test et revue du site Zodiac Casino. Une offre de 80 tours gratuits sur Mega Money Wheel. Des chances de gagner le jackpot pour seulement 1$.\" \/>\n<meta property=\"og:url\" content=\"https:\/\/www.megamoolah.one\/fr\/liste\/zodiaccasino\/\" \/>\n<meta property=\"og:site_name\" content=\"Mega Moolah\" \/>\n<meta property=\"article:modified_time\" content=\"2024-10-23T10:17:14+00:00\" \/>\n<meta property=\"og:image\" content=\"https:\/\/www.megamoolah.one\/fr\/wp-content\/uploads\/2020\/04\/zodiac-casino.png\" \/>\n\t<meta property=\"og:image:width\" content=\"250\" \/>\n\t<meta property=\"og:image:height\" content=\"250\" \/>\n\t<meta property=\"og:image:type\" content=\"image\/png\" \/>\n<meta name=\"twitter:card\" content=\"summary_large_image\" \/>\n<meta name=\"twitter:label1\" content=\"Estimation du temps de lecture\" \/>\n\t<meta name=\"twitter:data1\" content=\"4 minutes\" \/>\n<script type=\"application\/ld+json\" class=\"yoast-schema-graph\">{\"@context\":\"https:\\\/\\\/schema.org\",\"@graph\":[{\"@type\":\"WebPage\",\"@id\":\"https:\\\/\\\/www.megamoolah.one\\\/fr\\\/liste\\\/zodiaccasino\\\/\",\"url\":\"https:\\\/\\\/www.megamoolah.one\\\/fr\\\/liste\\\/zodiaccasino\\\/\",\"name\":\"Zodiac Casino Avis - 80 Tours Mega Money Wheel\",\"isPartOf\":{\"@id\":\"https:\\\/\\\/www.megamoolah.one\\\/fr\\\/#website\"},\"primaryImageOfPage\":{\"@id\":\"https:\\\/\\\/www.megamoolah.one\\\/fr\\\/liste\\\/zodiaccasino\\\/#primaryimage\"},\"image\":{\"@id\":\"https:\\\/\\\/www.megamoolah.one\\\/fr\\\/liste\\\/zodiaccasino\\\/#primaryimage\"},\"thumbnailUrl\":\"https:\\\/\\\/www.megamoolah.one\\\/fr\\\/wp-content\\\/uploads\\\/2020\\\/04\\\/zodiac-casino.png\",\"datePublished\":\"2020-04-04T06:27:11+00:00\",\"dateModified\":\"2024-10-23T10:17:14+00:00\",\"description\":\"Test et revue du site Zodiac Casino. Une offre de 80 tours gratuits sur Mega Money Wheel. Des chances de gagner le jackpot pour seulement 1$.\",\"breadcrumb\":{\"@id\":\"https:\\\/\\\/www.megamoolah.one\\\/fr\\\/liste\\\/zodiaccasino\\\/#breadcrumb\"},\"inLanguage\":\"fr-CA\",\"potentialAction\":[{\"@type\":\"ReadAction\",\"target\":[\"https:\\\/\\\/www.megamoolah.one\\\/fr\\\/liste\\\/zodiaccasino\\\/\"]}]},{\"@type\":\"ImageObject\",\"inLanguage\":\"fr-CA\",\"@id\":\"https:\\\/\\\/www.megamoolah.one\\\/fr\\\/liste\\\/zodiaccasino\\\/#primaryimage\",\"url\":\"https:\\\/\\\/www.megamoolah.one\\\/fr\\\/wp-content\\\/uploads\\\/2020\\\/04\\\/zodiac-casino.png\",\"contentUrl\":\"https:\\\/\\\/www.megamoolah.one\\\/fr\\\/wp-content\\\/uploads\\\/2020\\\/04\\\/zodiac-casino.png\",\"width\":250,\"height\":250,\"caption\":\"Zodiac Casino\"},{\"@type\":\"BreadcrumbList\",\"@id\":\"https:\\\/\\\/www.megamoolah.one\\\/fr\\\/liste\\\/zodiaccasino\\\/#breadcrumb\",\"itemListElement\":[{\"@type\":\"ListItem\",\"position\":1,\"name\":\"Accueil\",\"item\":\"https:\\\/\\\/www.megamoolah.one\\\/fr\\\/\"},{\"@type\":\"ListItem\",\"position\":2,\"name\":\"Casinos\",\"item\":\"https:\\\/\\\/www.megamoolah.one\\\/fr\\\/liste\\\/\"},{\"@type\":\"ListItem\",\"position\":3,\"name\":\"Zodiac Casino\"}]},{\"@type\":\"WebSite\",\"@id\":\"https:\\\/\\\/www.megamoolah.one\\\/fr\\\/#website\",\"url\":\"https:\\\/\\\/www.megamoolah.one\\\/fr\\\/\",\"name\":\"Mega Moolah\",\"description\":\"Offres de tours et bonus gratuits\",\"publisher\":{\"@id\":\"https:\\\/\\\/www.megamoolah.one\\\/fr\\\/#organization\"},\"potentialAction\":[{\"@type\":\"SearchAction\",\"target\":{\"@type\":\"EntryPoint\",\"urlTemplate\":\"https:\\\/\\\/www.megamoolah.one\\\/fr\\\/?s={search_term_string}\"},\"query-input\":{\"@type\":\"PropertyValueSpecification\",\"valueRequired\":true,\"valueName\":\"search_term_string\"}}],\"inLanguage\":\"fr-CA\"},{\"@type\":\"Organization\",\"@id\":\"https:\\\/\\\/www.megamoolah.one\\\/fr\\\/#organization\",\"name\":\"Mega Moolah\",\"url\":\"https:\\\/\\\/www.megamoolah.one\\\/fr\\\/\",\"logo\":{\"@type\":\"ImageObject\",\"inLanguage\":\"fr-CA\",\"@id\":\"https:\\\/\\\/www.megamoolah.one\\\/fr\\\/#\\\/schema\\\/logo\\\/image\\\/\",\"url\":\"https:\\\/\\\/www.megamoolah.one\\\/fr\\\/wp-content\\\/uploads\\\/2020\\\/04\\\/logo-one-1.jpg\",\"contentUrl\":\"https:\\\/\\\/www.megamoolah.one\\\/fr\\\/wp-content\\\/uploads\\\/2020\\\/04\\\/logo-one-1.jpg\",\"width\":390,\"height\":120,\"caption\":\"Mega Moolah\"},\"image\":{\"@id\":\"https:\\\/\\\/www.megamoolah.one\\\/fr\\\/#\\\/schema\\\/logo\\\/image\\\/\"}}]}<\/script>\n<!-- \/ Yoast SEO plugin. -->","yoast_head_json":{"title":"Zodiac Casino Avis - 80 Tours Mega Money Wheel","description":"Test et revue du site Zodiac Casino. Une offre de 80 tours gratuits sur Mega Money Wheel. Des chances de gagner le jackpot pour seulement 1$.","robots":{"index":"index","follow":"follow","max-snippet":"max-snippet:-1","max-image-preview":"max-image-preview:large","max-video-preview":"max-video-preview:-1"},"canonical":"https:\/\/www.megamoolah.one\/fr\/liste\/zodiaccasino\/","og_locale":"fr_CA","og_type":"article","og_title":"Zodiac Casino Avis - 80 Tours Mega Money Wheel","og_description":"Test et revue du site Zodiac Casino. Une offre de 80 tours gratuits sur Mega Money Wheel. Des chances de gagner le jackpot pour seulement 1$.","og_url":"https:\/\/www.megamoolah.one\/fr\/liste\/zodiaccasino\/","og_site_name":"Mega Moolah","article_modified_time":"2024-10-23T10:17:14+00:00","og_image":[{"width":250,"height":250,"url":"https:\/\/www.megamoolah.one\/fr\/wp-content\/uploads\/2020\/04\/zodiac-casino.png","type":"image\/png"}],"twitter_card":"summary_large_image","twitter_misc":{"Estimation du temps de lecture":"4 minutes"},"schema":{"@context":"https:\/\/schema.org","@graph":[{"@type":"WebPage","@id":"https:\/\/www.megamoolah.one\/fr\/liste\/zodiaccasino\/","url":"https:\/\/www.megamoolah.one\/fr\/liste\/zodiaccasino\/","name":"Zodiac Casino Avis - 80 Tours Mega Money Wheel","isPartOf":{"@id":"https:\/\/www.megamoolah.one\/fr\/#website"},"primaryImageOfPage":{"@id":"https:\/\/www.megamoolah.one\/fr\/liste\/zodiaccasino\/#primaryimage"},"image":{"@id":"https:\/\/www.megamoolah.one\/fr\/liste\/zodiaccasino\/#primaryimage"},"thumbnailUrl":"https:\/\/www.megamoolah.one\/fr\/wp-content\/uploads\/2020\/04\/zodiac-casino.png","datePublished":"2020-04-04T06:27:11+00:00","dateModified":"2024-10-23T10:17:14+00:00","description":"Test et revue du site Zodiac Casino. Une offre de 80 tours gratuits sur Mega Money Wheel. Des chances de gagner le jackpot pour seulement 1$.","breadcrumb":{"@id":"https:\/\/www.megamoolah.one\/fr\/liste\/zodiaccasino\/#breadcrumb"},"inLanguage":"fr-CA","potentialAction":[{"@type":"ReadAction","target":["https:\/\/www.megamoolah.one\/fr\/liste\/zodiaccasino\/"]}]},{"@type":"ImageObject","inLanguage":"fr-CA","@id":"https:\/\/www.megamoolah.one\/fr\/liste\/zodiaccasino\/#primaryimage","url":"https:\/\/www.megamoolah.one\/fr\/wp-content\/uploads\/2020\/04\/zodiac-casino.png","contentUrl":"https:\/\/www.megamoolah.one\/fr\/wp-content\/uploads\/2020\/04\/zodiac-casino.png","width":250,"height":250,"caption":"Zodiac Casino"},{"@type":"BreadcrumbList","@id":"https:\/\/www.megamoolah.one\/fr\/liste\/zodiaccasino\/#breadcrumb","itemListElement":[{"@type":"ListItem","position":1,"name":"Accueil","item":"https:\/\/www.megamoolah.one\/fr\/"},{"@type":"ListItem","position":2,"name":"Casinos","item":"https:\/\/www.megamoolah.one\/fr\/liste\/"},{"@type":"ListItem","position":3,"name":"Zodiac Casino"}]},{"@type":"WebSite","@id":"https:\/\/www.megamoolah.one\/fr\/#website","url":"https:\/\/www.megamoolah.one\/fr\/","name":"Mega Moolah","description":"Offres de tours et bonus gratuits","publisher":{"@id":"https:\/\/www.megamoolah.one\/fr\/#organization"},"potentialAction":[{"@type":"SearchAction","target":{"@type":"EntryPoint","urlTemplate":"https:\/\/www.megamoolah.one\/fr\/?s={search_term_string}"},"query-input":{"@type":"PropertyValueSpecification","valueRequired":true,"valueName":"search_term_string"}}],"inLanguage":"fr-CA"},{"@type":"Organization","@id":"https:\/\/www.megamoolah.one\/fr\/#organization","name":"Mega Moolah","url":"https:\/\/www.megamoolah.one\/fr\/","logo":{"@type":"ImageObject","inLanguage":"fr-CA","@id":"https:\/\/www.megamoolah.one\/fr\/#\/schema\/logo\/image\/","url":"https:\/\/www.megamoolah.one\/fr\/wp-content\/uploads\/2020\/04\/logo-one-1.jpg","contentUrl":"https:\/\/www.megamoolah.one\/fr\/wp-content\/uploads\/2020\/04\/logo-one-1.jpg","width":390,"height":120,"caption":"Mega Moolah"},"image":{"@id":"https:\/\/www.megamoolah.one\/fr\/#\/schema\/logo\/image\/"}}]}},"_links":{"self":[{"href":"https:\/\/www.megamoolah.one\/fr\/wp-json\/wp\/v2\/pages\/888","targetHints":{"allow":["GET"]}}],"collection":[{"href":"https:\/\/www.megamoolah.one\/fr\/wp-json\/wp\/v2\/pages"}],"about":[{"href":"https:\/\/www.megamoolah.one\/fr\/wp-json\/wp\/v2\/types\/page"}],"author":[{"embeddable":true,"href":"https:\/\/www.megamoolah.one\/fr\/wp-json\/wp\/v2\/users\/1"}],"replies":[{"embeddable":true,"href":"https:\/\/www.megamoolah.one\/fr\/wp-json\/wp\/v2\/comments?post=888"}],"version-history":[{"count":51,"href":"https:\/\/www.megamoolah.one\/fr\/wp-json\/wp\/v2\/pages\/888\/revisions"}],"predecessor-version":[{"id":1191,"href":"https:\/\/www.megamoolah.one\/fr\/wp-json\/wp\/v2\/pages\/888\/revisions\/1191"}],"up":[{"embeddable":true,"href":"https:\/\/www.megamoolah.one\/fr\/wp-json\/wp\/v2\/pages\/822"}],"wp:attachment":[{"href":"https:\/\/www.megamoolah.one\/fr\/wp-json\/wp\/v2\/media?parent=888"}],"curies":[{"name":"wp","href":"https:\/\/api.w.org\/{rel}","templated":true}]}}