{"id":75,"date":"2019-10-11T06:48:50","date_gmt":"2019-10-11T06:48:50","guid":{"rendered":"http:\/\/www.megamoolah.one\/fr\/?page_id=75"},"modified":"2024-05-27T20:36:02","modified_gmt":"2024-05-27T20:36:02","slug":"record","status":"publish","type":"page","link":"https:\/\/www.megamoolah.one\/fr\/record\/","title":{"rendered":"Record du Monde"},"content":{"rendered":"<p>Des gains g\u00e9ants ont lieu chaque mois au Mega Moolah. Et parfois il y a des gains de folie qui y ont lieu. Parmi les plus gros jackpots r\u00e9alis\u00e9s il y a eu des gains historiques. Sur notre guide nous affichons la liste des gains les plus percutants, et aussi le <strong>record du monde<\/strong> du plus gros jackpot remport\u00e9 sur une machine \u00e0 sous en ligne. Et c&rsquo;est avec la slot machine <strong>Mega Moolah<\/strong> que le plus gros gain de l&rsquo;histoire a eu lieu. Ce record est une cagnotte \u00e0 dix chiffres!<\/p>\n<h2>Mega Moolah Record Mondial<\/h2>\n<p>&nbsp;<br \/>\n<img loading=\"lazy\" decoding=\"async\" title=\"Le Mega jackpot record de \u20ac18,915,872.81 a \u00e9t\u00e9 gagn\u00e9 le 28 septembre 2018 sur le casino en ligne Grand Mondial\" src=\"https:\/\/www.megamoolah.one\/fr\/wp-content\/uploads\/2019\/10\/mega-moolah-record-du-monde.jpg\" alt=\"Le Mega jackpot record de \u20ac18,915,872.81 a \u00e9t\u00e9 gagn\u00e9 le 28 septembre 2018 sur le casino en ligne Grand Mondial\" width=\"800\" height=\"444\" class=\"aligncenter size-full wp-image-81\" srcset=\"https:\/\/www.megamoolah.one\/fr\/wp-content\/uploads\/2019\/10\/mega-moolah-record-du-monde.jpg 800w, https:\/\/www.megamoolah.one\/fr\/wp-content\/uploads\/2019\/10\/mega-moolah-record-du-monde-300x167.jpg 300w, https:\/\/www.megamoolah.one\/fr\/wp-content\/uploads\/2019\/10\/mega-moolah-record-du-monde-768x426.jpg 768w\" sizes=\"auto, (max-width: 800px) 100vw, 800px\" \/><br \/>\n&nbsp;<br \/>\nC&rsquo;est le <strong>28 septembre 2018<\/strong> que ce Mega jackpot a \u00e9t\u00e9 gagn\u00e9 sur le casino en ligne <strong>Grand Mondial<\/strong>. Le gagnant a souhait\u00e9 garder l&rsquo;anonymat. Tout ce que nous savons est que le joueur a accept\u00e9 de faire savoir qu&rsquo;il a jou\u00e9 depuis son mobile Android en faisant des mises de 75 cents. L&rsquo;heureux gagnant a bien s\u00fbr re\u00e7u son gain \u00e0 100%. Vous nous direz que c&rsquo;est normal! Mais il est bon de savoir que certains casinos en ligne ont la f\u00e2cheuse tendance de payer les gros jackpots en plusieurs fois. Sachant cela il est toujours pr\u00e9f\u00e9rable de choisir un casino en ligne qui paye vite et bien&#8230; Et surtout \u00e0 100% lorsque des gros pots sont gagn\u00e9s.<\/p>\n<h2>Grand Mondial &#8211; Un casino en ligne gagnant<\/h2>\n<p>Nous ne sommes pas surpris que <strong>le record du monde<\/strong> du plus gros gain Mega Moolah ait eu lieu sur le <strong>casino Grand Mondial<\/strong>. Ce casino, g\u00e9r\u00e9 par le groupe <strong>Casino Rewards<\/strong>, est l&rsquo;un des sites de casino les plus populaires sur Internet. Nombreux sont les membres du casino qui r\u00e9ussissent \u00e0 remporter des jackpots massifs.<br \/>\n&nbsp;<\/p>\n<div align=center><a title=\"Grand Mondial Casino\" class=\"mm\" href=\"https:\/\/www.megamoolah.one\/mondialfr\" rel=\"noopener noreferrer\" target=\"_blank\"><img loading=\"lazy\" decoding=\"async\" title=\"Gagnants au Grand Mondial Casino\" src=\"https:\/\/www.megamoolah.one\/fr\/wp-content\/uploads\/2020\/04\/gagnants.jpg\" alt=\"Gagnants au Grand Mondial Casino\" width=\"800\" height=\"480\" class=\"aligncenter size-full wp-image-1805\" srcset=\"https:\/\/www.megamoolah.one\/fr\/wp-content\/uploads\/2020\/04\/gagnants.jpg 800w, https:\/\/www.megamoolah.one\/fr\/wp-content\/uploads\/2020\/04\/gagnants-300x180.jpg 300w, https:\/\/www.megamoolah.one\/fr\/wp-content\/uploads\/2020\/04\/gagnants-768x461.jpg 768w, https:\/\/www.megamoolah.one\/fr\/wp-content\/uploads\/2020\/04\/gagnants-333x200.jpg 333w\" sizes=\"auto, (max-width: 800px) 100vw, 800px\" \/><br \/>\nGRAND MONDIAL CASINO<br \/>VISITER LE CASINO ICI<\/a><\/div>\n<p>&nbsp;<br \/>\nLorsqu&rsquo;il s&rsquo;agit de jouer aux machines \u00e0 sous en ligne, le groupe Casino Rewards est un leader. En ce domaine les marques de ce groupe sont les plus repr\u00e9sentatives. Et dans le domaine des <strong>slots progressives<\/strong>, Grand Mondial est l&rsquo;un des quelques casinos en ligne les plus jou\u00e9s au monde. C&rsquo;est pour cette raison que Grand Mondial produit autant de gagnants au Mega Moolah.<\/p>\n<h2>Plus d&rsquo;un milliard de gains<\/h2>\n<p>Jusqu&rsquo;\u00e0 ce jour la slot machine Mega Moolah a revers\u00e9 plus d&rsquo;un milliard de dollars. C&rsquo;est un record absolu! Aucun autre jeu en ligne au monde ne fait gagner autant d&rsquo;argent. Le Mega Moolah est depuis son lancement en 2006 une <strong>r\u00e9f\u00e9rence incontestable<\/strong> dans le secteur des machines \u00e0 sous. La popularit\u00e9 de ce jeu est si importante que les casinos en ligne les plus fiables ont fait le choix de faire appel au fournisseur de ce jeu pour l&rsquo;ajouter \u00e0 leurs catalogues. Ce succ\u00e8s contribue encore plus aux montants des cagnottes en jeu sur la slot Mega Moolah. Clairement, chaque ann\u00e9e le jeu Mega Moolah connait toujours plus d&rsquo;adeptes. Ce ph\u00e9nom\u00e8ne ne fait qu&rsquo;augmenter les pots en jeu sur cette slot machine.<br \/>\n<div class=\"su-row\"><div class=\"su-column su-column-size-1-2\"><div class=\"su-column-inner su-u-clearfix su-u-trim\">\n&nbsp;<\/p>\n<h2>Liste record des plus gros gains<\/h2>\n<p>Les 10 plus gros pots Mega Moolah gagn\u00e9s r\u00e9cemment sont \u00e0 l&rsquo;affiche ci-joint. La devise affich\u00e9e sur chaque record est celle utilis\u00e9e par les joueurs au moment de leurs gains.<br \/>\n&nbsp;<br \/>\nLe tableau des gains est mis \u00e0 jour chaque fois qu&rsquo;un nouveau record Mega Moolah est d\u00e9clar\u00e9.<br \/>\n<\/div><\/div>\n<div class=\"su-column su-column-size-1-2\"><div class=\"su-column-inner su-u-clearfix su-u-trim\">\n&nbsp;<\/p>\n<h3>Jackpot tracker Mega Moolah<\/h3>\n<table width=100%>\n<tr>\n<td><strong>DATE<\/strong><\/td>\n<td><strong>CASINO<\/strong><\/td>\n<td class=ced><\/td>\n<td class=cell><strong>JACKPOT<\/strong><\/td>\n<\/tr>\n<tr>\n<td valign=top>D\u00e9cembre 2023<\/td>\n<td valign=top><a title=\"Betway.com\" href=\"https:\/\/www.megamoolah.one\/fr\/uk\/\">Betway.com<\/a><\/td>\n<td class=ced>\u20ac<\/td>\n<td nowrap class=cell><strong>13,527,543<\/strong><\/br>&nbsp;<\/td>\n<\/tr>\n<tr>\n<td valign=top>Mai 2022<\/td>\n<td valign=top><a title=\"Mega Moolah Saga\" href=\"https:\/\/www.megamoolah.one\/fr\/saga\/\">Mega Moolah Saga<\/a><\/td>\n<td class=ced>\u20ac<\/td>\n<td nowrap class=cell><strong>12,792,841<\/strong><\/br>&nbsp;<\/td>\n<\/tr>\n<tr>\n<td valign=top>Avril 2021<\/td>\n<td valign=top><a title=\"Absolootly Mad\" href=\"https:\/\/www.megamoolah.one\/fr\/absolootly-mad-record-mondial\/\">Absolootly Mad<\/a><\/td>\n<td class=ced>\u20ac<\/td>\n<td nowrap class=cell><strong>19,430,723<\/strong><\/br>&nbsp;<\/td>\n<\/tr>\n<tr>\n<td valign=top>Ao\u00fbt 2020<\/td>\n<td valign=top><a title=\"Mega Moolah Saga\" href=\"https:\/\/www.megamoolah.one\/fr\/saga\/\">Mega Moolah Saga<\/a><\/td>\n<td class=ced>\u20ac<\/td>\n<td nowrap class=cell><strong>14,239,532<\/strong><\/br>&nbsp;<\/td>\n<\/tr>\n<tr>\n<td valign=top>Juin 2020<\/td>\n<td valign=top><a title=\"Jackpot City\" href=\"https:\/\/www.megamoolah.one\/fr\/liste\/jackpotcity\/\">Jackpot City<\/a><\/td>\n<td class=ced>C$<\/td>\n<td nowrap class=cell><strong>9,959,553<\/strong><\/br>&nbsp;<\/td>\n<\/tr>\n<tr>\n<td valign=top>Mai 2020<\/td>\n<td valign=top><a title=\"River Belle\" href=\"https:\/\/www.megamoolah.one\/fr\/liste\/riverbelle\/\">River Belle<\/a><\/td>\n<td class=ced>NZD<\/td>\n<td nowrap class=cell><strong>13,615,861<\/strong><\/br>&nbsp;<\/td>\n<\/tr>\n<tr>\n<td valign=top>Avril 2020<\/td>\n<td valign=top><a title=\"Jackpot City\" href=\"https:\/\/www.megamoolah.one\/fr\/liste\/jackpotcity\/\">Jackpot City<\/a><\/td>\n<td class=ced>C$<\/td>\n<td nowrap class=cell><strong>16,496,347<\/strong><\/br>&nbsp;<\/td>\n<\/tr>\n<tr>\n<td valign=top>Mars 2019 <\/td>\n<td valign=top><a title=\"Luxury Casino\" href=\"https:\/\/www.megamoolah.one\/fr\/liste\/luxurycasino\/\">Luxury Casino<\/a><\/td>\n<td class=ced>$<\/td>\n<td nowrap class=cell><strong>12,945,668<\/strong><\/br>&nbsp;<\/td>\n<\/tr>\n<tr>\n<td valign=top>Janvier 2019<\/td>\n<td valign=top><a title=\"Zodiac Casino\" href=\"https:\/\/www.megamoolah.one\/fr\/liste\/zodiaccasino\/\">Zodiac Casino<\/a><\/td>\n<td class=ced>C$<\/td>\n<td nowrap class=cell><strong>20,059,287<\/strong><\/br>&nbsp;<\/td>\n<\/tr>\n<tr>\n<td valign=top>Septembre 2018<\/td>\n<td valign=top><a title=\"Grand Mondial\" href=\"https:\/\/www.megamoolah.one\/fr\/liste\/grandmondial\/\">Grand Mondial<\/a><\/td>\n<td class=ced>\u20ac<\/td>\n<td nowrap class=cell><strong>18,915,872<\/strong><\/br>&nbsp;<\/td>\n<\/tr>\n<\/table>\n<p>&nbsp;<br \/>\n<\/div><\/div><\/div>\n","protected":false},"excerpt":{"rendered":"<p>Des gains g\u00e9ants ont lieu chaque mois au Mega Moolah. Et parfois il y a des gains de folie qui y ont lieu. Parmi les plus gros jackpots r\u00e9alis\u00e9s il y a eu des gains historiques. Sur notre guide nous<\/p>\n","protected":false},"author":1,"featured_media":0,"parent":0,"menu_order":0,"comment_status":"closed","ping_status":"closed","template":"template-fullwidth.php","meta":{"footnotes":""},"class_list":["post-75","page","type-page","status-publish","hentry"],"yoast_head":"<!-- This site is optimized with the Yoast SEO plugin v27.6 - https:\/\/yoast.com\/product\/yoast-seo-wordpress\/ -->\n<title>Record de Gain Mega Moolah - Grand Jackpot Gagn\u00e9 au Casino<\/title>\n<meta name=\"description\" content=\"Le plus grand record mondial Mega Moolah r\u00e9alis\u00e9 jusqu&#039;\u00e0 ce jour. D\u00e9couvrir la somme gagn\u00e9e sur la slot la plus payante en ligne.\" \/>\n<meta name=\"robots\" content=\"index, follow, max-snippet:-1, max-image-preview:large, max-video-preview:-1\" \/>\n<link rel=\"canonical\" href=\"https:\/\/www.megamoolah.one\/fr\/record\/\" \/>\n<meta property=\"og:locale\" content=\"fr_CA\" \/>\n<meta property=\"og:type\" content=\"article\" \/>\n<meta property=\"og:title\" content=\"Record de Gain Mega Moolah - Grand Jackpot Gagn\u00e9 au Casino\" \/>\n<meta property=\"og:description\" content=\"Le plus grand record mondial Mega Moolah r\u00e9alis\u00e9 jusqu&#039;\u00e0 ce jour. D\u00e9couvrir la somme gagn\u00e9e sur la slot la plus payante en ligne.\" \/>\n<meta property=\"og:url\" content=\"https:\/\/www.megamoolah.one\/fr\/record\/\" \/>\n<meta property=\"og:site_name\" content=\"Mega Moolah\" \/>\n<meta property=\"article:modified_time\" content=\"2024-05-27T20:36:02+00:00\" \/>\n<meta property=\"og:image\" content=\"https:\/\/www.megamoolah.one\/fr\/wp-content\/uploads\/2019\/10\/mega-moolah-record-du-monde.jpg\" \/>\n<meta name=\"twitter:card\" content=\"summary_large_image\" \/>\n<meta name=\"twitter:label1\" content=\"Estimation du temps de lecture\" \/>\n\t<meta name=\"twitter:data1\" content=\"4 minutes\" \/>\n<script type=\"application\/ld+json\" class=\"yoast-schema-graph\">{\"@context\":\"https:\\\/\\\/schema.org\",\"@graph\":[{\"@type\":\"WebPage\",\"@id\":\"https:\\\/\\\/www.megamoolah.one\\\/fr\\\/record\\\/\",\"url\":\"https:\\\/\\\/www.megamoolah.one\\\/fr\\\/record\\\/\",\"name\":\"Record de Gain Mega Moolah - Grand Jackpot Gagn\u00e9 au Casino\",\"isPartOf\":{\"@id\":\"https:\\\/\\\/www.megamoolah.one\\\/fr\\\/#website\"},\"primaryImageOfPage\":{\"@id\":\"https:\\\/\\\/www.megamoolah.one\\\/fr\\\/record\\\/#primaryimage\"},\"image\":{\"@id\":\"https:\\\/\\\/www.megamoolah.one\\\/fr\\\/record\\\/#primaryimage\"},\"thumbnailUrl\":\"https:\\\/\\\/www.megamoolah.one\\\/fr\\\/wp-content\\\/uploads\\\/2019\\\/10\\\/mega-moolah-record-du-monde.jpg\",\"datePublished\":\"2019-10-11T06:48:50+00:00\",\"dateModified\":\"2024-05-27T20:36:02+00:00\",\"description\":\"Le plus grand record mondial Mega Moolah r\u00e9alis\u00e9 jusqu'\u00e0 ce jour. D\u00e9couvrir la somme gagn\u00e9e sur la slot la plus payante en ligne.\",\"breadcrumb\":{\"@id\":\"https:\\\/\\\/www.megamoolah.one\\\/fr\\\/record\\\/#breadcrumb\"},\"inLanguage\":\"fr-CA\",\"potentialAction\":[{\"@type\":\"ReadAction\",\"target\":[\"https:\\\/\\\/www.megamoolah.one\\\/fr\\\/record\\\/\"]}]},{\"@type\":\"ImageObject\",\"inLanguage\":\"fr-CA\",\"@id\":\"https:\\\/\\\/www.megamoolah.one\\\/fr\\\/record\\\/#primaryimage\",\"url\":\"https:\\\/\\\/www.megamoolah.one\\\/fr\\\/wp-content\\\/uploads\\\/2019\\\/10\\\/mega-moolah-record-du-monde.jpg\",\"contentUrl\":\"https:\\\/\\\/www.megamoolah.one\\\/fr\\\/wp-content\\\/uploads\\\/2019\\\/10\\\/mega-moolah-record-du-monde.jpg\",\"width\":800,\"height\":444},{\"@type\":\"BreadcrumbList\",\"@id\":\"https:\\\/\\\/www.megamoolah.one\\\/fr\\\/record\\\/#breadcrumb\",\"itemListElement\":[{\"@type\":\"ListItem\",\"position\":1,\"name\":\"Accueil\",\"item\":\"https:\\\/\\\/www.megamoolah.one\\\/fr\\\/\"},{\"@type\":\"ListItem\",\"position\":2,\"name\":\"Record du Monde\"}]},{\"@type\":\"WebSite\",\"@id\":\"https:\\\/\\\/www.megamoolah.one\\\/fr\\\/#website\",\"url\":\"https:\\\/\\\/www.megamoolah.one\\\/fr\\\/\",\"name\":\"Mega Moolah\",\"description\":\"Offres de tours et bonus gratuits\",\"publisher\":{\"@id\":\"https:\\\/\\\/www.megamoolah.one\\\/fr\\\/#organization\"},\"potentialAction\":[{\"@type\":\"SearchAction\",\"target\":{\"@type\":\"EntryPoint\",\"urlTemplate\":\"https:\\\/\\\/www.megamoolah.one\\\/fr\\\/?s={search_term_string}\"},\"query-input\":{\"@type\":\"PropertyValueSpecification\",\"valueRequired\":true,\"valueName\":\"search_term_string\"}}],\"inLanguage\":\"fr-CA\"},{\"@type\":\"Organization\",\"@id\":\"https:\\\/\\\/www.megamoolah.one\\\/fr\\\/#organization\",\"name\":\"Mega Moolah\",\"url\":\"https:\\\/\\\/www.megamoolah.one\\\/fr\\\/\",\"logo\":{\"@type\":\"ImageObject\",\"inLanguage\":\"fr-CA\",\"@id\":\"https:\\\/\\\/www.megamoolah.one\\\/fr\\\/#\\\/schema\\\/logo\\\/image\\\/\",\"url\":\"https:\\\/\\\/www.megamoolah.one\\\/fr\\\/wp-content\\\/uploads\\\/2020\\\/04\\\/logo-one-1.jpg\",\"contentUrl\":\"https:\\\/\\\/www.megamoolah.one\\\/fr\\\/wp-content\\\/uploads\\\/2020\\\/04\\\/logo-one-1.jpg\",\"width\":390,\"height\":120,\"caption\":\"Mega Moolah\"},\"image\":{\"@id\":\"https:\\\/\\\/www.megamoolah.one\\\/fr\\\/#\\\/schema\\\/logo\\\/image\\\/\"}}]}<\/script>\n<!-- \/ Yoast SEO plugin. -->","yoast_head_json":{"title":"Record de Gain Mega Moolah - Grand Jackpot Gagn\u00e9 au Casino","description":"Le plus grand record mondial Mega Moolah r\u00e9alis\u00e9 jusqu'\u00e0 ce jour. D\u00e9couvrir la somme gagn\u00e9e sur la slot la plus payante en ligne.","robots":{"index":"index","follow":"follow","max-snippet":"max-snippet:-1","max-image-preview":"max-image-preview:large","max-video-preview":"max-video-preview:-1"},"canonical":"https:\/\/www.megamoolah.one\/fr\/record\/","og_locale":"fr_CA","og_type":"article","og_title":"Record de Gain Mega Moolah - Grand Jackpot Gagn\u00e9 au Casino","og_description":"Le plus grand record mondial Mega Moolah r\u00e9alis\u00e9 jusqu'\u00e0 ce jour. D\u00e9couvrir la somme gagn\u00e9e sur la slot la plus payante en ligne.","og_url":"https:\/\/www.megamoolah.one\/fr\/record\/","og_site_name":"Mega Moolah","article_modified_time":"2024-05-27T20:36:02+00:00","og_image":[{"url":"https:\/\/www.megamoolah.one\/fr\/wp-content\/uploads\/2019\/10\/mega-moolah-record-du-monde.jpg","type":"","width":"","height":""}],"twitter_card":"summary_large_image","twitter_misc":{"Estimation du temps de lecture":"4 minutes"},"schema":{"@context":"https:\/\/schema.org","@graph":[{"@type":"WebPage","@id":"https:\/\/www.megamoolah.one\/fr\/record\/","url":"https:\/\/www.megamoolah.one\/fr\/record\/","name":"Record de Gain Mega Moolah - Grand Jackpot Gagn\u00e9 au Casino","isPartOf":{"@id":"https:\/\/www.megamoolah.one\/fr\/#website"},"primaryImageOfPage":{"@id":"https:\/\/www.megamoolah.one\/fr\/record\/#primaryimage"},"image":{"@id":"https:\/\/www.megamoolah.one\/fr\/record\/#primaryimage"},"thumbnailUrl":"https:\/\/www.megamoolah.one\/fr\/wp-content\/uploads\/2019\/10\/mega-moolah-record-du-monde.jpg","datePublished":"2019-10-11T06:48:50+00:00","dateModified":"2024-05-27T20:36:02+00:00","description":"Le plus grand record mondial Mega Moolah r\u00e9alis\u00e9 jusqu'\u00e0 ce jour. D\u00e9couvrir la somme gagn\u00e9e sur la slot la plus payante en ligne.","breadcrumb":{"@id":"https:\/\/www.megamoolah.one\/fr\/record\/#breadcrumb"},"inLanguage":"fr-CA","potentialAction":[{"@type":"ReadAction","target":["https:\/\/www.megamoolah.one\/fr\/record\/"]}]},{"@type":"ImageObject","inLanguage":"fr-CA","@id":"https:\/\/www.megamoolah.one\/fr\/record\/#primaryimage","url":"https:\/\/www.megamoolah.one\/fr\/wp-content\/uploads\/2019\/10\/mega-moolah-record-du-monde.jpg","contentUrl":"https:\/\/www.megamoolah.one\/fr\/wp-content\/uploads\/2019\/10\/mega-moolah-record-du-monde.jpg","width":800,"height":444},{"@type":"BreadcrumbList","@id":"https:\/\/www.megamoolah.one\/fr\/record\/#breadcrumb","itemListElement":[{"@type":"ListItem","position":1,"name":"Accueil","item":"https:\/\/www.megamoolah.one\/fr\/"},{"@type":"ListItem","position":2,"name":"Record du Monde"}]},{"@type":"WebSite","@id":"https:\/\/www.megamoolah.one\/fr\/#website","url":"https:\/\/www.megamoolah.one\/fr\/","name":"Mega Moolah","description":"Offres de tours et bonus gratuits","publisher":{"@id":"https:\/\/www.megamoolah.one\/fr\/#organization"},"potentialAction":[{"@type":"SearchAction","target":{"@type":"EntryPoint","urlTemplate":"https:\/\/www.megamoolah.one\/fr\/?s={search_term_string}"},"query-input":{"@type":"PropertyValueSpecification","valueRequired":true,"valueName":"search_term_string"}}],"inLanguage":"fr-CA"},{"@type":"Organization","@id":"https:\/\/www.megamoolah.one\/fr\/#organization","name":"Mega Moolah","url":"https:\/\/www.megamoolah.one\/fr\/","logo":{"@type":"ImageObject","inLanguage":"fr-CA","@id":"https:\/\/www.megamoolah.one\/fr\/#\/schema\/logo\/image\/","url":"https:\/\/www.megamoolah.one\/fr\/wp-content\/uploads\/2020\/04\/logo-one-1.jpg","contentUrl":"https:\/\/www.megamoolah.one\/fr\/wp-content\/uploads\/2020\/04\/logo-one-1.jpg","width":390,"height":120,"caption":"Mega Moolah"},"image":{"@id":"https:\/\/www.megamoolah.one\/fr\/#\/schema\/logo\/image\/"}}]}},"_links":{"self":[{"href":"https:\/\/www.megamoolah.one\/fr\/wp-json\/wp\/v2\/pages\/75","targetHints":{"allow":["GET"]}}],"collection":[{"href":"https:\/\/www.megamoolah.one\/fr\/wp-json\/wp\/v2\/pages"}],"about":[{"href":"https:\/\/www.megamoolah.one\/fr\/wp-json\/wp\/v2\/types\/page"}],"author":[{"embeddable":true,"href":"https:\/\/www.megamoolah.one\/fr\/wp-json\/wp\/v2\/users\/1"}],"replies":[{"embeddable":true,"href":"https:\/\/www.megamoolah.one\/fr\/wp-json\/wp\/v2\/comments?post=75"}],"version-history":[{"count":162,"href":"https:\/\/www.megamoolah.one\/fr\/wp-json\/wp\/v2\/pages\/75\/revisions"}],"predecessor-version":[{"id":7076,"href":"https:\/\/www.megamoolah.one\/fr\/wp-json\/wp\/v2\/pages\/75\/revisions\/7076"}],"wp:attachment":[{"href":"https:\/\/www.megamoolah.one\/fr\/wp-json\/wp\/v2\/media?parent=75"}],"curies":[{"name":"wp","href":"https:\/\/api.w.org\/{rel}","templated":true}]}}