{"id":5675,"date":"2021-11-16T12:21:41","date_gmt":"2021-11-16T12:21:41","guid":{"rendered":"https:\/\/www.megamoolah.one\/fr\/?page_id=5675"},"modified":"2021-12-15T03:55:25","modified_gmt":"2021-12-15T03:55:25","slug":"rtp","status":"publish","type":"page","link":"https:\/\/www.megamoolah.one\/fr\/rtp\/","title":{"rendered":"Taux de Redistribution &#8211; RTP des Machines \u00e0 Sous"},"content":{"rendered":"<div class=\"su-row\"><div class=\"su-column su-column-size-3-4\"><div class=\"su-column-inner su-u-clearfix su-u-trim\">\n<strong>Le taux de redistribution d&rsquo;une machine \u00e0 sous, le RTP, est son pourcentage de reversement.<\/strong><br \/>\n&nbsp;<br \/>\nQue ce soit dans une maison locale de jeux d&rsquo;argent, ou sur un site de casino, les RTP des machines \u00e0 sous sont indiqu\u00e9s.<br \/>\n&nbsp;<br \/>\nDans un casino local l&rsquo;info se trouve sur une plaquette de la machine, sur le c\u00f4t\u00e9. Dans un casino en ligne, il faut cliquer sur le menu d&rsquo;aide de la machine \u00e0 sous pour voir l&rsquo;info.<br \/>\n<\/div><\/div>\n<div class=\"su-column su-column-size-1-4\"><div class=\"su-column-inner su-u-clearfix su-u-trim\">\n<img loading=\"lazy\" decoding=\"async\" title=\"Taux de Redistribution RTP d'une machine \u00e0 sous\" src=\"https:\/\/www.megamoolah.one\/fr\/wp-content\/uploads\/2021\/11\/taux.jpg\" alt=\"Taux de Redistribution RTP d'une machine \u00e0 sous\" width=\"270\" height=\"168\" class=\"aligncenter size-full wp-image-5770\" \/><br \/>\n<\/div><\/div><\/div>\n<div class=\"su-divider su-divider-style-dotted\" style=\"margin:5px 0;border-width:2px;border-color:#ccc\"><\/div>\n<h2>Taux RTP &#8211; Un facteur cl\u00e9<\/h2>\n<p>Le taux de redistribution d&rsquo;une machine \u00e0 sous indique son potentiel de paiement. Typiquement, si vous divertir en engageant peu d&rsquo;argent est votre objectif, il faut jouer sur des machines \u00e0 sous dont le RTP est au-dessus de 97%.<br \/>\n&nbsp;<br \/>\nSi vous aimez prendre des risques, une machine \u00e0 sous progressive dont le RTP est bas est \u00e0 favoriser. Les machines \u00e0 sous Mega Moolah et la <a title=\"s\u00e9rie WowPot\" href=\"https:\/\/www.megamoolah.one\/fr\/wowpot-serie\/\">s\u00e9rie WowPot<\/a> sont repr\u00e9sentatives des jeux de casino qui font gagner les plus grands jackpots de tous les temps. Le juste milieu se trouve avec les machines \u00e0 sous dont le RTP est de 95% env.<br \/>\n&nbsp;<br \/>\n<strong>L&rsquo;acronyme RTP (Return To Player) vient de la langue anglaise.<\/strong> Pour faire simple, c&rsquo;est le rapport entre les mises plac\u00e9es dans une machine \u00e0 sous par tous les joueurs, et l&rsquo;argent revers\u00e9. Le taux d&rsquo;une slot est recalcul\u00e9 chaque mois, et l&rsquo;exploitant du jeu a l&rsquo;obligation de l&rsquo;afficher.<\/p>\n<h2>Comparatif des RTP<\/h2>\n<p>Il faut savoir que les machines \u00e0 sous ne sont pas toutes les m\u00eames dans les casinos. Les g\u00e9rants des salles de casino, selon leurs imp\u00e9ratifs, choisissent quelles machines \u00e0 sous ils mettent \u00e0 disposition des joueurs. De plus, sous le contr\u00f4le des commissions des jeux d&rsquo;argent, les RTP des machines \u00e0 sous peuvent \u00eatre modifi\u00e9s. Une slot du m\u00eame fabricant peut donc avec un taux diff\u00e9rent. Sachant cela, il est conseill\u00e9 de se rendre dans un casino \u00e9quip\u00e9 des slots les plus favorables. Casino local ou en ligne, le constat est le m\u00eame.<br \/>\n&nbsp;<br \/>\nAu niveau des machines \u00e0 sous jouables en ligne, un \u00e9diteur garantit les m\u00eames taux RTP sur tous les sites de casino. <a title=\"Cet \u00e9diteur est la soci\u00e9t\u00e9 Microgaming\" href=\"https:\/\/www.megamoolah.one\/fr\/microgaming\/\">Cet \u00e9diteur est la soci\u00e9t\u00e9 Microgaming<\/a>.<br \/>\n<div class=\"su-divider su-divider-style-dotted\" style=\"margin:5px 0;border-width:2px;border-color:#ccc\"><\/div>\n<h3>Sites de casino avec des bons RTP<\/h3>\n<div class=\"su-row\"><div class=\"su-column su-column-size-3-4\"><div class=\"su-column-inner su-u-clearfix su-u-trim\">\nIl y a des casinos en ligne qui payent mieux que d&rsquo;autres. La meilleure chose \u00e0 faire pour se donner un max de chances de gagner est de s&rsquo;inscrire sur un site de casino qui affiche les meilleurs RTP du moment.<br \/>\n&nbsp;<br \/>\n<strong>Actuellement, selon nos analyses, l&rsquo;un des casinos les plus prometteurs est<\/strong> <a title=\"le site Captain Cooks\" href=\"https:\/\/www.megamoolah.one\/fr\/liste\/captaincooks\/\"><strong>le site Captain Cooks<\/strong><\/a>.<br \/>\n&nbsp;<br \/>\nLe taux global de reversement du site de casino est de 97,3%.<br \/>\n<\/div><\/div>\n<div class=\"su-column su-column-size-1-4\"><div class=\"su-column-inner su-u-clearfix su-u-trim\">\n<div align=center><a title=\"Captain Cooks\" href=\"https:\/\/www.megamoolah.one\/cooksfr\" rel=\"noopener\" target=\"_blank\"><img loading=\"lazy\" decoding=\"async\" title=\"RTP Captain Cooks Casino\" src=\"https:\/\/www.megamoolah.one\/fr\/wp-content\/uploads\/2021\/11\/captain-cooks.jpg\" alt=\"RTP Captain Cooks Casino\" width=\"270\" height=\"168\" class=\"aligncenter size-full wp-image-5731\" \/><span style=\"font-size: 17pt; color: #7e0404; font-weight: 900;\">CAPTAIN COOKS<\/span><\/a><\/div>\n<\/div><\/div><\/div>\n<div class=\"su-divider su-divider-style-dotted\" style=\"margin:5px 0;border-width:2px;border-color:#ccc\"><\/div>\n<h3>Cat\u00e9gories des RTP<\/h3>\n<p>Il y a trois cat\u00e9gories de RTP aux machines \u00e0 sous. Grosso modo, il y a les RTP bas, moyens et hauts.<br \/>\n<div class=\"su-row\"><div class=\"su-column su-column-size-1-2\"><div class=\"su-column-inner su-u-clearfix su-u-trim\">\n<ol>\n<li><strong>Haut taux : le RTP est de \u00e0 97% \u00e0 99%.<\/strong><br \/>\n<em>Les machines \u00e0 sous classiques \u00e0 3 rouleaux sont celles qui ont les meilleurs taux.<\/em><\/li>\n<li><strong>Taux Moyen : le RTP commence \u00e0 94%, et il ne d\u00e9passe pas 97%.<\/strong><br \/>\n<em>En termes de sommes \u00e0 gagner, c&rsquo;est avec les video slots \u00e0 5 rouleaux qu&rsquo;il y a les plus belles options de gains.<\/em><\/li>\n<li><strong>Bas taux, le RTP est en dessous de 94%.<\/strong><br \/>\n<em>Les s\u00e9ries des machines \u00e0 sous Mega Moolah et WowPot sont programm\u00e9es avec des taux bas.<\/em><\/li>\n<\/ol>\n<\/div><\/div>\n<div class=\"su-column su-column-size-1-2\"><div class=\"su-column-inner su-u-clearfix su-u-trim\">\n\u00c7a ne vaut pas le coup de mettre des pi\u00e8ces dans une machine \u00e0 sous dont le RTP est au-dessus de 97,6%. Ces jeux de casino dont les taux de redistribution sont trop hauts ne font jamais des belles sommes d\u2019argent. En g\u00e9n\u00e9ral les plus grands gains possibles sur ce type de jeux ne d\u00e9passent pas les 1000 dollars. De plus il faut tout de m\u00eame avoir de la de chance pour gagner.<br \/>\n<\/div><\/div><\/div>\n<h2>G\u00e9n\u00e9rateur de nombres al\u00e9atoires (RNG)<\/h2>\n<div class=\"su-row\"><div class=\"su-column su-column-size-3-4\"><div class=\"su-column-inner su-u-clearfix su-u-trim\">\nLes machines \u00e0 sous sont greff\u00e9es \u00e0 des RNG. Chaque machine \u00e0 sous a son propre algorithme de g\u00e9n\u00e9rateur de nombres al\u00e9atoires. Le RNG est une s\u00e9quence de nombres ou de symboles. Seul le hasard d\u00e9cide des r\u00e9sultats.<br \/>\n&nbsp;<br \/>\nRNG est un terme issu de l&rsquo;anglais (Random Number Generator). Les algorithmes RNG des machines \u00e0 sous jouables sur les <a title=\"casinos en ligne de Mega Moolah One\" href=\"https:\/\/www.megamoolah.one\/fr\/liste\/\">casinos en ligne de Mega Moolah One<\/a> sont fiables \u00e0 100%. Ils garantissent \u00e0 chaque joueur les m\u00eames chances de gagner.<br \/>\n<\/div><\/div>\n<div class=\"su-column su-column-size-1-4\"><div class=\"su-column-inner su-u-clearfix su-u-trim\">\n<img loading=\"lazy\" decoding=\"async\" title=\"G\u00e9n\u00e9rateur de nombres al\u00e9atoires RNG\" src=\"https:\/\/www.megamoolah.one\/fr\/wp-content\/uploads\/2021\/11\/rng.jpg\" alt=\"G\u00e9n\u00e9rateur de nombres al\u00e9atoires RNG\" width=\"270\" height=\"168\" class=\"aligncenter size-full wp-image-5727\" \/><br \/>\n<\/div><\/div><\/div>\nLorsque vous cliquez le bouton SPIN d&rsquo;une machine \u00e0 sous, le RNG d\u00e9finit quels symboles du jeu vont atterrir sur les rouleaux. La s\u00e9lection se fait de mani\u00e8re al\u00e9atoire. Il est donc impossible de d\u00e9crypter \u00e0 l&rsquo;avance les combinaisons gagnantes qui vont s&rsquo;afficher.<\/p>\n<h2>RTP des machines \u00e0 sous progressives<\/h2>\n<p>Les jeux de casino qui payent les plus grands jackpots sont les machines \u00e0 sous \u00e0 jackpot progressif. Ces jeux \u00e9tant aliment\u00e9s par les mises des joueurs, il n&rsquo;y a pas de limites sur montants des jackpots \u00e0 d\u00e9crocher. Tant que personne ne r\u00e9ussit \u00e0 gagner le gros lot d&rsquo;une machine \u00e0 sous progressive, la valeur du jackpot en jeu est en progression. Les taux RTP de ces jeux varient de 85% \u00e0 90%. Plus le taux de redistribution est bas, plus la valeur du jackpot est haut.<\/p>\n<h2>Taux RTP des jeux qui payent souvent<\/h2>\n<p>Les machines \u00e0 sous qui ont les meilleurs taux de paiement affichent des RTP qui frisent les 100%. Ces jeux de casino, malheureusement, ne paient pas grand-chose. En effet, pour qu&rsquo;une machine \u00e0 sous reverse assez de pi\u00e8ces, il faut qu&rsquo;elle ait du cash dans le coffre. Du moment qu&rsquo;une machine \u00e0 sous reverse tr\u00e8s souvent des pi\u00e8ces, elle ne peut pas payer des jackpots dignes du nom.<\/p>\n<h3>Limiter les risques<\/h3>\n<p>Les machines \u00e0 sous dont le RTP est de 97% env. permettent de gagner un jackpot sans prendre trop de risque. Ces jeux sont les video slots classiques \u00e0 trois rouleaux. Avec ces jeux il est possible de gagner plusieurs petits jackpots en une seule s\u00e9ance de jeu. Il est m\u00eame possible de d\u00e9crocher des dizaines de milliers de dollars, mais pour ce faire il faut y miser avec l&rsquo;option des paris max.<br \/>\n&nbsp;<br \/>\n<div class=\"su-divider su-divider-style-dotted\" style=\"margin:5px 0;border-width:2px;border-color:#ccc\"><\/div>\n<h2>Exemple d&rsquo;un machine \u00e0 sous qui paye bien<\/h2>\n<p>Un jeu qui paye bien est la machine \u00e0 sous en ligne Thunderstruck 2, de Microgaming. En faisant des paris raisonnables, des jackpots de plus de 10&rsquo;000 dollars peuvent \u00eatre gagn\u00e9 sur cette slot. \u00c0 ce jour, comparativement aux autres machines \u00e0 sous en ligne, <strong>Thunderstruck 2<\/strong> se place comme l&rsquo;une des plus juteuses du march\u00e9. Chaque jour des joueurs arrivent \u00e0 rafler des grands jackpots sur la machine \u00e0 sous.<\/p>\n<h3>Thunderstruck 2 chez Quatro Casino<\/h3>\n<div class=\"su-row\"><div class=\"su-column su-column-size-3-4\"><div class=\"su-column-inner su-u-clearfix su-u-trim\">\nTenter sa chance sur la machines \u00e0 sous en ligne Thunderstruck 2 peut se faire d\u00e8s 10 dollars de d\u00e9p\u00f4t sur des casinos en ligne. Certains de ces casinos ont des programmes de bienvenue qui cumulent des tours et des bonus gratuits.<br \/>\n&nbsp;<br \/>\n<strong>Un offre profitable est celle du site Quatro Casino<\/strong>. La promo du casino donne acc\u00e8s \u00e0 sept machines \u00e0 sous, dont le titre Thunderstruck 2 fait partie.<br \/>\n&nbsp;<br \/>\nEn ne d\u00e9posant que 10$, il y a 100% de bonus offerts chez Quatro Casino, ainsi que 70 tours offerts. L&rsquo;offre peut atteindre 700 tours gratuits sur un d\u00e9p\u00f4t de 100$.<br \/>\n<\/div><\/div>\n<div class=\"su-column su-column-size-1-4\"><div class=\"su-column-inner su-u-clearfix su-u-trim\">\n<div align=center><a title=\"Quatro Casino\" href=\"https:\/\/www.megamoolah.one\/quatrofr\" rel=\"noopener\" target=\"_blank\"><img loading=\"lazy\" decoding=\"async\" title=\"Quatro Casino et la slot Thunderstruck 2\" src=\"https:\/\/www.megamoolah.one\/fr\/wp-content\/uploads\/2021\/11\/quatro-casino.jpg\" alt=\"Quatro Casino et la slot Thunderstruck 2\" width=\"270\" height=\"168\" class=\"aligncenter size-full wp-image-5728\" \/><span style=\"font-size: 17pt; color: #7e0404; font-weight: 900;\">QUATRO CASINO<\/span><\/a><\/div>\n<\/div><\/div><\/div>\n<div class=\"su-divider su-divider-style-dotted\" style=\"margin:5px 0;border-width:2px;border-color:#ccc\"><\/div>\n<h2>Machines \u00e0 sous froides et chaudes<\/h2>\n<p>La notion li\u00e9e aux machines \u00e0 sous chaudes qui sont sur le point de payer est \u00e0 prendre avec des pincettes. Il y a toutes sortes de croyance sur ce sujet. Les cas les plus flagrants ont lieu dans les casinos tr\u00e8s fr\u00e9quent\u00e9s. Les vendredis et samedis soir sont les moments o\u00f9 il y a le plus de pi\u00e8ces ins\u00e9r\u00e9es dans les machines \u00e0 sous. En toute logique, on pourrait penser que durant ces phases, les slots qui n&rsquo;ont pas encore revers\u00e9 leurs plus grands jackpots vont payer d&rsquo;une seconde \u00e0 l&rsquo;autre. Cette croyance est plus au moins vraie.<br \/>\n&nbsp;<br \/>\nUne machine \u00e0 sous dont le jackpot en jeu est haut, m\u00eame si elle est massivement jou\u00e9e, ne va pas forc\u00e9ment payer d&rsquo;un moment \u00e0 l&rsquo;autre.<\/p>\n<h3>Jeux serr\u00e9s et jeux qui l\u00e2chent<\/h3>\n<p>Les slots serr\u00e9es, dites les froides, sont les jeux de casino qui ne payent pas souvent leurs grands prix. \u00c0 l&rsquo;inverse, les slots qui l\u00e2chent sont celles qui reversent souvent leurs plus grands jackpots. Ces notions de jeux serr\u00e9s ou qui l\u00e2chent sont \u00e0 mettre en parall\u00e8le avec les taux RTP. Les slots serr\u00e9es sont celles qui ont des taux de redistribution de maximum 90%, et celles qui l\u00e2chent au-dessus de 97,6%.<\/p>\n<h2>R\u00e9sum\u00e9 sur les RTP des machines \u00e0 sous<\/h2>\n<p>Les joueurs de slots ont tendance \u00e0 pr\u00e9f\u00e9rer des bons ratios aux machines \u00e0 sous (taux RTP de 94% \u00e0 98%). La tendance est due au fait que des joueurs soient d\u00e9\u00e7us de ne pas r\u00e9ussir \u00e0 d\u00e9crocher des grands jackpots massifs.<br \/>\n&nbsp;<br \/>\nTrouver la machine \u00e0 sous qui paye le mieux est une question qui se pose. Pour trouver un jeu de ce genre, le mieux \u00e0 faire est de se concentrer sur une machine \u00e0 sous qui a un bon \u00e9quilibre. Il faut une balance entre le RTP, la fr\u00e9quence de paiement, et les possibilit\u00e9s de gagner un grand jackpot. Ces machines \u00e0 sous sont jouables sur les casinos en ligne list\u00e9s dans notre guide.<br \/>\n&nbsp;<br \/>\nEn ce qui concerne les jeux mis en avant par nos experts, les slots Mega Moolah et WowPot, ce sont des machines \u00e0 sous serr\u00e9es. Leurs taux RTP sont bas. Malgr\u00e9 cela ces jeux ont des options de gains sur leurs bases non progressives.<br \/>\n&nbsp;<\/p>\n","protected":false},"excerpt":{"rendered":"<p>Taux RTP &#8211; Un facteur cl\u00e9 Le taux de redistribution d&rsquo;une machine \u00e0 sous indique son potentiel de paiement. Typiquement, si vous divertir en engageant peu d&rsquo;argent est votre objectif, il faut jouer sur des machines \u00e0 sous dont le<\/p>\n","protected":false},"author":1,"featured_media":0,"parent":0,"menu_order":0,"comment_status":"closed","ping_status":"closed","template":"template-fullwidth.php","meta":{"footnotes":""},"class_list":["post-5675","page","type-page","status-publish","hentry"],"yoast_head":"<!-- This site is optimized with the Yoast SEO plugin v27.5 - https:\/\/yoast.com\/product\/yoast-seo-wordpress\/ -->\n<title>RTP d\u2018une Machine \u00e0 Sous - Taux de Redistribution<\/title>\n<meta name=\"description\" content=\"Le taux de redistribution (RTP) d\u2019une machine \u00e0 sous. Avec un RTP bas, le jackpot \u00e0 gagner est \u00e9lev\u00e9. Avec un taux haut, le jeu paye peu.\" \/>\n<meta name=\"robots\" content=\"index, follow, max-snippet:-1, max-image-preview:large, max-video-preview:-1\" \/>\n<link rel=\"canonical\" href=\"https:\/\/www.megamoolah.one\/fr\/rtp\/\" \/>\n<meta property=\"og:locale\" content=\"fr_CA\" \/>\n<meta property=\"og:type\" content=\"article\" \/>\n<meta property=\"og:title\" content=\"RTP d\u2018une Machine \u00e0 Sous - Taux de Redistribution\" \/>\n<meta property=\"og:description\" content=\"Le taux de redistribution (RTP) d\u2019une machine \u00e0 sous. Avec un RTP bas, le jackpot \u00e0 gagner est \u00e9lev\u00e9. Avec un taux haut, le jeu paye peu.\" \/>\n<meta property=\"og:url\" content=\"https:\/\/www.megamoolah.one\/fr\/rtp\/\" \/>\n<meta property=\"og:site_name\" content=\"Mega Moolah\" \/>\n<meta property=\"article:modified_time\" content=\"2021-12-15T03:55:25+00:00\" \/>\n<meta property=\"og:image\" content=\"https:\/\/www.megamoolah.one\/fr\/wp-content\/uploads\/2021\/11\/taux.jpg\" \/>\n<meta name=\"twitter:card\" content=\"summary_large_image\" \/>\n<meta name=\"twitter:label1\" content=\"Estimation du temps de lecture\" \/>\n\t<meta name=\"twitter:data1\" content=\"9 minutes\" \/>\n<script type=\"application\/ld+json\" class=\"yoast-schema-graph\">{\"@context\":\"https:\\\/\\\/schema.org\",\"@graph\":[{\"@type\":\"WebPage\",\"@id\":\"https:\\\/\\\/www.megamoolah.one\\\/fr\\\/rtp\\\/\",\"url\":\"https:\\\/\\\/www.megamoolah.one\\\/fr\\\/rtp\\\/\",\"name\":\"RTP d\u2018une Machine \u00e0 Sous - Taux de Redistribution\",\"isPartOf\":{\"@id\":\"https:\\\/\\\/www.megamoolah.one\\\/fr\\\/#website\"},\"primaryImageOfPage\":{\"@id\":\"https:\\\/\\\/www.megamoolah.one\\\/fr\\\/rtp\\\/#primaryimage\"},\"image\":{\"@id\":\"https:\\\/\\\/www.megamoolah.one\\\/fr\\\/rtp\\\/#primaryimage\"},\"thumbnailUrl\":\"https:\\\/\\\/www.megamoolah.one\\\/fr\\\/wp-content\\\/uploads\\\/2021\\\/11\\\/taux.jpg\",\"datePublished\":\"2021-11-16T12:21:41+00:00\",\"dateModified\":\"2021-12-15T03:55:25+00:00\",\"description\":\"Le taux de redistribution (RTP) d\u2019une machine \u00e0 sous. Avec un RTP bas, le jackpot \u00e0 gagner est \u00e9lev\u00e9. Avec un taux haut, le jeu paye peu.\",\"breadcrumb\":{\"@id\":\"https:\\\/\\\/www.megamoolah.one\\\/fr\\\/rtp\\\/#breadcrumb\"},\"inLanguage\":\"fr-CA\",\"potentialAction\":[{\"@type\":\"ReadAction\",\"target\":[\"https:\\\/\\\/www.megamoolah.one\\\/fr\\\/rtp\\\/\"]}]},{\"@type\":\"ImageObject\",\"inLanguage\":\"fr-CA\",\"@id\":\"https:\\\/\\\/www.megamoolah.one\\\/fr\\\/rtp\\\/#primaryimage\",\"url\":\"https:\\\/\\\/www.megamoolah.one\\\/fr\\\/wp-content\\\/uploads\\\/2021\\\/11\\\/taux.jpg\",\"contentUrl\":\"https:\\\/\\\/www.megamoolah.one\\\/fr\\\/wp-content\\\/uploads\\\/2021\\\/11\\\/taux.jpg\",\"width\":270,\"height\":168,\"caption\":\"Taux de Redistribution RTP d'une machine \u00e0 sous\"},{\"@type\":\"BreadcrumbList\",\"@id\":\"https:\\\/\\\/www.megamoolah.one\\\/fr\\\/rtp\\\/#breadcrumb\",\"itemListElement\":[{\"@type\":\"ListItem\",\"position\":1,\"name\":\"Accueil\",\"item\":\"https:\\\/\\\/www.megamoolah.one\\\/fr\\\/\"},{\"@type\":\"ListItem\",\"position\":2,\"name\":\"Taux de Redistribution &#8211; RTP des Machines \u00e0 Sous\"}]},{\"@type\":\"WebSite\",\"@id\":\"https:\\\/\\\/www.megamoolah.one\\\/fr\\\/#website\",\"url\":\"https:\\\/\\\/www.megamoolah.one\\\/fr\\\/\",\"name\":\"Mega Moolah\",\"description\":\"Offres de tours et bonus gratuits\",\"publisher\":{\"@id\":\"https:\\\/\\\/www.megamoolah.one\\\/fr\\\/#organization\"},\"potentialAction\":[{\"@type\":\"SearchAction\",\"target\":{\"@type\":\"EntryPoint\",\"urlTemplate\":\"https:\\\/\\\/www.megamoolah.one\\\/fr\\\/?s={search_term_string}\"},\"query-input\":{\"@type\":\"PropertyValueSpecification\",\"valueRequired\":true,\"valueName\":\"search_term_string\"}}],\"inLanguage\":\"fr-CA\"},{\"@type\":\"Organization\",\"@id\":\"https:\\\/\\\/www.megamoolah.one\\\/fr\\\/#organization\",\"name\":\"Mega Moolah\",\"url\":\"https:\\\/\\\/www.megamoolah.one\\\/fr\\\/\",\"logo\":{\"@type\":\"ImageObject\",\"inLanguage\":\"fr-CA\",\"@id\":\"https:\\\/\\\/www.megamoolah.one\\\/fr\\\/#\\\/schema\\\/logo\\\/image\\\/\",\"url\":\"https:\\\/\\\/www.megamoolah.one\\\/fr\\\/wp-content\\\/uploads\\\/2020\\\/04\\\/logo-one-1.jpg\",\"contentUrl\":\"https:\\\/\\\/www.megamoolah.one\\\/fr\\\/wp-content\\\/uploads\\\/2020\\\/04\\\/logo-one-1.jpg\",\"width\":390,\"height\":120,\"caption\":\"Mega Moolah\"},\"image\":{\"@id\":\"https:\\\/\\\/www.megamoolah.one\\\/fr\\\/#\\\/schema\\\/logo\\\/image\\\/\"}}]}<\/script>\n<!-- \/ Yoast SEO plugin. -->","yoast_head_json":{"title":"RTP d\u2018une Machine \u00e0 Sous - Taux de Redistribution","description":"Le taux de redistribution (RTP) d\u2019une machine \u00e0 sous. Avec un RTP bas, le jackpot \u00e0 gagner est \u00e9lev\u00e9. Avec un taux haut, le jeu paye peu.","robots":{"index":"index","follow":"follow","max-snippet":"max-snippet:-1","max-image-preview":"max-image-preview:large","max-video-preview":"max-video-preview:-1"},"canonical":"https:\/\/www.megamoolah.one\/fr\/rtp\/","og_locale":"fr_CA","og_type":"article","og_title":"RTP d\u2018une Machine \u00e0 Sous - Taux de Redistribution","og_description":"Le taux de redistribution (RTP) d\u2019une machine \u00e0 sous. Avec un RTP bas, le jackpot \u00e0 gagner est \u00e9lev\u00e9. Avec un taux haut, le jeu paye peu.","og_url":"https:\/\/www.megamoolah.one\/fr\/rtp\/","og_site_name":"Mega Moolah","article_modified_time":"2021-12-15T03:55:25+00:00","og_image":[{"url":"https:\/\/www.megamoolah.one\/fr\/wp-content\/uploads\/2021\/11\/taux.jpg","type":"","width":"","height":""}],"twitter_card":"summary_large_image","twitter_misc":{"Estimation du temps de lecture":"9 minutes"},"schema":{"@context":"https:\/\/schema.org","@graph":[{"@type":"WebPage","@id":"https:\/\/www.megamoolah.one\/fr\/rtp\/","url":"https:\/\/www.megamoolah.one\/fr\/rtp\/","name":"RTP d\u2018une Machine \u00e0 Sous - Taux de Redistribution","isPartOf":{"@id":"https:\/\/www.megamoolah.one\/fr\/#website"},"primaryImageOfPage":{"@id":"https:\/\/www.megamoolah.one\/fr\/rtp\/#primaryimage"},"image":{"@id":"https:\/\/www.megamoolah.one\/fr\/rtp\/#primaryimage"},"thumbnailUrl":"https:\/\/www.megamoolah.one\/fr\/wp-content\/uploads\/2021\/11\/taux.jpg","datePublished":"2021-11-16T12:21:41+00:00","dateModified":"2021-12-15T03:55:25+00:00","description":"Le taux de redistribution (RTP) d\u2019une machine \u00e0 sous. Avec un RTP bas, le jackpot \u00e0 gagner est \u00e9lev\u00e9. Avec un taux haut, le jeu paye peu.","breadcrumb":{"@id":"https:\/\/www.megamoolah.one\/fr\/rtp\/#breadcrumb"},"inLanguage":"fr-CA","potentialAction":[{"@type":"ReadAction","target":["https:\/\/www.megamoolah.one\/fr\/rtp\/"]}]},{"@type":"ImageObject","inLanguage":"fr-CA","@id":"https:\/\/www.megamoolah.one\/fr\/rtp\/#primaryimage","url":"https:\/\/www.megamoolah.one\/fr\/wp-content\/uploads\/2021\/11\/taux.jpg","contentUrl":"https:\/\/www.megamoolah.one\/fr\/wp-content\/uploads\/2021\/11\/taux.jpg","width":270,"height":168,"caption":"Taux de Redistribution RTP d'une machine \u00e0 sous"},{"@type":"BreadcrumbList","@id":"https:\/\/www.megamoolah.one\/fr\/rtp\/#breadcrumb","itemListElement":[{"@type":"ListItem","position":1,"name":"Accueil","item":"https:\/\/www.megamoolah.one\/fr\/"},{"@type":"ListItem","position":2,"name":"Taux de Redistribution &#8211; RTP des Machines \u00e0 Sous"}]},{"@type":"WebSite","@id":"https:\/\/www.megamoolah.one\/fr\/#website","url":"https:\/\/www.megamoolah.one\/fr\/","name":"Mega Moolah","description":"Offres de tours et bonus gratuits","publisher":{"@id":"https:\/\/www.megamoolah.one\/fr\/#organization"},"potentialAction":[{"@type":"SearchAction","target":{"@type":"EntryPoint","urlTemplate":"https:\/\/www.megamoolah.one\/fr\/?s={search_term_string}"},"query-input":{"@type":"PropertyValueSpecification","valueRequired":true,"valueName":"search_term_string"}}],"inLanguage":"fr-CA"},{"@type":"Organization","@id":"https:\/\/www.megamoolah.one\/fr\/#organization","name":"Mega Moolah","url":"https:\/\/www.megamoolah.one\/fr\/","logo":{"@type":"ImageObject","inLanguage":"fr-CA","@id":"https:\/\/www.megamoolah.one\/fr\/#\/schema\/logo\/image\/","url":"https:\/\/www.megamoolah.one\/fr\/wp-content\/uploads\/2020\/04\/logo-one-1.jpg","contentUrl":"https:\/\/www.megamoolah.one\/fr\/wp-content\/uploads\/2020\/04\/logo-one-1.jpg","width":390,"height":120,"caption":"Mega Moolah"},"image":{"@id":"https:\/\/www.megamoolah.one\/fr\/#\/schema\/logo\/image\/"}}]}},"_links":{"self":[{"href":"https:\/\/www.megamoolah.one\/fr\/wp-json\/wp\/v2\/pages\/5675","targetHints":{"allow":["GET"]}}],"collection":[{"href":"https:\/\/www.megamoolah.one\/fr\/wp-json\/wp\/v2\/pages"}],"about":[{"href":"https:\/\/www.megamoolah.one\/fr\/wp-json\/wp\/v2\/types\/page"}],"author":[{"embeddable":true,"href":"https:\/\/www.megamoolah.one\/fr\/wp-json\/wp\/v2\/users\/1"}],"replies":[{"embeddable":true,"href":"https:\/\/www.megamoolah.one\/fr\/wp-json\/wp\/v2\/comments?post=5675"}],"version-history":[{"count":61,"href":"https:\/\/www.megamoolah.one\/fr\/wp-json\/wp\/v2\/pages\/5675\/revisions"}],"predecessor-version":[{"id":5780,"href":"https:\/\/www.megamoolah.one\/fr\/wp-json\/wp\/v2\/pages\/5675\/revisions\/5780"}],"wp:attachment":[{"href":"https:\/\/www.megamoolah.one\/fr\/wp-json\/wp\/v2\/media?parent=5675"}],"curies":[{"name":"wp","href":"https:\/\/api.w.org\/{rel}","templated":true}]}}