{"id":5539,"date":"2021-10-27T04:05:13","date_gmt":"2021-10-27T04:05:13","guid":{"rendered":"https:\/\/www.megamoolah.one\/fr\/?page_id=5539"},"modified":"2024-01-29T03:54:49","modified_gmt":"2024-01-29T03:54:49","slug":"wowpot-serie","status":"publish","type":"page","link":"https:\/\/www.megamoolah.one\/fr\/wowpot-serie\/","title":{"rendered":"WowPot S\u00e9rie"},"content":{"rendered":"<div class=\"su-row\"><div class=\"su-column su-column-size-1-2\"><div class=\"su-column-inner su-u-clearfix su-u-trim\">Les jeux WowPot sont des machines \u00e0 sous en ligne progressives fournies par Microgaming. La premi\u00e8re version de la s\u00e9rie a \u00e9t\u00e9 lanc\u00e9e en f\u00e9vrier 2020.<br \/>\n&nbsp;<br \/>\nAujourd&rsquo;hui en 2026 on compte <strong>10 titres WowPot<\/strong> mis \u00e0 disposition par l&rsquo;\u00e9diteur Microgaming. Ces slots d&rsquo;un nouveau genre ressemblent aux <a title=\"jeux du Mega Moolah\" href=\"https:\/\/www.megamoolah.one\/fr\/saga\/\">jeux du Mega Moolah<\/a>, mais il y a une diff\u00e9rence au niveau des deux grands prix \u00e0 gagner.<br \/>\n&nbsp;<br \/>\n<strong>Les slots WowPot font gagner plus de 50&rsquo;000 et 2 millions de dollars sur les segments Major et WowPot !<\/strong> Comparativement au Mega Moolah, c&rsquo;est beaucoup plus.<\/div><\/div>\n<div class=\"su-column su-column-size-1-2\"><div class=\"su-column-inner su-u-clearfix su-u-trim\">\n<img loading=\"lazy\" decoding=\"async\" title=\"Jackpots des machines \u00e0 sous WowPot\" src=\"https:\/\/www.megamoolah.one\/fr\/wp-content\/uploads\/2021\/10\/jackpots.jpg\" alt=\"Jackpots des machines \u00e0 sous WowPot\" width=\"420\" height=\"245\" class=\"aligncenter size-full wp-image-5566\" srcset=\"https:\/\/www.megamoolah.one\/fr\/wp-content\/uploads\/2021\/10\/jackpots.jpg 420w, https:\/\/www.megamoolah.one\/fr\/wp-content\/uploads\/2021\/10\/jackpots-300x175.jpg 300w\" sizes=\"auto, (max-width: 420px) 100vw, 420px\" \/><br \/>\n<\/div><\/div><\/div>\n<h2>Machines \u00e0 sous WowPot<\/h2>\n<div class=\"su-row\"><div class=\"su-column su-column-size-1-2\"><div class=\"su-column-inner su-u-clearfix su-u-trim\">\nLe r\u00e9seau de la s\u00e9rie WowPot compte 10 machines \u00e0 sous aux th\u00e8mes diff\u00e9rents. Chaque slot a ses propres options de paris. Le point commun entre les 10 jeux WowPot est que la roue bonus \u00e0 l&rsquo;affiche a les m\u00eames valeurs de pots. La roue bonus est compos\u00e9e de 20 segments et de 4 prix \u00e0 gagner. Le prix le plus convoit\u00e9 est le WowPot de plus de 2 millions. Quant aux autres pots, les jackpots Major, Minor et Mini, ils ont des graines de 50&rsquo;000$, 100$ et 10$ qui grandissent \u00e0 chaque mise.<br \/>\n<\/div><\/div>\n<div class=\"su-column su-column-size-1-2\"><div class=\"su-column-inner su-u-clearfix su-u-trim\">\n<div align=center><a title=\"Spin Casino\" class=\"mm\" href=\"https:\/\/www.megamoolah.one\/spinfr\" rel=\"noopener\" target=\"_blank\"><img loading=\"lazy\" decoding=\"async\" src=\"https:\/\/www.megamoolah.one\/fr\/wp-content\/uploads\/2022\/03\/spin.jpg\" alt=\"Spin Casino bonus WowPot\" width=\"420\" height=\"224\" class=\"aligncenter size-full wp-image-5879\" srcset=\"https:\/\/www.megamoolah.one\/fr\/wp-content\/uploads\/2022\/03\/spin.jpg 420w, https:\/\/www.megamoolah.one\/fr\/wp-content\/uploads\/2022\/03\/spin-300x160.jpg 300w\" sizes=\"auto, (max-width: 420px) 100vw, 420px\" \/>VISITER SPIN CASINO<\/a><\/div>\n<\/div><\/div><\/div>\nToutes les slots de la s\u00e9rie sont jouables sur PC, Apple, tablettes et Smartphones. Jouables sur des casinos en ligne de renomm\u00e9e, c&rsquo;est chez <strong>Spin Casino<\/strong> que l&rsquo;on vous recommande de jouer sur les slots WowPot. La salle de jeux est \u00e9quip\u00e9e de tous les titres de la s\u00e9rie. Au programme du casino il y a des bonus g\u00e9n\u00e9reux de bienvenue.<br \/>\n&nbsp;<\/p>\n<h2>Les 10 slots WowPot<\/h2>\n<p>D\u00e9couvrir ci-dessous toutes les slots de la s\u00e9rie ! Le classement a \u00e9t\u00e9 r\u00e9alis\u00e9 par date de sortie.<br \/>\n<div class=\"su-divider su-divider-style-dotted\" style=\"margin:10px 0;border-width:4px;border-color:#ccc\"><\/div>\n<h3>#1. Wheel of Wishes<\/h3>\n<div class=\"su-row\"><div class=\"su-column su-column-size-1-2\"><div class=\"su-column-inner su-u-clearfix su-u-trim\">\nLanc\u00e9e en f\u00e9vrier 2020, Wheel of Wishes a marqu\u00e9 le d\u00e9but des slots WowPot. En \u00e0 peine quelques jours la machine \u00e0 sous a eu un large succ\u00e8s. Du coup l&rsquo;\u00e9diteur Microgaming a d\u00e9cid\u00e9 de d\u00e9velopper le concept en proposant des nouveaux titres.<br \/>\n<\/div><\/div>\n<div class=\"su-column su-column-size-1-2\"><div class=\"su-column-inner su-u-clearfix su-u-trim\">\n<table>\n<tbody>\n<tr>\n<td width=50%>Logiciel<\/td>\n<td width=50%>Alchemy Gaming<\/td>\n<\/tr>\n<tr>\n<td width=50%>Mises min et max<\/td>\n<td width=50%>De 20\u00a2 \u00e0 200$<\/td>\n<\/tr>\n<tr>\n<td width=50%>RTP<\/td>\n<td width=50%>93,34%<\/td>\n<\/tr>\n<\/tbody>\n<\/table>\n<\/div><\/div><\/div>\n<div class=\"su-divider su-divider-style-dotted\" style=\"margin:10px 0;border-width:4px;border-color:#ccc\"><\/div>\n<h3>#2. Book of Atem WowPot<\/h3>\n<div class=\"su-row\"><div class=\"su-column su-column-size-1-2\"><div class=\"su-column-inner su-u-clearfix su-u-trim\">\nLa deuxi\u00e8me slot de la s\u00e9rie, et aussi celle qui a revers\u00e9 les plus gros jackpots. Book of Atem est la slot WowPot qui a le taux de reversement le plus haut. C&rsquo;est donc cette machine \u00e0 sous qui offre le plus de chances de rafler le jackpot.<br \/>\n<\/div><\/div>\n<div class=\"su-column su-column-size-1-2\"><div class=\"su-column-inner su-u-clearfix su-u-trim\">\n<table>\n<tbody>\n<tr>\n<td width=50%>Logiciel<\/td>\n<td width=50%>All 41 Studios<\/td>\n<\/tr>\n<tr>\n<td width=50%>Mises min et max<\/td>\n<td width=50%>De 10\u00a2 \u00e0 25$<\/td>\n<\/tr>\n<tr>\n<td width=50%>RTP<\/td>\n<td width=50%>93,50%<\/td>\n<\/tr>\n<\/tbody>\n<\/table>\n<\/div><\/div><\/div>\n<div class=\"su-divider su-divider-style-dotted\" style=\"margin:10px 0;border-width:4px;border-color:#ccc\"><\/div>\n<h3>#3. Sisters of Oz WowPot<\/h3>\n<div class=\"su-row\"><div class=\"su-column su-column-size-1-2\"><div class=\"su-column-inner su-u-clearfix su-u-trim\">\nLa machine \u00e0 sous Sisters of Oz WowPot est magnifique ! Les graphismes sont impressionnants, tout comme les options de paris qui sont les plus \u00e9lev\u00e9es de la s\u00e9rie. Book of Oz est le symbole Wild du jeu, et c&rsquo;est aussi le Scatter.<br \/>\n<\/div><\/div>\n<div class=\"su-column su-column-size-1-2\"><div class=\"su-column-inner su-u-clearfix su-u-trim\">\n<table>\n<tbody>\n<tr>\n<td width=50%>Logiciel<\/td>\n<td width=50%>Triple Edge Studios<\/td>\n<\/tr>\n<tr>\n<td width=50%>Mises min et max<\/td>\n<td width=50%>De 20\u00a2 \u00e0 300$<\/td>\n<\/tr>\n<tr>\n<td>RTP<\/td>\n<td>92,00%<\/td>\n<\/tr>\n<\/tbody>\n<\/table>\n<\/div><\/div><\/div>\n<div class=\"su-divider su-divider-style-dotted\" style=\"margin:10px 0;border-width:4px;border-color:#ccc\"><\/div>\n<h3>#4. Queen of Alexandria WowPot<\/h3>\n<div class=\"su-row\"><div class=\"su-column su-column-size-1-2\"><div class=\"su-column-inner su-u-clearfix su-u-trim\">\nComme la slot Book of Atem, Queen of Alexandria WowPot s&rsquo;inspire de l\u2019Egypte Ancienne. Avec des grands prix \u00e0 gagner sur toutes sortes de paris, la slot machine attire des joueurs venus de partout. La base du jeu offre des belles options de gains en cours de partie.<br \/>\n<\/div><\/div>\n<div class=\"su-column su-column-size-1-2\"><div class=\"su-column-inner su-u-clearfix su-u-trim\">\n<table>\n<tbody>\n<tr>\n<td width=50%>Logiciel<\/td>\n<td width=50%>Neon Valley Studios<\/td>\n<\/tr>\n<tr>\n<td width=50%>Mises min et max<\/td>\n<td width=50%>De 10\u00a2 \u00e0 200$<\/td>\n<\/tr>\n<tr>\n<td>RTP<\/td>\n<td>92,50%<\/td>\n<\/tr>\n<\/tbody>\n<\/table>\n<\/div><\/div><\/div>\n<div class=\"su-divider su-divider-style-dotted\" style=\"margin:10px 0;border-width:4px;border-color:#ccc\"><\/div>\n<h3>#5. Sherlock et Moriarty WowPot<\/h3>\n<div class=\"su-row\"><div class=\"su-column su-column-size-1-2\"><div class=\"su-column-inner su-u-clearfix su-u-trim\">\nCertainement la plus originale des machines \u00e0 sous WowPot. Cette version du jeu plait beaucoup, et nombreux sont les joueurs qui y ont gagn\u00e9 des belles cagnottes sur les segments Major de la roue bonus.<br \/>\n<\/div><\/div>\n<div class=\"su-column su-column-size-1-2\"><div class=\"su-column-inner su-u-clearfix su-u-trim\">\n<table>\n<tbody>\n<tr>\n<td width=50%>Logiciel<\/td>\n<td width=50%>JustForTheWin<\/td>\n<\/tr>\n<tr>\n<td width=50%>Mises min et max<\/td>\n<td width=50%>De 10\u00a2 \u00e0 100$<\/td>\n<\/tr>\n<tr>\n<td width=50%>RTP<\/td>\n<td width=50%>92,10%<\/td>\n<\/tr>\n<\/tbody>\n<\/table>\n<\/div><\/div><\/div>\n<div class=\"su-divider su-divider-style-dotted\" style=\"margin:10px 0;border-width:4px;border-color:#ccc\"><\/div>\n<h3>#6. Blazing Diamonds WowPot<\/h3>\n<div class=\"su-row\"><div class=\"su-column su-column-size-1-2\"><div class=\"su-column-inner su-u-clearfix su-u-trim\">\nDes diamants scintillants, et du feu ! La slot machine Blazing Diamonds WowPot est la version de la s\u00e9rie qui offre les plus gros gains sur la base du jeu. Il y aussi, bien s\u00fbr, des options qui d\u00e9clenchent la roue bonus avec \u00e0 la cl\u00e9 des chances de remporter le premier prix.<br \/>\n<\/div><\/div>\n<div class=\"su-column su-column-size-1-2\"><div class=\"su-column-inner su-u-clearfix su-u-trim\">\n<table>\n<tbody>\n<tr>\n<td width=50%>Logiciel<\/td>\n<td width=50%>SpinPlay Games<\/td>\n<\/tr>\n<tr>\n<td width=50%>Mises min et max<\/td>\n<td width=50%>De 25\u00a2 \u00e0 25$<\/td>\n<\/tr>\n<tr>\n<td width=50%>RTP<\/td>\n<td width=50%>93,30%<\/td>\n<\/tr>\n<\/tbody>\n<\/table>\n<\/div><\/div><\/div>\n<div class=\"su-divider su-divider-style-dotted\" style=\"margin:10px 0;border-width:4px;border-color:#ccc\"><\/div>\n<h3>#7. Ancient Fortunes Poseidon WowPot Megaways<\/h3>\n<div class=\"su-row\"><div class=\"su-column su-column-size-1-2\"><div class=\"su-column-inner su-u-clearfix su-u-trim\">\nUne nouvelle fa\u00e7on de jouer est propos\u00e9e sur la machine \u00e0 sous Ancient Fortunes Poseidon WowPot. En effet, le concept du jeu est greff\u00e9 au m\u00e9canisme Megaways. Le Megaways d\u00e9ploie une multitude de combinaisons gagnantes en cours de partie.<br \/>\n<\/div><\/div>\n<div class=\"su-column su-column-size-1-2\"><div class=\"su-column-inner su-u-clearfix su-u-trim\">\n<table>\n<tbody>\n<tr>\n<td width=50%>Logiciel<\/td>\n<td width=50%>Triple Edge Studios<\/td>\n<\/tr>\n<tr>\n<td width=50%>Mises min et max<\/td>\n<td width=50%>De 10\u00a2 \u00e0 20$<\/td>\n<\/tr>\n<tr>\n<td width=50%>RTP<\/td>\n<td width=50%>92,23%<\/td>\n<\/tr>\n<\/tbody>\n<\/table>\n<\/div><\/div><\/div>\n<div class=\"su-divider su-divider-style-dotted\" style=\"margin:10px 0;border-width:4px;border-color:#ccc\"><\/div>\n<h3>#8. Cash N Riches WowPot Megaways<\/h3>\n<div class=\"su-row\"><div class=\"su-column su-column-size-1-2\"><div class=\"su-column-inner su-u-clearfix su-u-trim\">\nUne version WowPot customis\u00e9e du syst\u00e8me Megaways. Avec 117\u2019649 lignes de paiement, et des gains max de 18\u2019164 fois sur la base du jeu, Cash N Riches est depuis juin 2022 un titre phare de la s\u00e9rie.<\/div><\/div>\n<div class=\"su-column su-column-size-1-2\"><div class=\"su-column-inner su-u-clearfix su-u-trim\">\n<table>\n<tbody>\n<tr>\n<td width=50%>Logiciel<\/td>\n<td width=50%>Triple Edge Studios<\/td>\n<\/tr>\n<tr>\n<td width=50%>Mises min et max<\/td>\n<td width=50%>De 10\u00a2 \u00e0 20$<\/td>\n<\/tr>\n<tr>\n<td width=50%>RTP<\/td>\n<td width=50%>92,23%<\/td>\n<\/tr>\n<\/tbody>\n<\/table>\n<\/div><\/div><\/div>\n<div class=\"su-divider su-divider-style-dotted\" style=\"margin:10px 0;border-width:4px;border-color:#ccc\"><\/div>\n<h3>#9. Wolf Blaze WowPot Megaways<\/h3>\n<div class=\"su-row\"><div class=\"su-column su-column-size-1-2\"><div class=\"su-column-inner su-u-clearfix su-u-trim\">\nLe jeu WowPot offrant les plus grandes sommes d&rsquo;argent \u00e0 gagner sur la base non progressive de la machine \u00e0 sous. En misant 20$ par tour, \u00e7a peut payer jusqu&rsquo;\u00e0 18&rsquo;720 la mise gr\u00e2ce aux bonus des tours gratuits.<\/div><\/div>\n<div class=\"su-column su-column-size-1-2\"><div class=\"su-column-inner su-u-clearfix su-u-trim\">\n<table>\n<tbody>\n<tr>\n<td width=50%>Logiciel<\/td>\n<td width=50%>Fortune Factory Studios<\/td>\n<\/tr>\n<tr>\n<td width=50%>Mises min et max<\/td>\n<td width=50%>De 10\u00a2 \u00e0 20$<\/td>\n<\/tr>\n<tr>\n<td width=50%>RTP<\/td>\n<td width=50%>86,93%<\/td>\n<\/tr>\n<\/tbody>\n<\/table>\n<\/div><\/div><\/div>\n<div class=\"su-divider su-divider-style-dotted\" style=\"margin:10px 0;border-width:4px;border-color:#ccc\"><\/div>\n<h3>#10. The Finer Reels of Life WowPot<\/h3>\n<div class=\"su-row\"><div class=\"su-column su-column-size-1-2\"><div class=\"su-column-inner su-u-clearfix su-u-trim\">\nDes diamants, du champagne et des gains de folie vous attendent sur la vid\u00e9o slot d\u00e9di\u00e9e au luxe. Des chances de gagner 8100 fois la mise sur toutes les hauteurs de paris. <\/div><\/div>\n<div class=\"su-column su-column-size-1-2\"><div class=\"su-column-inner su-u-clearfix su-u-trim\">\n<table>\n<tbody>\n<tr>\n<td width=50%>Logiciel<\/td>\n<td width=50%>Games Global<\/td>\n<\/tr>\n<tr>\n<td width=50%>Mises min et max<\/td>\n<td width=50%>De 30\u00a2 \u00e0 24$<\/td>\n<\/tr>\n<tr>\n<td width=50%>RTP<\/td>\n<td width=50%>92,01%<\/td>\n<\/tr>\n<\/tbody>\n<\/table>\n<\/div><\/div><\/div>\n<div class=\"su-divider su-divider-style-dotted\" style=\"margin:10px 0;border-width:4px;border-color:#ccc\"><\/div>\n<h2 id=\"gagnants\">Jackpot record gagn\u00e9<\/h2>\n<p>Des grands jackpots ont \u00e9t\u00e9 gagn\u00e9 sur les machines \u00e0 sous WowPot ! Le plus impressionnant des gains a \u00e9t\u00e9 de <strong>42,149,180$<\/strong>.<br \/>\n&nbsp;<br \/>\nCe jackpot a \u00e9t\u00e9 pris par l&rsquo;un des joueurs les plus chanceux au monde. Ce pot de folie a \u00e9t\u00e9 d\u00e9croch\u00e9 le 20 d\u00e9cembre 2023.<br \/>\n&nbsp;<br \/>\nD&rsquo;autres gains cons\u00e9quents ont \u00e9t\u00e9 gagn\u00e9s sur les roues bonus. En effet, comme la graine du WowPot commence \u00e0 2 millions, lors de victoires, ce sont des millions qui sont pay\u00e9s aux vainqueurs.<\/p>\n<h2>Jackpots sur les segments Major des roues<\/h2>\n<p>D&rsquo;autres gains significatifs ont \u00e9t\u00e9 r\u00e9alis\u00e9s sur la s\u00e9rie des slots WowPot. C&rsquo;est sur les segments Major des roues bonus qu&rsquo;il y a eu une grande quantit\u00e9 de gagnants. Les plus petits Major gains ont \u00e9t\u00e9 de 50&rsquo;000 dollars, et le plus gros a d\u00e9pass\u00e9 le million. Entre les deux, d&rsquo;autres gains massifs d&rsquo;environ 300&rsquo;000 dollars ont \u00e9t\u00e9 d\u00e9croch\u00e9s.<\/p>\n<h2>Astuces pour booster les chances de gagner<\/h2>\n<p>Le seul truc efficace pour tenter de gagner le jackpot WowPot sur l&rsquo;une des roues de la s\u00e9rie est de faire des paris max. En effet, le g\u00e9n\u00e9rateur de nombre al\u00e9atoires des slots favorise les gros paris. Toutefois il est possible de rafler le gros lot avec des paris interm\u00e9diaires.<br \/>\n&nbsp;<br \/>\nNotez que ce n&rsquo;est pas avec les paris les plus bas qu&rsquo;il faut esp\u00e9rer d\u00e9crocher la lune ! En effet, contrairement aux machines \u00e0 sous Mega Moolah o\u00f9 il est possible de gagner gros en optant pour des paris de 0,25 par tour, sur les WowPot, il est pr\u00e9f\u00e9rable de passer \u00e0 la vitesse sup\u00e9rieure. Typiquement, sur les machines \u00e0 sous WowPot il vaut mieux miser au moins 2 dollars par tour pour rafler le premier prix.<br \/>\n&nbsp;<br \/>\nFaites tout de m\u00eame attention avec votre budget ! Se lancer sur une machine \u00e0 sous WowPot demande tout de m\u00eame de miser gros. Afin de ne pas jouer au-dessus de vos moyens financiers, pensez-toujours \u00e0 ne pas engager des mille et des cents.<\/p>\n<h2>Mots de la r\u00e9daction<\/h2>\n<p>Il ne serait pas envisageable de ne pas parler des jeux de la s\u00e9rie WowPot sur <a title=\"Mega Moolah One\" href=\"https:\/\/www.megamoolah.one\/fr\/\">Mega Moolah One<\/a>. En effet, ces machines \u00e0 sous sont de plus en plus jou\u00e9es. De plus il est fort possible, dans un avenir proche, que ces slots calibr\u00e9es avec un m\u00e9ga jackpot dont la graine est de 2 millions prennent le dessus sur la s\u00e9rie Mega Moolah.<br \/>\n&nbsp;<\/p>\n","protected":false},"excerpt":{"rendered":"<p>Machines \u00e0 sous WowPot Toutes les slots de la s\u00e9rie sont jouables sur PC, Apple, tablettes et Smartphones. Jouables sur des casinos en ligne de renomm\u00e9e, c&rsquo;est chez Spin Casino que l&rsquo;on vous recommande de jouer sur les slots WowPot.<\/p>\n","protected":false},"author":1,"featured_media":0,"parent":0,"menu_order":0,"comment_status":"closed","ping_status":"closed","template":"","meta":{"footnotes":""},"class_list":["post-5539","page","type-page","status-publish","hentry"],"yoast_head":"<!-- This site is optimized with the Yoast SEO plugin v27.5 - https:\/\/yoast.com\/product\/yoast-seo-wordpress\/ -->\n<title>WowPot Machines \u00e0 Sous - Bonus et Jackpot +2 Millions \u00e0 Gagner<\/title>\n<meta name=\"description\" content=\"Les machines \u00e0 sous WowPot ont un jackpot de plus de 2 millions \u00e0 gagner. D\u00e9couvrir les 10 slots de la s\u00e9rie ! Et aussi une offre de bonus.\" \/>\n<meta name=\"robots\" content=\"index, follow, max-snippet:-1, max-image-preview:large, max-video-preview:-1\" \/>\n<link rel=\"canonical\" href=\"https:\/\/www.megamoolah.one\/fr\/wowpot-serie\/\" \/>\n<meta property=\"og:locale\" content=\"fr_CA\" \/>\n<meta property=\"og:type\" content=\"article\" \/>\n<meta property=\"og:title\" content=\"WowPot Machines \u00e0 Sous - Bonus et Jackpot +2 Millions \u00e0 Gagner\" \/>\n<meta property=\"og:description\" content=\"Les machines \u00e0 sous WowPot ont un jackpot de plus de 2 millions \u00e0 gagner. D\u00e9couvrir les 10 slots de la s\u00e9rie ! Et aussi une offre de bonus.\" \/>\n<meta property=\"og:url\" content=\"https:\/\/www.megamoolah.one\/fr\/wowpot-serie\/\" \/>\n<meta property=\"og:site_name\" content=\"Mega Moolah\" \/>\n<meta property=\"article:modified_time\" content=\"2024-01-29T03:54:49+00:00\" \/>\n<meta property=\"og:image\" content=\"https:\/\/www.megamoolah.one\/fr\/wp-content\/uploads\/2021\/10\/jackpots.jpg\" \/>\n<meta name=\"twitter:card\" content=\"summary_large_image\" \/>\n<meta name=\"twitter:label1\" content=\"Estimation du temps de lecture\" \/>\n\t<meta name=\"twitter:data1\" content=\"8 minutes\" \/>\n<script type=\"application\/ld+json\" class=\"yoast-schema-graph\">{\"@context\":\"https:\\\/\\\/schema.org\",\"@graph\":[{\"@type\":\"WebPage\",\"@id\":\"https:\\\/\\\/www.megamoolah.one\\\/fr\\\/wowpot-serie\\\/\",\"url\":\"https:\\\/\\\/www.megamoolah.one\\\/fr\\\/wowpot-serie\\\/\",\"name\":\"WowPot Machines \u00e0 Sous - Bonus et Jackpot +2 Millions \u00e0 Gagner\",\"isPartOf\":{\"@id\":\"https:\\\/\\\/www.megamoolah.one\\\/fr\\\/#website\"},\"primaryImageOfPage\":{\"@id\":\"https:\\\/\\\/www.megamoolah.one\\\/fr\\\/wowpot-serie\\\/#primaryimage\"},\"image\":{\"@id\":\"https:\\\/\\\/www.megamoolah.one\\\/fr\\\/wowpot-serie\\\/#primaryimage\"},\"thumbnailUrl\":\"https:\\\/\\\/www.megamoolah.one\\\/fr\\\/wp-content\\\/uploads\\\/2021\\\/10\\\/jackpots.jpg\",\"datePublished\":\"2021-10-27T04:05:13+00:00\",\"dateModified\":\"2024-01-29T03:54:49+00:00\",\"description\":\"Les machines \u00e0 sous WowPot ont un jackpot de plus de 2 millions \u00e0 gagner. D\u00e9couvrir les 10 slots de la s\u00e9rie ! Et aussi une offre de bonus.\",\"breadcrumb\":{\"@id\":\"https:\\\/\\\/www.megamoolah.one\\\/fr\\\/wowpot-serie\\\/#breadcrumb\"},\"inLanguage\":\"fr-CA\",\"potentialAction\":[{\"@type\":\"ReadAction\",\"target\":[\"https:\\\/\\\/www.megamoolah.one\\\/fr\\\/wowpot-serie\\\/\"]}]},{\"@type\":\"ImageObject\",\"inLanguage\":\"fr-CA\",\"@id\":\"https:\\\/\\\/www.megamoolah.one\\\/fr\\\/wowpot-serie\\\/#primaryimage\",\"url\":\"https:\\\/\\\/www.megamoolah.one\\\/fr\\\/wp-content\\\/uploads\\\/2021\\\/10\\\/jackpots.jpg\",\"contentUrl\":\"https:\\\/\\\/www.megamoolah.one\\\/fr\\\/wp-content\\\/uploads\\\/2021\\\/10\\\/jackpots.jpg\",\"width\":420,\"height\":245,\"caption\":\"Jackpots des machines \u00e0 sous WowPot\"},{\"@type\":\"BreadcrumbList\",\"@id\":\"https:\\\/\\\/www.megamoolah.one\\\/fr\\\/wowpot-serie\\\/#breadcrumb\",\"itemListElement\":[{\"@type\":\"ListItem\",\"position\":1,\"name\":\"Accueil\",\"item\":\"https:\\\/\\\/www.megamoolah.one\\\/fr\\\/\"},{\"@type\":\"ListItem\",\"position\":2,\"name\":\"WowPot S\u00e9rie\"}]},{\"@type\":\"WebSite\",\"@id\":\"https:\\\/\\\/www.megamoolah.one\\\/fr\\\/#website\",\"url\":\"https:\\\/\\\/www.megamoolah.one\\\/fr\\\/\",\"name\":\"Mega Moolah\",\"description\":\"Offres de tours et bonus gratuits\",\"publisher\":{\"@id\":\"https:\\\/\\\/www.megamoolah.one\\\/fr\\\/#organization\"},\"potentialAction\":[{\"@type\":\"SearchAction\",\"target\":{\"@type\":\"EntryPoint\",\"urlTemplate\":\"https:\\\/\\\/www.megamoolah.one\\\/fr\\\/?s={search_term_string}\"},\"query-input\":{\"@type\":\"PropertyValueSpecification\",\"valueRequired\":true,\"valueName\":\"search_term_string\"}}],\"inLanguage\":\"fr-CA\"},{\"@type\":\"Organization\",\"@id\":\"https:\\\/\\\/www.megamoolah.one\\\/fr\\\/#organization\",\"name\":\"Mega Moolah\",\"url\":\"https:\\\/\\\/www.megamoolah.one\\\/fr\\\/\",\"logo\":{\"@type\":\"ImageObject\",\"inLanguage\":\"fr-CA\",\"@id\":\"https:\\\/\\\/www.megamoolah.one\\\/fr\\\/#\\\/schema\\\/logo\\\/image\\\/\",\"url\":\"https:\\\/\\\/www.megamoolah.one\\\/fr\\\/wp-content\\\/uploads\\\/2020\\\/04\\\/logo-one-1.jpg\",\"contentUrl\":\"https:\\\/\\\/www.megamoolah.one\\\/fr\\\/wp-content\\\/uploads\\\/2020\\\/04\\\/logo-one-1.jpg\",\"width\":390,\"height\":120,\"caption\":\"Mega Moolah\"},\"image\":{\"@id\":\"https:\\\/\\\/www.megamoolah.one\\\/fr\\\/#\\\/schema\\\/logo\\\/image\\\/\"}}]}<\/script>\n<!-- \/ Yoast SEO plugin. -->","yoast_head_json":{"title":"WowPot Machines \u00e0 Sous - Bonus et Jackpot +2 Millions \u00e0 Gagner","description":"Les machines \u00e0 sous WowPot ont un jackpot de plus de 2 millions \u00e0 gagner. D\u00e9couvrir les 10 slots de la s\u00e9rie ! Et aussi une offre de bonus.","robots":{"index":"index","follow":"follow","max-snippet":"max-snippet:-1","max-image-preview":"max-image-preview:large","max-video-preview":"max-video-preview:-1"},"canonical":"https:\/\/www.megamoolah.one\/fr\/wowpot-serie\/","og_locale":"fr_CA","og_type":"article","og_title":"WowPot Machines \u00e0 Sous - Bonus et Jackpot +2 Millions \u00e0 Gagner","og_description":"Les machines \u00e0 sous WowPot ont un jackpot de plus de 2 millions \u00e0 gagner. D\u00e9couvrir les 10 slots de la s\u00e9rie ! Et aussi une offre de bonus.","og_url":"https:\/\/www.megamoolah.one\/fr\/wowpot-serie\/","og_site_name":"Mega Moolah","article_modified_time":"2024-01-29T03:54:49+00:00","og_image":[{"url":"https:\/\/www.megamoolah.one\/fr\/wp-content\/uploads\/2021\/10\/jackpots.jpg","type":"","width":"","height":""}],"twitter_card":"summary_large_image","twitter_misc":{"Estimation du temps de lecture":"8 minutes"},"schema":{"@context":"https:\/\/schema.org","@graph":[{"@type":"WebPage","@id":"https:\/\/www.megamoolah.one\/fr\/wowpot-serie\/","url":"https:\/\/www.megamoolah.one\/fr\/wowpot-serie\/","name":"WowPot Machines \u00e0 Sous - Bonus et Jackpot +2 Millions \u00e0 Gagner","isPartOf":{"@id":"https:\/\/www.megamoolah.one\/fr\/#website"},"primaryImageOfPage":{"@id":"https:\/\/www.megamoolah.one\/fr\/wowpot-serie\/#primaryimage"},"image":{"@id":"https:\/\/www.megamoolah.one\/fr\/wowpot-serie\/#primaryimage"},"thumbnailUrl":"https:\/\/www.megamoolah.one\/fr\/wp-content\/uploads\/2021\/10\/jackpots.jpg","datePublished":"2021-10-27T04:05:13+00:00","dateModified":"2024-01-29T03:54:49+00:00","description":"Les machines \u00e0 sous WowPot ont un jackpot de plus de 2 millions \u00e0 gagner. D\u00e9couvrir les 10 slots de la s\u00e9rie ! Et aussi une offre de bonus.","breadcrumb":{"@id":"https:\/\/www.megamoolah.one\/fr\/wowpot-serie\/#breadcrumb"},"inLanguage":"fr-CA","potentialAction":[{"@type":"ReadAction","target":["https:\/\/www.megamoolah.one\/fr\/wowpot-serie\/"]}]},{"@type":"ImageObject","inLanguage":"fr-CA","@id":"https:\/\/www.megamoolah.one\/fr\/wowpot-serie\/#primaryimage","url":"https:\/\/www.megamoolah.one\/fr\/wp-content\/uploads\/2021\/10\/jackpots.jpg","contentUrl":"https:\/\/www.megamoolah.one\/fr\/wp-content\/uploads\/2021\/10\/jackpots.jpg","width":420,"height":245,"caption":"Jackpots des machines \u00e0 sous WowPot"},{"@type":"BreadcrumbList","@id":"https:\/\/www.megamoolah.one\/fr\/wowpot-serie\/#breadcrumb","itemListElement":[{"@type":"ListItem","position":1,"name":"Accueil","item":"https:\/\/www.megamoolah.one\/fr\/"},{"@type":"ListItem","position":2,"name":"WowPot S\u00e9rie"}]},{"@type":"WebSite","@id":"https:\/\/www.megamoolah.one\/fr\/#website","url":"https:\/\/www.megamoolah.one\/fr\/","name":"Mega Moolah","description":"Offres de tours et bonus gratuits","publisher":{"@id":"https:\/\/www.megamoolah.one\/fr\/#organization"},"potentialAction":[{"@type":"SearchAction","target":{"@type":"EntryPoint","urlTemplate":"https:\/\/www.megamoolah.one\/fr\/?s={search_term_string}"},"query-input":{"@type":"PropertyValueSpecification","valueRequired":true,"valueName":"search_term_string"}}],"inLanguage":"fr-CA"},{"@type":"Organization","@id":"https:\/\/www.megamoolah.one\/fr\/#organization","name":"Mega Moolah","url":"https:\/\/www.megamoolah.one\/fr\/","logo":{"@type":"ImageObject","inLanguage":"fr-CA","@id":"https:\/\/www.megamoolah.one\/fr\/#\/schema\/logo\/image\/","url":"https:\/\/www.megamoolah.one\/fr\/wp-content\/uploads\/2020\/04\/logo-one-1.jpg","contentUrl":"https:\/\/www.megamoolah.one\/fr\/wp-content\/uploads\/2020\/04\/logo-one-1.jpg","width":390,"height":120,"caption":"Mega Moolah"},"image":{"@id":"https:\/\/www.megamoolah.one\/fr\/#\/schema\/logo\/image\/"}}]}},"_links":{"self":[{"href":"https:\/\/www.megamoolah.one\/fr\/wp-json\/wp\/v2\/pages\/5539","targetHints":{"allow":["GET"]}}],"collection":[{"href":"https:\/\/www.megamoolah.one\/fr\/wp-json\/wp\/v2\/pages"}],"about":[{"href":"https:\/\/www.megamoolah.one\/fr\/wp-json\/wp\/v2\/types\/page"}],"author":[{"embeddable":true,"href":"https:\/\/www.megamoolah.one\/fr\/wp-json\/wp\/v2\/users\/1"}],"replies":[{"embeddable":true,"href":"https:\/\/www.megamoolah.one\/fr\/wp-json\/wp\/v2\/comments?post=5539"}],"version-history":[{"count":61,"href":"https:\/\/www.megamoolah.one\/fr\/wp-json\/wp\/v2\/pages\/5539\/revisions"}],"predecessor-version":[{"id":7007,"href":"https:\/\/www.megamoolah.one\/fr\/wp-json\/wp\/v2\/pages\/5539\/revisions\/7007"}],"wp:attachment":[{"href":"https:\/\/www.megamoolah.one\/fr\/wp-json\/wp\/v2\/media?parent=5539"}],"curies":[{"name":"wp","href":"https:\/\/api.w.org\/{rel}","templated":true}]}}