{"id":4314,"date":"2020-11-17T11:58:51","date_gmt":"2020-11-17T11:58:51","guid":{"rendered":"https:\/\/www.megamoolah.one\/fr\/?page_id=4314"},"modified":"2025-01-12T17:40:47","modified_gmt":"2025-01-12T17:40:47","slug":"microgaming","status":"publish","type":"page","link":"https:\/\/www.megamoolah.one\/fr\/microgaming\/","title":{"rendered":"Microgaming"},"content":{"rendered":"<div class=\"su-row\"><div class=\"su-column su-column-size-3-4\"><div class=\"su-column-inner su-u-clearfix su-u-trim\">La soci\u00e9t\u00e9 Microgaming, op\u00e9rationnelle depuis 1994, est bas\u00e9e sur l&rsquo;\u00eele de Man, au Royaume-Uni. Le groupe est le plus connu et respect\u00e9 au monde dans le domaine des machines \u00e0 sous en ligne et des jeux de table. Via ses filiales, Microgaming est op\u00e9rationnel sur les cinq continents. C&rsquo;est \u00e0 son si\u00e8ge que le groupe g\u00e8re et tient \u00e0 jour plus de 800 jeux de casino. De plus, les d\u00e9veloppeurs Microgaming sortent chaque ann\u00e9e des nouveaux jeux qui se placent parmi les plus novateurs de l&rsquo;industrie.<\/div><\/div><div class=\"su-column su-column-size-1-4\"><div class=\"su-column-inner su-u-clearfix su-u-trim\"><img loading=\"lazy\" decoding=\"async\" title=\"Microgaming\" src=\"https:\/\/www.megamoolah.one\/fr\/wp-content\/uploads\/2020\/11\/microgaming-logo.jpg\" alt=\"Microgaming\" width=\"196\" height=\"157\" class=\"alignnone size-full wp-image-4355\" \/><\/div><\/div><\/div>\n&nbsp;<br \/>\nLe titre le plus jou\u00e9 du groupe a \u00e9t\u00e9, sans surprise, le Mega Moolah, jusqu&rsquo;\u00e0 r\u00e9cemment. Depuis 2023, la plateforme Games Global a pris en charge la distribution des jeux de Microgaming, y compris Mega Moolah. Cette transition fait partie d&rsquo;un renouvellement strat\u00e9gique de l&rsquo;op\u00e9rateur, qui continue de proposer ses jeux embl\u00e9matiques, tout en introduisant de nouvelles machines \u00e0 sous et fonctionnalit\u00e9s passionnantes. Les slots WowPot, une autre s\u00e9rie tr\u00e8s populaire, ont \u00e9galement rejoint le catalogue des jeux propos\u00e9s par Games Global.<br \/>\n&nbsp;<br \/>\nEn plus de Microgaming (d\u00e9sormais Apricot), Games Global distribue \u00e9galement d&rsquo;autres jeux populaires, tels que Mega Vault, Wheel of Wishes et King Cashalot. Ces jeux, parmi tant d&rsquo;autres, restent une valeur s\u00fbre pour les joueurs en ligne \u00e0 la recherche de jackpots impressionnants et de divertissement de qualit\u00e9.<\/p>\n<h2>Casinos du label Microgaming et Games Global<\/h2>\n<p>Les casinos en ligne li\u00e9s \u00e0 Microgaming, d\u00e9sormais supervis\u00e9s par Games Global, sont de confiance. L&rsquo;entreprise accepte exclusivement des casinos en ligne qui respectent \u00e0 la lettre les lois de chaque pays. Globalement, sur tous les sites Microgaming, il y en a qui se d\u00e9marquent nettement des autres. Ces sites embl\u00e9matiques sont :<br \/>\n&nbsp;<br \/>\n<div class=\"su-row\"><div class=\"su-column su-column-size-3-4\"><div class=\"su-column-inner su-u-clearfix su-u-trim\">\n<ul>\n<li><strong>Villento Casino<\/strong> : un site sur mesure pour jouer aux slots, au blackjack et \u00e0 la roulette.<\/li>\n<li><strong>Zodiac Casino<\/strong> : le casino en ligne vedette pour les machines progressives.<\/li>\n<li><strong>Grand Mondial<\/strong> : une marque de fabrique pour jouer et gagner au Mega Moolah.<\/li>\n<li><strong>Yukon Gold<\/strong> : l&rsquo;un des casinos les plus jou\u00e9s pour gagner sur Mega Money Wheel.<\/li>\n<li><strong>Casino Classic<\/strong> : une marque de confiance pour jouer sur la slot Mega Vault.<\/li>\n<\/ul>\n<p> <\/div><\/div> <div class=\"su-column su-column-size-1-4\"><div class=\"su-column-inner su-u-clearfix su-u-trim\"> <img loading=\"lazy\" decoding=\"async\" title=\"Bonus des casinos\" src=\"https:\/\/www.megamoolah.one\/fr\/wp-content\/uploads\/2020\/11\/bonus.jpg\" alt=\"Bonus des casinos\" width=\"196\" height=\"157\" class=\"alignnone size-full wp-image-4356\" \/> <\/div><\/div><\/div> <\/p>\n<h2>Sites de slot machines de premi\u00e8re ligne<\/h2>\n<p>Notre liste des casinos en ligne Microgaming les mieux c\u00f4t\u00e9s n&rsquo;est qu&rsquo;un \u00e9chantillon de l&rsquo;ensemble. Il existe aussi d&rsquo;autres casinos en ligne qui m\u00e9riteraient d&rsquo;\u00eatre nomm\u00e9s, mais la liste serait longue. Afin de ne pas surcharger, on a pr\u00e9f\u00e9r\u00e9 s&rsquo;en tenir au top 5. Chaque site de casino a une offre de bonus qui en vaut la peine.<\/p>\n<table>\n<tr>\n<td colspan=\"2\"><strong><span style=\"color:#c71818;font-weight:bold;font-size:22px;\">CASINOS<\/span><\/td>\n<td width=\"150\"><span style=\"color:#c71818;font-weight:bold;font-size:22px;\">BONUS<\/span><\/td>\n<\/tr>\n<tr>\n<td colspan=2>\n<h3 class=mic>1. VILLENTO CASINO<\/h3>\n<\/td>\n<td><span style=\"color:#000;font-weight:bold;font-size:20px;\">1000$<\/span><\/td>\n<\/tr>\n<tr>\n<td colspan=2><\/br>Le casino en ligne Villento Casino offre des bonus g\u00e9n\u00e9reux en 5 \u00e9tapes. Le casino est particuli\u00e8rement populaire parmi les joueurs britanniques, mais attire aussi un large public canadien et europ\u00e9en, avec une grande vari\u00e9t\u00e9 de jeux de machine \u00e0 sous, de blackjack et de roulette.<br \/>\n<a title=\"Revue compl\u00e8te\" href=\"https:\/\/www.megamoolah.one\/fr\/liste\/villentocasino\/\">Revue compl\u00e8te<\/a><br \/>\n<\/br>\n<\/td>\n<td class=tml><\/br><a title=\"Villento Casino\" class=\"mm\" href=\"https:\/\/www.megamoolah.one\/villentofr\" target=\"_blank\" rel=\"noopener noreferrer\"><img loading=\"lazy\" decoding=\"async\" title=\"Villento Casino\" src=\"https:\/\/www.megamoolah.one\/fr\/wp-content\/uploads\/2020\/11\/villento.jpg\" alt=\"Villento Casino\" width=\"125\" height=\"100\" class=\"aligncenter size-full wp-image-4332\" \/>JOUER ICI<\/a><br \/>\n<\/br><\/td>\n<\/tr>\n<tr>\n<td colspan=2>\n<h3 class=mic>2. ZODIAC CASINO<\/h3>\n<\/td>\n<td><span style=\"color:#000;font-weight:bold;font-size:20px;\">80 tours<\/span><\/td>\n<\/tr>\n<tr>\n<td colspan=2><\/br>Le Zodiac Casino propose un bonus de 80 tours Mega Money Wheel, et aussi un package bonus qui peut \u00eatre utilis\u00e9 au Mega Moolah. Une offre id\u00e9ale pour d\u00e9marrer avec une belle quantit\u00e9 de bonus tout en profitant des jackpots progressifs.<br \/>\n<a title=\"Revue compl\u00e8te\" href=\"https:\/\/www.megamoolah.one\/fr\/liste\/zodiaccasino\/\">Revue compl\u00e8te<\/a><br \/>\n<\/br>\n<\/td>\n<td class=tml><\/br><a title=\"Zodiac Casino\" class=\"mm\" href=\"https:\/\/www.megamoolah.one\/zodiacfr\" target=\"_blank\" rel=\"noopener noreferrer\"><img loading=\"lazy\" decoding=\"async\" title=\"Zodiac Casino\" src=\"https:\/\/www.megamoolah.one\/fr\/wp-content\/uploads\/2020\/11\/zodiac.jpg\" alt=\"Zodiac Casino\" width=\"125\" height=\"100\" class=\"aligncenter size-full wp-image-4333\" \/>JOUER ICI<\/a><br \/>\n<\/br><\/td>\n<\/tr>\n<tr>\n<td colspan=2>\n<h3 class=mic>3. GRAND MONDIAL CASINO<\/h3>\n<\/td>\n<td><span style=\"color:#000;font-weight:bold;font-size:20px;\">150 tours<\/span><\/td>\n<\/tr>\n<tr>\n<td colspan=2><\/br>Grand Mondial Casino propose un bonus de 150 tours ainsi qu\u2019un bonus de 100% sur d\u00e9p\u00f4t. Ce casino est r\u00e9put\u00e9 pour ses jackpots progressifs, et attire particuli\u00e8rement ceux qui aiment les machines \u00e0 sous comme Mega Moolah.<br \/>\n<a title=\"Revue compl\u00e8te\" href=\"https:\/\/www.megamoolah.one\/fr\/liste\/grandmondialcasino\/\">Revue compl\u00e8te<\/a><br \/>\n<\/br>\n<\/td>\n<td class=tml><\/br><a title=\"Grand Mondial Casino\" class=\"mm\" href=\"https:\/\/www.megamoolah.one\/mondialfr\" target=\"_blank\" rel=\"noopener noreferrer\"><img loading=\"lazy\" decoding=\"async\" title=\"Grand Mondial Casino\" src=\"https:\/\/www.megamoolah.one\/fr\/wp-content\/uploads\/2025\/01\/grandmondial.jpg\" alt=\"Grand Mondial Casino\" width=\"125\" height=\"100\" class=\"aligncenter size-full wp-image-7325\" \/>JOUER ICI<\/a><br \/>\n<\/br><\/td>\n<\/tr>\n<tr>\n<td colspan=2>\n<h3 class=mic>4. YUKON GOLD CASINO<\/h3>\n<\/td>\n<td><span style=\"color:#000;font-weight:bold;font-size:20px;\">150 tours<\/span><\/td>\n<\/tr>\n<tr>\n<td colspan=2><\/br>Yukon Gold Casino propose un bonus de tours gratuits et un bonus de 100%. Ce casino en ligne est id\u00e9al pour les joueurs \u00e0 la recherche de machines \u00e0 sous avec des jackpots progressifs qui offrent d&rsquo;incroyables gains.<br \/>\n<a title=\"Revue compl\u00e8te\" href=\"https:\/\/www.megamoolah.one\/fr\/liste\/yukongold\/\">Revue compl\u00e8te<\/a><br \/>\n<\/br>\n<\/td>\n<td class=tml><\/br><a title=\"Yukon Gold Casino\" class=\"mm\" href=\"https:\/\/www.megamoolah.one\/yukonfr\" target=\"_blank\" rel=\"noopener noreferrer\"><img loading=\"lazy\" decoding=\"async\" title=\"Yukon Gold Casino\" src=\"https:\/\/www.megamoolah.one\/fr\/wp-content\/uploads\/2025\/01\/yukongold.jpg\" alt=\"Yukon Gold Casino\" width=\"125\" height=\"100\" class=\"aligncenter size-full wp-image-7328\" \/>JOUER ICI<\/a><br \/>\n<\/br><\/td>\n<\/tr>\n<tr>\n<td colspan=2>\n<h3 class=mic>5. CASINO CLASSIC<\/h3>\n<\/td>\n<td><span style=\"color:#000;font-weight:bold;font-size:20px;\">Tours Jackpots<\/span><\/td>\n<\/tr>\n<tr>\n<td colspan=2><\/br>Casino Classic offre un bonus de 100% sur d\u00e9p\u00f4t, mais aussi des tours gratuits, parfait pour les joueurs d\u00e9butants ou ceux qui souhaitent jouer avec plus de cr\u00e9dits. Ce casino est r\u00e9put\u00e9 pour ses machines \u00e0 sous progressives et son interface conviviale.<br \/>\n<a title=\"Revue compl\u00e8te\" href=\"https:\/\/www.megamoolah.one\/fr\/liste\/casinoclassic\/\">Revue compl\u00e8te<\/a><br \/>\n<\/br>\n<\/td>\n<td class=tml><\/br><a title=\"Casino Classic\" class=\"mm\" href=\"https:\/\/www.megamoolah.one\/classicfr\" target=\"_blank\" rel=\"noopener noreferrer\"><img loading=\"lazy\" decoding=\"async\" title=\"Casino Classic\" src=\"https:\/\/www.megamoolah.one\/fr\/wp-content\/uploads\/2025\/01\/classic.jpg\" alt=\"Casino Classic\" width=\"125\" height=\"100\" class=\"aligncenter size-full wp-image-7330\" \/>JOUER ICI<\/a><br \/>\n<\/br><\/td>\n<\/tr>\n<\/table>\n<h2>Jeux de casino Microgaming<\/h2>\n<p>Microgaming est surtout aim\u00e9 pour ses machines \u00e0 sous en ligne en argent r\u00e9el. Toutefois, les jeux de table du groupe sont tout aussi valables \u2013 la roulette, le blackjack et le baccarat y sont \u00e0 l&rsquo;honneur.<br \/>\n&nbsp;<br \/>\n<img loading=\"lazy\" decoding=\"async\" title=\"Meilleurs machines \u00e0 sous Microgaming\" src=\"https:\/\/www.megamoolah.one\/fr\/wp-content\/uploads\/2020\/11\/meilleurs-jeux.jpg\" alt=\"Meilleurs machines \u00e0 sous Microgaming\" width=\"750\" height=\"400\" class=\"aligncenter size-full wp-image-4338\" srcset=\"https:\/\/www.megamoolah.one\/fr\/wp-content\/uploads\/2020\/11\/meilleurs-jeux.jpg 750w, https:\/\/www.megamoolah.one\/fr\/wp-content\/uploads\/2020\/11\/meilleurs-jeux-300x160.jpg 300w\" sizes=\"auto, (max-width: 750px) 100vw, 750px\" \/><br \/>\n&nbsp;<br \/>\nAvec plus de 800 machines \u00e0 sous en ligne et une trentaine de jeux de table, Microgaming, d\u00e9sormais via Games Global, d\u00e9montre sa force. Ses jeux sont tr\u00e8s aboutis et surtout sans aucun d\u00e9faut. S&rsquo;il fallait faire une comparaison avec la haute horlogerie, Microgaming serait une Rolex.<\/p>\n<h3>Jeux Microgaming les plus jou\u00e9s<\/h3>\n<p> Le top de Microgaming vous est pr\u00e9sent\u00e9. Ces jeux connaissent une forte audience au quotidien. Dot\u00e9s de bons taux de retour, ces jeux reversent chaque jour des millions \u00e0 l&rsquo;ensemble des joueurs qui tentent leurs chances.<br \/>\n&nbsp;<br \/>\n<div class=\"su-row\"><div class=\"su-column su-column-size-1-3\"><div class=\"su-column-inner su-u-clearfix su-u-trim\"> <strong>Jeux progressifs<\/strong><\/p>\n<ul>\n<li>Mega Moolah<\/li>\n<li>Mega Vault<\/li>\n<li>Wheel of Wishes<\/li>\n<li>King Cashalot<\/li>\n<\/ul>\n<p> <\/div><\/div> <div class=\"su-column su-column-size-1-3\"><div class=\"su-column-inner su-u-clearfix su-u-trim\"> <strong>Slots classiques<\/strong> <\/p>\n<ul>\n<li>Avalon II<\/li>\n<li>Immortal Romance<\/li>\n<li>Thunderstruck II<\/li>\n<li>Jurassic Park<\/li>\n<\/ul>\n<p> <\/div><\/div> <div class=\"su-column su-column-size-1-3\"><div class=\"su-column-inner su-u-clearfix su-u-trim\"> <strong>Jeux de table<\/strong> <\/p>\n<ul>\n<li>Classic Blackjack<\/li>\n<li>Live Baccarat<\/li>\n<li>Roulette Europ\u00e9enne<\/li>\n<\/ul>\n<p> <\/div><\/div> <\/div>\n&nbsp;<br \/>\nLes jeux ci-dessus sont au catalogue des casinos en ligne de Mega Moolah One. Ces jeux sont des jeux stars \u2013 chaque joueur peut y trouver son bonheur.<\/p>\n<h3>Taux de redistribution Microgaming<\/h3>\n<p> Les jeux Microgaming sont programm\u00e9s avec les plus hauts taux de retour possibles. L&rsquo;op\u00e9rateur garde bien s\u00fbr un avantage, mais comparativement aux autres op\u00e9rateurs, Microgaming offre des meilleures cotes de gain. Le fait que le groupe soit ind\u00e9pendant et non cot\u00e9 en bourse fait toute la diff\u00e9rence. En effet, lorsqu&rsquo;on voit que les deux outsiders du domaine, Playtech et NetEnt, sont cot\u00e9s en bourse et cherchent \u00e0 faire un maximum de profit, on ne peut qu&rsquo;appr\u00e9cier l&rsquo;approche de Microgaming.<\/p>\n<h3>Jeux en live avec des croupiers en direct<\/h3>\n<p>Microgaming dispose d&rsquo;une salle de jeu en live streaming. On y joue \u00e0 la roulette, au blackjack, au baccarat et au Texas holdem. Cet espace web est une immersion dans le monde feutr\u00e9 du jeu. Les fans des plus beaux palaces europ\u00e9ens ne peuvent qu&rsquo;appr\u00e9cier ces options de live gaming.<\/p>\n<h3>Devises selon votre pays<\/h3>\n<div class=\"su-row\"><div class=\"su-column su-column-size-1-2\"><div class=\"su-column-inner su-u-clearfix su-u-trim\"> Les jeux Microgaming sont adapt\u00e9s aux devises internationales : <\/p>\n<ul>\n<li>\u00a3 : la Livre Sterling<\/li>\n<li>\u20ac : l&rsquo;Euro<\/li>\n<li>$ : le dollar US<\/li>\n<li>\u00a5 : le Yen<\/li>\n<li>C$ : le dollar canadien<\/li>\n<\/ul>\n<p> <\/div><\/div> <div class=\"su-column su-column-size-1-2\"><div class=\"su-column-inner su-u-clearfix su-u-trim\"> <img loading=\"lazy\" decoding=\"async\" src=\"https:\/\/www.megamoolah.one\/fr\/wp-content\/uploads\/2020\/11\/devises.jpg\" alt=\"Microgaming casino devises\" width=\"420\" height=\"160\" class=\"alignnone size-full wp-image-4391\" srcset=\"https:\/\/www.megamoolah.one\/fr\/wp-content\/uploads\/2020\/11\/devises.jpg 420w, https:\/\/www.megamoolah.one\/fr\/wp-content\/uploads\/2020\/11\/devises-300x114.jpg 300w\" sizes=\"auto, (max-width: 420px) 100vw, 420px\" \/> <\/div><\/div><\/div>\n&nbsp;<br \/>\nSur certains casinos en ligne, il y a en plus d&rsquo;autres devises disponibles. C&rsquo;est le cas, entre autres, en Scandinavie, en Nouvelle-Z\u00e9lande, en Australie, en Afrique du Sud, en Am\u00e9rique Latine et dans d&rsquo;autres r\u00e9gions du monde.<br \/>\n&nbsp;<\/p>\n","protected":false},"excerpt":{"rendered":"<p>&nbsp; Le titre le plus jou\u00e9 du groupe a \u00e9t\u00e9, sans surprise, le Mega Moolah, jusqu&rsquo;\u00e0 r\u00e9cemment. Depuis 2023, la plateforme Games Global a pris en charge la distribution des jeux de Microgaming, y compris Mega Moolah. Cette transition fait<\/p>\n","protected":false},"author":1,"featured_media":0,"parent":0,"menu_order":0,"comment_status":"closed","ping_status":"closed","template":"","meta":{"footnotes":""},"class_list":["post-4314","page","type-page","status-publish","hentry"],"yoast_head":"<!-- This site is optimized with the Yoast SEO plugin v27.4 - https:\/\/yoast.com\/product\/yoast-seo-wordpress\/ -->\n<title>Microgaming (Apricot) - Casino Bonus &amp; Tours Gratuits<\/title>\n<meta name=\"description\" content=\"Microgaming (Apricot) est un leader des machines \u00e0 sous en ligne. D\u00e9couvrir les meilleurs bonus et tours gratuits de ses casinos partenaires.\" \/>\n<meta name=\"robots\" content=\"index, follow, max-snippet:-1, max-image-preview:large, max-video-preview:-1\" \/>\n<link rel=\"canonical\" href=\"https:\/\/www.megamoolah.one\/fr\/microgaming\/\" \/>\n<meta property=\"og:locale\" content=\"fr_CA\" \/>\n<meta property=\"og:type\" content=\"article\" \/>\n<meta property=\"og:title\" content=\"Microgaming (Apricot) - Casino Bonus &amp; Tours Gratuits\" \/>\n<meta property=\"og:description\" content=\"Microgaming (Apricot) est un leader des machines \u00e0 sous en ligne. D\u00e9couvrir les meilleurs bonus et tours gratuits de ses casinos partenaires.\" \/>\n<meta property=\"og:url\" content=\"https:\/\/www.megamoolah.one\/fr\/microgaming\/\" \/>\n<meta property=\"og:site_name\" content=\"Mega Moolah\" \/>\n<meta property=\"article:modified_time\" content=\"2025-01-12T17:40:47+00:00\" \/>\n<meta property=\"og:image\" content=\"https:\/\/www.megamoolah.one\/fr\/wp-content\/uploads\/2020\/11\/microgaming-logo.jpg\" \/>\n\t<meta property=\"og:image:width\" content=\"196\" \/>\n\t<meta property=\"og:image:height\" content=\"157\" \/>\n\t<meta property=\"og:image:type\" content=\"image\/jpeg\" \/>\n<meta name=\"twitter:card\" content=\"summary_large_image\" \/>\n<meta name=\"twitter:label1\" content=\"Estimation du temps de lecture\" \/>\n\t<meta name=\"twitter:data1\" content=\"8 minutes\" \/>\n<script type=\"application\/ld+json\" class=\"yoast-schema-graph\">{\"@context\":\"https:\\\/\\\/schema.org\",\"@graph\":[{\"@type\":\"WebPage\",\"@id\":\"https:\\\/\\\/www.megamoolah.one\\\/fr\\\/microgaming\\\/\",\"url\":\"https:\\\/\\\/www.megamoolah.one\\\/fr\\\/microgaming\\\/\",\"name\":\"Microgaming (Apricot) - Casino Bonus & Tours Gratuits\",\"isPartOf\":{\"@id\":\"https:\\\/\\\/www.megamoolah.one\\\/fr\\\/#website\"},\"primaryImageOfPage\":{\"@id\":\"https:\\\/\\\/www.megamoolah.one\\\/fr\\\/microgaming\\\/#primaryimage\"},\"image\":{\"@id\":\"https:\\\/\\\/www.megamoolah.one\\\/fr\\\/microgaming\\\/#primaryimage\"},\"thumbnailUrl\":\"https:\\\/\\\/www.megamoolah.one\\\/fr\\\/wp-content\\\/uploads\\\/2020\\\/11\\\/microgaming-logo.jpg\",\"datePublished\":\"2020-11-17T11:58:51+00:00\",\"dateModified\":\"2025-01-12T17:40:47+00:00\",\"description\":\"Microgaming (Apricot) est un leader des machines \u00e0 sous en ligne. D\u00e9couvrir les meilleurs bonus et tours gratuits de ses casinos partenaires.\",\"breadcrumb\":{\"@id\":\"https:\\\/\\\/www.megamoolah.one\\\/fr\\\/microgaming\\\/#breadcrumb\"},\"inLanguage\":\"fr-CA\",\"potentialAction\":[{\"@type\":\"ReadAction\",\"target\":[\"https:\\\/\\\/www.megamoolah.one\\\/fr\\\/microgaming\\\/\"]}]},{\"@type\":\"ImageObject\",\"inLanguage\":\"fr-CA\",\"@id\":\"https:\\\/\\\/www.megamoolah.one\\\/fr\\\/microgaming\\\/#primaryimage\",\"url\":\"https:\\\/\\\/www.megamoolah.one\\\/fr\\\/wp-content\\\/uploads\\\/2020\\\/11\\\/microgaming-logo.jpg\",\"contentUrl\":\"https:\\\/\\\/www.megamoolah.one\\\/fr\\\/wp-content\\\/uploads\\\/2020\\\/11\\\/microgaming-logo.jpg\",\"width\":196,\"height\":157,\"caption\":\"Microgaming\"},{\"@type\":\"BreadcrumbList\",\"@id\":\"https:\\\/\\\/www.megamoolah.one\\\/fr\\\/microgaming\\\/#breadcrumb\",\"itemListElement\":[{\"@type\":\"ListItem\",\"position\":1,\"name\":\"Accueil\",\"item\":\"https:\\\/\\\/www.megamoolah.one\\\/fr\\\/\"},{\"@type\":\"ListItem\",\"position\":2,\"name\":\"Microgaming\"}]},{\"@type\":\"WebSite\",\"@id\":\"https:\\\/\\\/www.megamoolah.one\\\/fr\\\/#website\",\"url\":\"https:\\\/\\\/www.megamoolah.one\\\/fr\\\/\",\"name\":\"Mega Moolah\",\"description\":\"Offres de tours et bonus gratuits\",\"publisher\":{\"@id\":\"https:\\\/\\\/www.megamoolah.one\\\/fr\\\/#organization\"},\"potentialAction\":[{\"@type\":\"SearchAction\",\"target\":{\"@type\":\"EntryPoint\",\"urlTemplate\":\"https:\\\/\\\/www.megamoolah.one\\\/fr\\\/?s={search_term_string}\"},\"query-input\":{\"@type\":\"PropertyValueSpecification\",\"valueRequired\":true,\"valueName\":\"search_term_string\"}}],\"inLanguage\":\"fr-CA\"},{\"@type\":\"Organization\",\"@id\":\"https:\\\/\\\/www.megamoolah.one\\\/fr\\\/#organization\",\"name\":\"Mega Moolah\",\"url\":\"https:\\\/\\\/www.megamoolah.one\\\/fr\\\/\",\"logo\":{\"@type\":\"ImageObject\",\"inLanguage\":\"fr-CA\",\"@id\":\"https:\\\/\\\/www.megamoolah.one\\\/fr\\\/#\\\/schema\\\/logo\\\/image\\\/\",\"url\":\"https:\\\/\\\/www.megamoolah.one\\\/fr\\\/wp-content\\\/uploads\\\/2020\\\/04\\\/logo-one-1.jpg\",\"contentUrl\":\"https:\\\/\\\/www.megamoolah.one\\\/fr\\\/wp-content\\\/uploads\\\/2020\\\/04\\\/logo-one-1.jpg\",\"width\":390,\"height\":120,\"caption\":\"Mega Moolah\"},\"image\":{\"@id\":\"https:\\\/\\\/www.megamoolah.one\\\/fr\\\/#\\\/schema\\\/logo\\\/image\\\/\"}}]}<\/script>\n<!-- \/ Yoast SEO plugin. -->","yoast_head_json":{"title":"Microgaming (Apricot) - Casino Bonus & Tours Gratuits","description":"Microgaming (Apricot) est un leader des machines \u00e0 sous en ligne. D\u00e9couvrir les meilleurs bonus et tours gratuits de ses casinos partenaires.","robots":{"index":"index","follow":"follow","max-snippet":"max-snippet:-1","max-image-preview":"max-image-preview:large","max-video-preview":"max-video-preview:-1"},"canonical":"https:\/\/www.megamoolah.one\/fr\/microgaming\/","og_locale":"fr_CA","og_type":"article","og_title":"Microgaming (Apricot) - Casino Bonus & Tours Gratuits","og_description":"Microgaming (Apricot) est un leader des machines \u00e0 sous en ligne. D\u00e9couvrir les meilleurs bonus et tours gratuits de ses casinos partenaires.","og_url":"https:\/\/www.megamoolah.one\/fr\/microgaming\/","og_site_name":"Mega Moolah","article_modified_time":"2025-01-12T17:40:47+00:00","og_image":[{"width":196,"height":157,"url":"https:\/\/www.megamoolah.one\/fr\/wp-content\/uploads\/2020\/11\/microgaming-logo.jpg","type":"image\/jpeg"}],"twitter_card":"summary_large_image","twitter_misc":{"Estimation du temps de lecture":"8 minutes"},"schema":{"@context":"https:\/\/schema.org","@graph":[{"@type":"WebPage","@id":"https:\/\/www.megamoolah.one\/fr\/microgaming\/","url":"https:\/\/www.megamoolah.one\/fr\/microgaming\/","name":"Microgaming (Apricot) - Casino Bonus & Tours Gratuits","isPartOf":{"@id":"https:\/\/www.megamoolah.one\/fr\/#website"},"primaryImageOfPage":{"@id":"https:\/\/www.megamoolah.one\/fr\/microgaming\/#primaryimage"},"image":{"@id":"https:\/\/www.megamoolah.one\/fr\/microgaming\/#primaryimage"},"thumbnailUrl":"https:\/\/www.megamoolah.one\/fr\/wp-content\/uploads\/2020\/11\/microgaming-logo.jpg","datePublished":"2020-11-17T11:58:51+00:00","dateModified":"2025-01-12T17:40:47+00:00","description":"Microgaming (Apricot) est un leader des machines \u00e0 sous en ligne. D\u00e9couvrir les meilleurs bonus et tours gratuits de ses casinos partenaires.","breadcrumb":{"@id":"https:\/\/www.megamoolah.one\/fr\/microgaming\/#breadcrumb"},"inLanguage":"fr-CA","potentialAction":[{"@type":"ReadAction","target":["https:\/\/www.megamoolah.one\/fr\/microgaming\/"]}]},{"@type":"ImageObject","inLanguage":"fr-CA","@id":"https:\/\/www.megamoolah.one\/fr\/microgaming\/#primaryimage","url":"https:\/\/www.megamoolah.one\/fr\/wp-content\/uploads\/2020\/11\/microgaming-logo.jpg","contentUrl":"https:\/\/www.megamoolah.one\/fr\/wp-content\/uploads\/2020\/11\/microgaming-logo.jpg","width":196,"height":157,"caption":"Microgaming"},{"@type":"BreadcrumbList","@id":"https:\/\/www.megamoolah.one\/fr\/microgaming\/#breadcrumb","itemListElement":[{"@type":"ListItem","position":1,"name":"Accueil","item":"https:\/\/www.megamoolah.one\/fr\/"},{"@type":"ListItem","position":2,"name":"Microgaming"}]},{"@type":"WebSite","@id":"https:\/\/www.megamoolah.one\/fr\/#website","url":"https:\/\/www.megamoolah.one\/fr\/","name":"Mega Moolah","description":"Offres de tours et bonus gratuits","publisher":{"@id":"https:\/\/www.megamoolah.one\/fr\/#organization"},"potentialAction":[{"@type":"SearchAction","target":{"@type":"EntryPoint","urlTemplate":"https:\/\/www.megamoolah.one\/fr\/?s={search_term_string}"},"query-input":{"@type":"PropertyValueSpecification","valueRequired":true,"valueName":"search_term_string"}}],"inLanguage":"fr-CA"},{"@type":"Organization","@id":"https:\/\/www.megamoolah.one\/fr\/#organization","name":"Mega Moolah","url":"https:\/\/www.megamoolah.one\/fr\/","logo":{"@type":"ImageObject","inLanguage":"fr-CA","@id":"https:\/\/www.megamoolah.one\/fr\/#\/schema\/logo\/image\/","url":"https:\/\/www.megamoolah.one\/fr\/wp-content\/uploads\/2020\/04\/logo-one-1.jpg","contentUrl":"https:\/\/www.megamoolah.one\/fr\/wp-content\/uploads\/2020\/04\/logo-one-1.jpg","width":390,"height":120,"caption":"Mega Moolah"},"image":{"@id":"https:\/\/www.megamoolah.one\/fr\/#\/schema\/logo\/image\/"}}]}},"_links":{"self":[{"href":"https:\/\/www.megamoolah.one\/fr\/wp-json\/wp\/v2\/pages\/4314","targetHints":{"allow":["GET"]}}],"collection":[{"href":"https:\/\/www.megamoolah.one\/fr\/wp-json\/wp\/v2\/pages"}],"about":[{"href":"https:\/\/www.megamoolah.one\/fr\/wp-json\/wp\/v2\/types\/page"}],"author":[{"embeddable":true,"href":"https:\/\/www.megamoolah.one\/fr\/wp-json\/wp\/v2\/users\/1"}],"replies":[{"embeddable":true,"href":"https:\/\/www.megamoolah.one\/fr\/wp-json\/wp\/v2\/comments?post=4314"}],"version-history":[{"count":97,"href":"https:\/\/www.megamoolah.one\/fr\/wp-json\/wp\/v2\/pages\/4314\/revisions"}],"predecessor-version":[{"id":7334,"href":"https:\/\/www.megamoolah.one\/fr\/wp-json\/wp\/v2\/pages\/4314\/revisions\/7334"}],"wp:attachment":[{"href":"https:\/\/www.megamoolah.one\/fr\/wp-json\/wp\/v2\/media?parent=4314"}],"curies":[{"name":"wp","href":"https:\/\/api.w.org\/{rel}","templated":true}]}}