{"id":2684,"date":"2020-05-14T04:14:43","date_gmt":"2020-05-14T04:14:43","guid":{"rendered":"https:\/\/www.megamoolah.one\/fr\/?page_id=2684"},"modified":"2022-03-31T05:38:41","modified_gmt":"2022-03-31T05:38:41","slug":"riverbelle","status":"publish","type":"page","link":"https:\/\/www.megamoolah.one\/fr\/liste\/riverbelle\/","title":{"rendered":"River Belle"},"content":{"rendered":"<div class=\"su-row\"><div class=\"su-column su-column-size-3-4\"><div class=\"su-column-inner su-u-clearfix su-u-trim\">Ce casino en ligne, ouvert en 1997, est inspir\u00e9 des casinos de la Louisiane. Pionnier du secteur Web pour ses jeux de casino, River Belle a la machine \u00e0 sous Mega Moolah \u00e0 son catalogue.<br \/>\n&nbsp;<br \/>\nSurtout appr\u00e9ci\u00e9 des joueurs de <strong>jeux de table<\/strong>, le casino est aussi visit\u00e9 par les fans de slots. Pour preuve, River Belle compte deux grands gagnants Mega Moolah. Au-del\u00e0 de la machine \u00e0 sous Mega Moolah, chez River Belle il y a aussi une <strong>centaine de machines \u00e0 sous<\/strong> profitables.<\/div><\/div>\n<div class=\"su-column su-column-size-1-4\"><div class=\"su-column-inner su-u-clearfix su-u-trim\"><a title=\"River Belle\" class=\"mm\" href=\"https:\/\/www.megamoolah.one\/riverfr\" rel=\"noopener noreferrer\" target=\"_blank\"><img loading=\"lazy\" decoding=\"async\" title=\"River Belle\" src=\"https:\/\/www.megamoolah.one\/fr\/wp-content\/uploads\/2020\/05\/riverbellecasino.png\" alt=\"River Belle\" width=\"250\" height=\"250\" class=\"alignnone size-full wp-image-2748\" srcset=\"https:\/\/www.megamoolah.one\/fr\/wp-content\/uploads\/2020\/05\/riverbellecasino.png 250w, https:\/\/www.megamoolah.one\/fr\/wp-content\/uploads\/2020\/05\/riverbellecasino-200x200.png 200w\" sizes=\"auto, (max-width: 250px) 100vw, 250px\" \/><br \/>\nVISITER RIVER BELLE<\/a><br \/>\n<\/div><\/div>\n<\/div>\n<h2>Test du site River Belle<\/h2>\n<p>Les tests r\u00e9alis\u00e9s sur ce site de casino sont \u00e9loquents. Tout marche tr\u00e8s bien chez River Belle. Sur PC et Mac, les jeux du casino, tout comme la gestion d&rsquo;un compte joueur, se fait facilement. Tout y est <strong>hautement s\u00e9curis\u00e9<\/strong>, et les pages et les jeux se chargent en une fraction de seconde. Le programme des bonus de bienvenue est satisfaisant, ainsi que le programme de fid\u00e9lit\u00e9. Sur les \u00e9crans des mobiles et des tablettes, les options de jeu sont au point. Pour ce qui est des options de d\u00e9p\u00f4t et d&rsquo;encaissement, les m\u00e9thodes mises en place sur le casino sont performantes. Ce qui est tr\u00e8s agr\u00e9able chez River Belle, c&rsquo;est le style graphique et l&rsquo;ambiance qui en ressortent. Le style ancien tout en \u00e9tant moderne a de quoi convaincre les joueurs qui aiment des ambiances calmes et chaleureuses. Plus qu&rsquo;un casino en ligne, River Belle est un clin d&rsquo;\u0153il aux croisi\u00e8res sur le fleuve du Mississipi. On y trouve, en plus des slots machines et des jeux de table en version \u00e9lectronique, une <strong>salle de jeu en temps r\u00e9el<\/strong> avec des vrais croupiers.<\/p>\n<h2>Offre de bienvenue<\/h2>\n<p>Avec 800$ de bonus gratuits \u00e0 recevoir, les nouveaux membres de River Belle sont bien re\u00e7us. Ces 800$ de bonus se re\u00e7oivent en trois fois et ont chacune une <strong>valeur de 100%<\/strong> sur d\u00e9p\u00f4t. Chaque bonus est valable d\u00e8s 10$ de d\u00e9p\u00f4t. Le premier bonus peut atteindre 200$ et les deux suivants 300$. Certes, il y a des casinos en ligne o\u00f9 il y a plus de bonus \u00e0 recevoir, mais cette offre de River Belle reste g\u00e9n\u00e9reuse. Si toutefois vous \u00eates pr\u00eats \u00e0 parier des sommes d&rsquo;argent qui d\u00e9passent les 1000$, le site <a href=\"https:\/\/www.megamoolah.one\/fr\/liste\/jackpotcity\/\">Jackpot City Casino<\/a> a une meilleure offre (jusqu&rsquo;\u00e0 1600$). Chez River Belle il n&rsquo;y a pas de tours gratuits offerts pour tenter sa chance au Mega Moolah, par contre les 800$ de bonus sur d\u00e9p\u00f4t permettent de jouer un grand nombre de tours pour tenter de faire fortune.<\/p>\n<h2>Gagnants chez River Belle<\/h2>\n<p>Ce casino en ligne compte deux grands gagnants Mega Moolah. Les deux joueurs qui ont d\u00e9croch\u00e9 le Mega prix sont de la Nouvelle Z\u00e9lande et d&rsquo;Europe. Il y a aussi d&rsquo;autres gagnants chez River Belle. Ces gagnants se d\u00e9clarent pour l&rsquo;essentiel aux jeux de table (\u00e0 la roulette et au blackjack).<\/p>\n<h3>Liste Mega Moolah record<\/h3>\n<p>Les plus gros Mega jackpots Mega Moolah gagn\u00e9s par des membres de River Belle sont \u00e0 l&rsquo;affiche ci-dessous. La devise affich\u00e9e sur chaque gain est celle utilis\u00e9e par les joueurs gagnants.<br \/>\n<div class=\"su-row\"><div class=\"su-column su-column-size-1-2\"><div class=\"su-column-inner su-u-clearfix su-u-trim\">\n&nbsp;<\/p>\n<table width=100%>\n<tr>\n<td><strong>DATE<\/strong><\/td>\n<td class=ced><\/td>\n<td class=cell><strong>JACKPOT<\/strong><\/td>\n<\/tr>\n<tr>\n<td valign=top>Mai 2020<\/td>\n<td class=ced>NZD<\/td>\n<td nowrap class=cell><strong>13,615,861<\/strong><\/td>\n<\/tr>\n<tr>\n<td valign=top>Mai 2009<\/td>\n<td class=ced>\u20ac<\/td>\n<td nowrap class=cell><strong>6,374,599<\/strong><\/td>\n<\/tr>\n<\/table>\n<\/div><\/div>\n<div class=\"su-column su-column-size-1-2\"><div class=\"su-column-inner su-u-clearfix su-u-trim\">\n&nbsp;<br \/>\nCe tableau des gains est mis \u00e0 jour chaque fois qu&rsquo;un nouveau record est d\u00e9clar\u00e9 sur le casino en ligne River Belle.<br \/>\n<\/div><\/div>\n<\/div>\n&nbsp;<\/p>\n","protected":false},"excerpt":{"rendered":"<p>Test du site River Belle Les tests r\u00e9alis\u00e9s sur ce site de casino sont \u00e9loquents. Tout marche tr\u00e8s bien chez River Belle. Sur PC et Mac, les jeux du casino, tout comme la gestion d&rsquo;un compte joueur, se fait facilement.<\/p>\n","protected":false},"author":1,"featured_media":0,"parent":822,"menu_order":0,"comment_status":"closed","ping_status":"closed","template":"template-fullwidth.php","meta":{"footnotes":""},"class_list":["post-2684","page","type-page","status-publish","hentry"],"yoast_head":"<!-- This site is optimized with the Yoast SEO plugin v27.6 - https:\/\/yoast.com\/product\/yoast-seo-wordpress\/ -->\n<title>River Belle - Bonus 800$ - Blackjack, Roulette &amp; Machines \u00e0 Sous<\/title>\n<meta name=\"description\" content=\"Test et revue du site de casino River Belle. Des bonus de bienvenue pour jouer aux jeux de table et aux machines \u00e0 sous, Mega Moolah inclus.\" \/>\n<meta name=\"robots\" content=\"index, follow, max-snippet:-1, max-image-preview:large, max-video-preview:-1\" \/>\n<link rel=\"canonical\" href=\"https:\/\/www.megamoolah.one\/fr\/liste\/riverbelle\/\" \/>\n<meta property=\"og:locale\" content=\"fr_CA\" \/>\n<meta property=\"og:type\" content=\"article\" \/>\n<meta property=\"og:title\" content=\"River Belle - Bonus 800$ - Blackjack, Roulette &amp; Machines \u00e0 Sous\" \/>\n<meta property=\"og:description\" content=\"Test et revue du site de casino River Belle. Des bonus de bienvenue pour jouer aux jeux de table et aux machines \u00e0 sous, Mega Moolah inclus.\" \/>\n<meta property=\"og:url\" content=\"https:\/\/www.megamoolah.one\/fr\/liste\/riverbelle\/\" \/>\n<meta property=\"og:site_name\" content=\"Mega Moolah\" \/>\n<meta property=\"article:modified_time\" content=\"2022-03-31T05:38:41+00:00\" \/>\n<meta property=\"og:image\" content=\"https:\/\/www.megamoolah.one\/fr\/wp-content\/uploads\/2020\/05\/riverbellecasino.png\" \/>\n<meta name=\"twitter:card\" content=\"summary_large_image\" \/>\n<meta name=\"twitter:label1\" content=\"Estimation du temps de lecture\" \/>\n\t<meta name=\"twitter:data1\" content=\"3 minutes\" \/>\n<script type=\"application\/ld+json\" class=\"yoast-schema-graph\">{\"@context\":\"https:\\\/\\\/schema.org\",\"@graph\":[{\"@type\":\"WebPage\",\"@id\":\"https:\\\/\\\/www.megamoolah.one\\\/fr\\\/liste\\\/riverbelle\\\/\",\"url\":\"https:\\\/\\\/www.megamoolah.one\\\/fr\\\/liste\\\/riverbelle\\\/\",\"name\":\"River Belle - Bonus 800$ - Blackjack, Roulette & Machines \u00e0 Sous\",\"isPartOf\":{\"@id\":\"https:\\\/\\\/www.megamoolah.one\\\/fr\\\/#website\"},\"primaryImageOfPage\":{\"@id\":\"https:\\\/\\\/www.megamoolah.one\\\/fr\\\/liste\\\/riverbelle\\\/#primaryimage\"},\"image\":{\"@id\":\"https:\\\/\\\/www.megamoolah.one\\\/fr\\\/liste\\\/riverbelle\\\/#primaryimage\"},\"thumbnailUrl\":\"https:\\\/\\\/www.megamoolah.one\\\/fr\\\/wp-content\\\/uploads\\\/2020\\\/05\\\/riverbellecasino.png\",\"datePublished\":\"2020-05-14T04:14:43+00:00\",\"dateModified\":\"2022-03-31T05:38:41+00:00\",\"description\":\"Test et revue du site de casino River Belle. Des bonus de bienvenue pour jouer aux jeux de table et aux machines \u00e0 sous, Mega Moolah inclus.\",\"breadcrumb\":{\"@id\":\"https:\\\/\\\/www.megamoolah.one\\\/fr\\\/liste\\\/riverbelle\\\/#breadcrumb\"},\"inLanguage\":\"fr-CA\",\"potentialAction\":[{\"@type\":\"ReadAction\",\"target\":[\"https:\\\/\\\/www.megamoolah.one\\\/fr\\\/liste\\\/riverbelle\\\/\"]}]},{\"@type\":\"ImageObject\",\"inLanguage\":\"fr-CA\",\"@id\":\"https:\\\/\\\/www.megamoolah.one\\\/fr\\\/liste\\\/riverbelle\\\/#primaryimage\",\"url\":\"https:\\\/\\\/www.megamoolah.one\\\/fr\\\/wp-content\\\/uploads\\\/2020\\\/05\\\/riverbellecasino.png\",\"contentUrl\":\"https:\\\/\\\/www.megamoolah.one\\\/fr\\\/wp-content\\\/uploads\\\/2020\\\/05\\\/riverbellecasino.png\",\"width\":250,\"height\":250,\"caption\":\"River Belle\"},{\"@type\":\"BreadcrumbList\",\"@id\":\"https:\\\/\\\/www.megamoolah.one\\\/fr\\\/liste\\\/riverbelle\\\/#breadcrumb\",\"itemListElement\":[{\"@type\":\"ListItem\",\"position\":1,\"name\":\"Accueil\",\"item\":\"https:\\\/\\\/www.megamoolah.one\\\/fr\\\/\"},{\"@type\":\"ListItem\",\"position\":2,\"name\":\"Casinos\",\"item\":\"https:\\\/\\\/www.megamoolah.one\\\/fr\\\/liste\\\/\"},{\"@type\":\"ListItem\",\"position\":3,\"name\":\"River Belle\"}]},{\"@type\":\"WebSite\",\"@id\":\"https:\\\/\\\/www.megamoolah.one\\\/fr\\\/#website\",\"url\":\"https:\\\/\\\/www.megamoolah.one\\\/fr\\\/\",\"name\":\"Mega Moolah\",\"description\":\"Offres de tours et bonus gratuits\",\"publisher\":{\"@id\":\"https:\\\/\\\/www.megamoolah.one\\\/fr\\\/#organization\"},\"potentialAction\":[{\"@type\":\"SearchAction\",\"target\":{\"@type\":\"EntryPoint\",\"urlTemplate\":\"https:\\\/\\\/www.megamoolah.one\\\/fr\\\/?s={search_term_string}\"},\"query-input\":{\"@type\":\"PropertyValueSpecification\",\"valueRequired\":true,\"valueName\":\"search_term_string\"}}],\"inLanguage\":\"fr-CA\"},{\"@type\":\"Organization\",\"@id\":\"https:\\\/\\\/www.megamoolah.one\\\/fr\\\/#organization\",\"name\":\"Mega Moolah\",\"url\":\"https:\\\/\\\/www.megamoolah.one\\\/fr\\\/\",\"logo\":{\"@type\":\"ImageObject\",\"inLanguage\":\"fr-CA\",\"@id\":\"https:\\\/\\\/www.megamoolah.one\\\/fr\\\/#\\\/schema\\\/logo\\\/image\\\/\",\"url\":\"https:\\\/\\\/www.megamoolah.one\\\/fr\\\/wp-content\\\/uploads\\\/2020\\\/04\\\/logo-one-1.jpg\",\"contentUrl\":\"https:\\\/\\\/www.megamoolah.one\\\/fr\\\/wp-content\\\/uploads\\\/2020\\\/04\\\/logo-one-1.jpg\",\"width\":390,\"height\":120,\"caption\":\"Mega Moolah\"},\"image\":{\"@id\":\"https:\\\/\\\/www.megamoolah.one\\\/fr\\\/#\\\/schema\\\/logo\\\/image\\\/\"}}]}<\/script>\n<!-- \/ Yoast SEO plugin. -->","yoast_head_json":{"title":"River Belle - Bonus 800$ - Blackjack, Roulette & Machines \u00e0 Sous","description":"Test et revue du site de casino River Belle. Des bonus de bienvenue pour jouer aux jeux de table et aux machines \u00e0 sous, Mega Moolah inclus.","robots":{"index":"index","follow":"follow","max-snippet":"max-snippet:-1","max-image-preview":"max-image-preview:large","max-video-preview":"max-video-preview:-1"},"canonical":"https:\/\/www.megamoolah.one\/fr\/liste\/riverbelle\/","og_locale":"fr_CA","og_type":"article","og_title":"River Belle - Bonus 800$ - Blackjack, Roulette & Machines \u00e0 Sous","og_description":"Test et revue du site de casino River Belle. Des bonus de bienvenue pour jouer aux jeux de table et aux machines \u00e0 sous, Mega Moolah inclus.","og_url":"https:\/\/www.megamoolah.one\/fr\/liste\/riverbelle\/","og_site_name":"Mega Moolah","article_modified_time":"2022-03-31T05:38:41+00:00","og_image":[{"url":"https:\/\/www.megamoolah.one\/fr\/wp-content\/uploads\/2020\/05\/riverbellecasino.png","type":"","width":"","height":""}],"twitter_card":"summary_large_image","twitter_misc":{"Estimation du temps de lecture":"3 minutes"},"schema":{"@context":"https:\/\/schema.org","@graph":[{"@type":"WebPage","@id":"https:\/\/www.megamoolah.one\/fr\/liste\/riverbelle\/","url":"https:\/\/www.megamoolah.one\/fr\/liste\/riverbelle\/","name":"River Belle - Bonus 800$ - Blackjack, Roulette & Machines \u00e0 Sous","isPartOf":{"@id":"https:\/\/www.megamoolah.one\/fr\/#website"},"primaryImageOfPage":{"@id":"https:\/\/www.megamoolah.one\/fr\/liste\/riverbelle\/#primaryimage"},"image":{"@id":"https:\/\/www.megamoolah.one\/fr\/liste\/riverbelle\/#primaryimage"},"thumbnailUrl":"https:\/\/www.megamoolah.one\/fr\/wp-content\/uploads\/2020\/05\/riverbellecasino.png","datePublished":"2020-05-14T04:14:43+00:00","dateModified":"2022-03-31T05:38:41+00:00","description":"Test et revue du site de casino River Belle. Des bonus de bienvenue pour jouer aux jeux de table et aux machines \u00e0 sous, Mega Moolah inclus.","breadcrumb":{"@id":"https:\/\/www.megamoolah.one\/fr\/liste\/riverbelle\/#breadcrumb"},"inLanguage":"fr-CA","potentialAction":[{"@type":"ReadAction","target":["https:\/\/www.megamoolah.one\/fr\/liste\/riverbelle\/"]}]},{"@type":"ImageObject","inLanguage":"fr-CA","@id":"https:\/\/www.megamoolah.one\/fr\/liste\/riverbelle\/#primaryimage","url":"https:\/\/www.megamoolah.one\/fr\/wp-content\/uploads\/2020\/05\/riverbellecasino.png","contentUrl":"https:\/\/www.megamoolah.one\/fr\/wp-content\/uploads\/2020\/05\/riverbellecasino.png","width":250,"height":250,"caption":"River Belle"},{"@type":"BreadcrumbList","@id":"https:\/\/www.megamoolah.one\/fr\/liste\/riverbelle\/#breadcrumb","itemListElement":[{"@type":"ListItem","position":1,"name":"Accueil","item":"https:\/\/www.megamoolah.one\/fr\/"},{"@type":"ListItem","position":2,"name":"Casinos","item":"https:\/\/www.megamoolah.one\/fr\/liste\/"},{"@type":"ListItem","position":3,"name":"River Belle"}]},{"@type":"WebSite","@id":"https:\/\/www.megamoolah.one\/fr\/#website","url":"https:\/\/www.megamoolah.one\/fr\/","name":"Mega Moolah","description":"Offres de tours et bonus gratuits","publisher":{"@id":"https:\/\/www.megamoolah.one\/fr\/#organization"},"potentialAction":[{"@type":"SearchAction","target":{"@type":"EntryPoint","urlTemplate":"https:\/\/www.megamoolah.one\/fr\/?s={search_term_string}"},"query-input":{"@type":"PropertyValueSpecification","valueRequired":true,"valueName":"search_term_string"}}],"inLanguage":"fr-CA"},{"@type":"Organization","@id":"https:\/\/www.megamoolah.one\/fr\/#organization","name":"Mega Moolah","url":"https:\/\/www.megamoolah.one\/fr\/","logo":{"@type":"ImageObject","inLanguage":"fr-CA","@id":"https:\/\/www.megamoolah.one\/fr\/#\/schema\/logo\/image\/","url":"https:\/\/www.megamoolah.one\/fr\/wp-content\/uploads\/2020\/04\/logo-one-1.jpg","contentUrl":"https:\/\/www.megamoolah.one\/fr\/wp-content\/uploads\/2020\/04\/logo-one-1.jpg","width":390,"height":120,"caption":"Mega Moolah"},"image":{"@id":"https:\/\/www.megamoolah.one\/fr\/#\/schema\/logo\/image\/"}}]}},"_links":{"self":[{"href":"https:\/\/www.megamoolah.one\/fr\/wp-json\/wp\/v2\/pages\/2684","targetHints":{"allow":["GET"]}}],"collection":[{"href":"https:\/\/www.megamoolah.one\/fr\/wp-json\/wp\/v2\/pages"}],"about":[{"href":"https:\/\/www.megamoolah.one\/fr\/wp-json\/wp\/v2\/types\/page"}],"author":[{"embeddable":true,"href":"https:\/\/www.megamoolah.one\/fr\/wp-json\/wp\/v2\/users\/1"}],"replies":[{"embeddable":true,"href":"https:\/\/www.megamoolah.one\/fr\/wp-json\/wp\/v2\/comments?post=2684"}],"version-history":[{"count":6,"href":"https:\/\/www.megamoolah.one\/fr\/wp-json\/wp\/v2\/pages\/2684\/revisions"}],"predecessor-version":[{"id":5965,"href":"https:\/\/www.megamoolah.one\/fr\/wp-json\/wp\/v2\/pages\/2684\/revisions\/5965"}],"up":[{"embeddable":true,"href":"https:\/\/www.megamoolah.one\/fr\/wp-json\/wp\/v2\/pages\/822"}],"wp:attachment":[{"href":"https:\/\/www.megamoolah.one\/fr\/wp-json\/wp\/v2\/media?parent=2684"}],"curies":[{"name":"wp","href":"https:\/\/api.w.org\/{rel}","templated":true}]}}