{"id":2659,"date":"2020-05-10T09:15:22","date_gmt":"2020-05-10T09:15:22","guid":{"rendered":"https:\/\/www.megamoolah.one\/fr\/?page_id=2659"},"modified":"2025-01-12T11:14:38","modified_gmt":"2025-01-12T11:14:38","slug":"digimedia","status":"publish","type":"page","link":"https:\/\/www.megamoolah.one\/fr\/digimedia\/","title":{"rendered":"Digimedia"},"content":{"rendered":"<p>Le groupe Digimedia est le propri\u00e9taire, entre autres, des casinos en ligne Jackpot City, Spin Casino, Royal Vegas et Gaming Club. Ces casinos virtuels sont parmi les plus visit\u00e9s au monde. D\u2019autres marques iconiques de la cha\u00eene Digimedia sont aussi \u00e0 pr\u00e9senter, comme par exemple Lucky Nugget, River Belle et Mummy\u2019s Gold. Au total, via les filiales du groupe plus de 100 marques diff\u00e9rentes sont actives sur le World Wide Web.<\/p>\n<h2>L\u2019inventeur des casinos en ligne<\/h2>\n<p>C\u2019est en 1994 que les propri\u00e9taires de Digimedia ont ouvert le premier casino virtuel de tous les temps. Ce casino, Gaming Club est toujours actif. L\u2019ann\u00e9e 1994 aura marqu\u00e9 le d\u00e9but des premiers sites de casino sur Internet. Le succ\u00e8s rencontr\u00e9 par Gaming Club avait \u00e9t\u00e9 de taille \u00e0 cette \u00e9poque. Des millions de joueurs du monde entier s\u2019\u00e9taient inscrits sur ce casino en ligne. En \u00e0 peine une ann\u00e9e d\u2019activit\u00e9, les exploitants de Digimedia avaient r\u00e9ussi l\u2019impensable; proposer un casino sur Internet qui offre les m\u00eames options de jeu qu\u2019un vrai casino. Cette histoire \u00e0 succ\u00e8s avait motiv\u00e9 les exploitants de Gaming Club \u00e0 ouvrir d&rsquo;autres sites.<\/p>\n<h3>De 1997 \u00e0 ce jour<\/h3>\n<p>Rien qu&rsquo;en 1997, en 1998 et l&rsquo;an 2000, Digimedia avait mis sur pied une s\u00e9rie de casinos en ligne aussi efficaces que performants. On peut nommer, parmi ces pionniers des casinos virtuels, Gaming Club (1994), <a title=\"River Belle\" href=\"https:\/\/www.megamoolah.one\/fr\/liste\/riverbelle\/\">River Belle<\/a> (1997), <a title=\"Jackpot City\" href=\"https:\/\/www.megamoolah.one\/fr\/liste\/jackpotcity\/\">Jackpot City<\/a> (1998) et <a title=\"Royal Vegas\" href=\"https:\/\/www.megamoolah.one\/fr\/liste\/royalvegas\/\">Royal Vegas<\/a> (2000). Ces quatre sites de casino sont toujours actifs sur Internet, ce qui d\u00e9montre bien l&rsquo;engagement de Digimedia sur le march\u00e9; durer sur le temps tout en offrant des espaces de jeu dignes des plus beaux casinos en ligne.<\/p>\n<h3>Gaming Club &#8211; Actif depuis 1994<\/h3>\n<p>Avec le site Gaming Club, Digimedia se d\u00e9marque de tous les autres op\u00e9rateurs de l&rsquo;industrie des casinos virtuels. Ce site de casino a \u00e9t\u00e9 le premier de l&rsquo;histoire. En 1994, la soci\u00e9t\u00e9 Digimedia, qui n&rsquo;\u00e9tait alors qu&rsquo;une startup parmi d&rsquo;autres, allait devenir dans les ann\u00e9es \u00e0 venir le plus grand des op\u00e9rateurs sur le secteur des jeux de casino \u00e0 distance. Aujourd&rsquo;hui, Gaming Club est toujours un casino en ligne de r\u00e9f\u00e9rence. M\u00eame si ce casino en ligne n&rsquo;est pas list\u00e9 sur nos rubriques des casinos Mega Moolah (ce site est recommand\u00e9 pour les jeux de table et les slots classiques), il est l&rsquo;un des mieux r\u00e9alis\u00e9s vis-\u00e0-vis de ses concurrents. En effet, les propri\u00e9taires de ce casino en ligne mettent un point d&rsquo;honneur pour faire de Gaming Club le plus avanc\u00e9 des casinos virtuels d&rsquo;un point de vue technologique.<br \/>\n&nbsp;<\/p>\n<div align=center><a title=\"Gaming Club \u2013 le casino en ligne mod\u00e8le de Digimedia\" class=\"mm\" href=\"https:\/\/www.megamoolah.one\/gamingfr\" rel=\"noopener noreferrer\" target=\"_blank\"><img loading=\"lazy\" decoding=\"async\" title=\"Gaming Club \u2013 le casino en ligne mod\u00e8le de Digimedia\" src=\"https:\/\/www.megamoolah.one\/fr\/wp-content\/uploads\/2020\/05\/gamingclub.jpg\" alt=\"Gaming Club \u2013 le casino en ligne mod\u00e8le de Digimedia\" width=\"900\" height=\"450\" class=\"aligncenter size-full wp-image-2847\" srcset=\"https:\/\/www.megamoolah.one\/fr\/wp-content\/uploads\/2020\/05\/gamingclub.jpg 900w, https:\/\/www.megamoolah.one\/fr\/wp-content\/uploads\/2020\/05\/gamingclub-300x150.jpg 300w, https:\/\/www.megamoolah.one\/fr\/wp-content\/uploads\/2020\/05\/gamingclub-768x384.jpg 768w\" sizes=\"auto, (max-width: 900px) 100vw, 900px\" \/><br \/>\nVISITER GAMING CLUB<\/a>\n<\/div>\n<p>&nbsp;<\/p>\n<h2>L\u2019expansion du groupe Digimedia<\/h2>\n<p>Face \u00e0 la concurrence d\u00e9mesur\u00e9e d\u2019autres investisseurs qui se sont lanc\u00e9s sur l\u2019industrie des casinos \u00e0 distance, le groupe Digimedia n\u2019a pas attendu longtemps pour rester l\u2019un des leaders du march\u00e9. Aujourd\u2019hui les propri\u00e9taires de Digimedia se placent comme des acteurs majeurs des jeux de casino en ligne. Avec plusieurs marques de confiance \u00e0 leur portfolio, Digimedia compte des dizaines de millions de joueurs actifs sur leurs casinos en ligne. C\u2019est avec les sites Jackpot City, Spin Casino et Royal Vegas que les fondateurs de Digimedia se font le plus remarquer.<\/p>\n<h2>La slot machine Mega Moolah et Digimedia<\/h2>\n<p>Lors du lancement de la slot progressive Mega Moolah en 2006, c\u2019est avec le site Jackpot City que le fournisseur du jeu, Microgaming (Apricot), a d\u00e9marr\u00e9 l&rsquo;une de ses promotions. L\u2019engouement des joueurs pour le Mega Moolah avait \u00e9t\u00e9 un r\u00e9el succ\u00e8s. C\u2019est pour cette raison que cette slot, la plus payante de tous les temps, a ensuite \u00e9t\u00e9 ajout\u00e9e \u00e0 tous les casinos en ligne affili\u00e9s \u00e0 Microgaming. Si le concurrent de Digimedia, <a title=\"Casino Rewards\" href=\"https:\/\/www.megamoolah.one\/fr\/casinorewards\/\">Casino Rewards<\/a>, est aujourd\u2019hui le plus actif du Web lorsqu&rsquo;il s&rsquo;agit du jeu Mega Moolah, Digimedia demeure toujours un pilier du secteur. Pour preuve, des records de gains ont lieu plusieurs fois par ann\u00e9e sur les sites de Digimedia. La marque du groupe qui produit le plus de grands gagnants Mega Moolah est <a title=\"Spin Casino\" href=\"https:\/\/www.megamoolah.one\/fr\/liste\/spincasino\/\">Spin Casino<\/a>, suivi de pr\u00e8s par Jackpot City Casino.<\/p>\n<h2>La s\u00e9rie des jeux WowPot<\/h2>\n<p>Depuis 2020, les sites Digimedia ont \u00e9t\u00e9 \u00e9quip\u00e9s des <a title=\"machines \u00e0 sous WowPot\" href=\"https:\/\/www.megamoolah.one\/fr\/wowpot-serie\/\">machines \u00e0 sous WowPot<\/a>. Ces jeux \u00e0 jackpot progressif d&rsquo;un nouveau genre sont programm\u00e9s avec des premiers prix qui commencent \u00e0 2 millions. Il ne reste plus qu&rsquo;\u00e0 voir dans les ann\u00e9es \u00e0 venir si le concept WowPot plaira aux joueurs.<\/p>\n<h2>Liens et adresses<\/h2>\n<p>Ci-dessous vous avez les liens et adresses de contact du groupe Digimedia. Le support client des casinos en ligne Digimedia est commun \u00e0 tous les sites du groupe. En plus des adresses de contact du groupe, les contacts des commissions de jeux d&rsquo;argent et des institutions dont Digimedia fait partie vous sont list\u00e9s.<\/p>\n<h3>Commissions des jeux d&rsquo;argent et de hasard<\/h3>\n<p>Les casinos de Digimedia sont inscrits aupr\u00e8s des commissions des jeux d&rsquo;argent list\u00e9es ci-dessous.<br \/>\n&nbsp;<br \/>\n<div class=\"su-row\">\n<div class=\"su-column su-column-size-1-2\"><div class=\"su-column-inner su-u-clearfix su-u-trim\">\n<h4>Gaming Commission au Canada<\/h4>\n<p>P.O. Box 1799<br \/>\nOld Malone Highway<br \/>\nKahnawake Mohawk Territory<br \/>\nQuebec, J0L 1B0<br \/>\nCanada<br \/>\n&nbsp;<br \/>\nFax: +1 450 635 1139<br \/>\nSite Internet: <a title=\"Gaming Commission\" href=\"http:\/\/www.gamingcommission.ca\" rel=\"noopener noreferrer\" target=\"_blank\">Gamingcommission.ca<\/a><br \/>\n<\/div><\/div>\n<div class=\"su-column su-column-size-1-2\"><div class=\"su-column-inner su-u-clearfix su-u-trim\">\n<h4>Malta Gaming Authority (Europe)<\/h4>\n<p>Building SCM 02-03, Level 4<br \/>\nSmartCity Malta<br \/>\nRicasoli SCM1001<br \/>\nMalta<br \/>\n&nbsp;<br \/>\n&nbsp;<br \/>\nT\u00e9l\u00e9phone: +356 2546 9000<br \/>\nSite Internet: <a title=\"Malta Gaming Authority\" href=\"https:\/\/www.mga.org.mt\" rel=\"noopener noreferrer\" target=\"_blank\">Mga.org.mt<\/a><br \/>\n<\/div><\/div>\n<\/div>\n<h3>Service pour les consommateurs &#8211; aide et support<\/h3>\n<p>Les associations dont Digimedia est membre sont joignables \u00e0 tout moment. Ces entit\u00e9s d\u00e9fendent les int\u00e9r\u00eats des joueurs. L&rsquo;eCOGRA peut \u00eatre contact\u00e9 si vous vous pensez avoir \u00e9t\u00e9 l\u00e9s\u00e9 sur un des casinos de Digimedia. Si par contre vous pensez avoir des probl\u00e8mes d&rsquo;addiction au jeu, GambleAware est l\u00e0 pour vous aider.<br \/>\n&nbsp;<br \/>\n<div class=\"su-row\">\n<div class=\"su-column su-column-size-1-2\"><div class=\"su-column-inner su-u-clearfix su-u-trim\">\n<h4>eCOGRA<\/h4>\n<p>2\/F Berkeley Square House<br \/>\nBerkeley Square<br \/>\nLondon W1J 6BD<br \/>\nUnited Kingdom<br \/>\n&nbsp;<br \/>\nEmail: info@ecogra.org<br \/>\nT\u00e9l\u00e9phone:  +44 20 7887 1480<br \/>\nSite Internet: <a title=\"eCOGRA\" href=\"https:\/\/www.ecogra.org\" rel=\"noopener noreferrer\" target=\"_blank\">eCOGRA.org<\/a><br \/>\n<\/div><\/div>\n<div class=\"su-column su-column-size-1-2\"><div class=\"su-column-inner su-u-clearfix su-u-trim\">\n<h4>GambleAware<\/h4>\n<p>Pennine Place<br \/>\n2a Charing Cross Rd<br \/>\nLondon WC2H 0HF<br \/>\nUnited Kingdom<br \/>\n&nbsp;<br \/>\nEmail: info@gambleaware.org<br \/>\nAppel gratuit 24\/7.<br \/>\nSite Internet: <a title=\"GambleAware\" href=\"https:\/\/www.gambleaware.org\" rel=\"noopener noreferrer\" target=\"_blank\">Gambleaware.org<\/a><br \/>\n<\/div><\/div>\n<\/div>\n<h3>Fournisseurs des jeux<\/h3>\n<p>Microgaming et Evolution Gaming sont les fournisseurs des jeux des casinos en ligne de Digimedia. Ces jeux sont les machines \u00e0 sous, le video poker, les jeux de table et les jeux en live streaming. Ce qui diff\u00e9rencie ces deux fournisseurs sont les cat\u00e9gories de jeux. En effet, les machines \u00e0 sous sont les jeux du fournisseur Microgaming (Apricot), alors que les jeux de table sont ceux fournis par Evolution Gaming.<br \/>\n&nbsp;<br \/>\n<div class=\"su-row\">\n<div class=\"su-column su-column-size-1-3\"><div class=\"su-column-inner su-u-clearfix su-u-trim\">\n<h4>Microgaming<\/h4>\n<p>MGS House<br \/>\nCircular Road, Douglas<br \/>\nIsle of Man, IM1 1BL<br \/>\nUnited Kingdom<br \/>\n&nbsp;<br \/>\nEmail: hello@microgaming.co.uk<br \/>\nT\u00e9l\u00e9phone: +44 1624 647777<br \/>\n&nbsp;<br \/>\nSite Internet: <a title=\"Microgaming\" href=\"https:\/\/www.apricot.co.im\" rel=\"noopener noreferrer\" target=\"_blank\">Microgaming.co.uk<\/a><br \/>\n<\/div><\/div>\n<div class=\"su-column su-column-size-1-3\"><div class=\"su-column-inner su-u-clearfix su-u-trim\">\n<h4>Evolution Gaming<\/h4>\n<p><strong>Evolution Gaming Malta <\/strong><br \/>\n<em>Quartier g\u00e9n\u00e9ral du groupe bas\u00e9 en Europe<\/em><br \/>\nPortomaso 1091<br \/>\nSt STJ 4013<br \/>\nMalte<br \/>\n<\/div><\/div>\n<div class=\"su-column su-column-size-1-3\"><div class=\"su-column-inner su-u-clearfix su-u-trim\">\n&nbsp;<br \/>\n<strong>Evolution Gaming au Royaume-Uni<\/strong><br \/>\n55 Baker Street<br \/>\nGround Floor South<br \/>\nLondon, W1U 8EW<br \/>\nUnited Kingdom<br \/>\n&nbsp;<br \/>\nT\u00e9l\u00e9phone: +44 20 7563 9140<br \/>\n&nbsp;<br \/>\nSite Internet Officiel: <a title=\"Evolution Gaming\" href=\"https:\/\/www.evolutiongaming.com\" rel=\"noopener noreferrer\" target=\"_blank\">EvolutionGaming.com<\/a><br \/>\n<\/div><\/div>\n<\/div>\n&nbsp;<br \/>\n<div class=\"su-row\">\n<div class=\"su-column su-column-size-1-2\"><div class=\"su-column-inner su-u-clearfix su-u-trim\">\n<h3>Site source de Digimedia<\/h3>\n<p>Chaque casino en ligne Digimedia est une entit\u00e9 \u00e0 part enti\u00e8re.<br \/>\n&nbsp;<br \/>\nSoci\u00e9t\u00e9 propri\u00e9taire: Digimedia.com.mt<br \/>\n<\/div><\/div>\n<div class=\"su-column su-column-size-1-2\"><div class=\"su-column-inner su-u-clearfix su-u-trim\">\n<h3>Affili\u00e9s<\/h3>\n<p>Buffalo Partners est le site Internet officiel r\u00e9serv\u00e9s aux affili\u00e9s et tierces parties qui ont des liens commerciaux avec la chaine des sites Internet de Digimedia.<br \/>\n&nbsp;<br \/>\nProgramme d\u2019affiliation: <a title=\"Buffalo Partners\" href=\"https:\/\/www.megamoolah.one\/bp\" rel=\"noopener noreferrer\" target=\"_blank\">BuffaloPartners.com<\/a><br \/>\n<\/div><\/div>\n<\/div>\n&nbsp;<\/p>\n","protected":false},"excerpt":{"rendered":"<p>Le groupe Digimedia est le propri\u00e9taire, entre autres, des casinos en ligne Jackpot City, Spin Casino, Royal Vegas et Gaming Club. Ces casinos virtuels sont parmi les plus visit\u00e9s au monde. D\u2019autres marques iconiques de la cha\u00eene Digimedia sont aussi<\/p>\n","protected":false},"author":1,"featured_media":0,"parent":0,"menu_order":0,"comment_status":"closed","ping_status":"closed","template":"template-fullwidth.php","meta":{"footnotes":""},"class_list":["post-2659","page","type-page","status-publish","hentry"],"yoast_head":"<!-- This site is optimized with the Yoast SEO plugin v27.6 - https:\/\/yoast.com\/product\/yoast-seo-wordpress\/ -->\n<title>Digimedia Contact - Casinos du Groupe<\/title>\n<meta name=\"description\" content=\"Liste des casinos en ligne de Digimedia. Propri\u00e9taires et adresses de contact. Aide et support client au Canada et en Europe.\" \/>\n<meta name=\"robots\" content=\"index, follow, max-snippet:-1, max-image-preview:large, max-video-preview:-1\" \/>\n<link rel=\"canonical\" href=\"https:\/\/www.megamoolah.one\/fr\/digimedia\/\" \/>\n<meta property=\"og:locale\" content=\"fr_CA\" \/>\n<meta property=\"og:type\" content=\"article\" \/>\n<meta property=\"og:title\" content=\"Digimedia Contact - Casinos du Groupe\" \/>\n<meta property=\"og:description\" content=\"Liste des casinos en ligne de Digimedia. Propri\u00e9taires et adresses de contact. Aide et support client au Canada et en Europe.\" \/>\n<meta property=\"og:url\" content=\"https:\/\/www.megamoolah.one\/fr\/digimedia\/\" \/>\n<meta property=\"og:site_name\" content=\"Mega Moolah\" \/>\n<meta property=\"article:modified_time\" content=\"2025-01-12T11:14:38+00:00\" \/>\n<meta property=\"og:image\" content=\"https:\/\/www.megamoolah.one\/fr\/wp-content\/uploads\/2020\/05\/gamingclub.jpg\" \/>\n\t<meta property=\"og:image:width\" content=\"900\" \/>\n\t<meta property=\"og:image:height\" content=\"450\" \/>\n\t<meta property=\"og:image:type\" content=\"image\/jpeg\" \/>\n<meta name=\"twitter:card\" content=\"summary_large_image\" \/>\n<meta name=\"twitter:label1\" content=\"Estimation du temps de lecture\" \/>\n\t<meta name=\"twitter:data1\" content=\"7 minutes\" \/>\n<script type=\"application\/ld+json\" class=\"yoast-schema-graph\">{\"@context\":\"https:\\\/\\\/schema.org\",\"@graph\":[{\"@type\":\"WebPage\",\"@id\":\"https:\\\/\\\/www.megamoolah.one\\\/fr\\\/digimedia\\\/\",\"url\":\"https:\\\/\\\/www.megamoolah.one\\\/fr\\\/digimedia\\\/\",\"name\":\"Digimedia Contact - Casinos du Groupe\",\"isPartOf\":{\"@id\":\"https:\\\/\\\/www.megamoolah.one\\\/fr\\\/#website\"},\"primaryImageOfPage\":{\"@id\":\"https:\\\/\\\/www.megamoolah.one\\\/fr\\\/digimedia\\\/#primaryimage\"},\"image\":{\"@id\":\"https:\\\/\\\/www.megamoolah.one\\\/fr\\\/digimedia\\\/#primaryimage\"},\"thumbnailUrl\":\"https:\\\/\\\/www.megamoolah.one\\\/fr\\\/wp-content\\\/uploads\\\/2020\\\/05\\\/gamingclub.jpg\",\"datePublished\":\"2020-05-10T09:15:22+00:00\",\"dateModified\":\"2025-01-12T11:14:38+00:00\",\"description\":\"Liste des casinos en ligne de Digimedia. Propri\u00e9taires et adresses de contact. Aide et support client au Canada et en Europe.\",\"breadcrumb\":{\"@id\":\"https:\\\/\\\/www.megamoolah.one\\\/fr\\\/digimedia\\\/#breadcrumb\"},\"inLanguage\":\"fr-CA\",\"potentialAction\":[{\"@type\":\"ReadAction\",\"target\":[\"https:\\\/\\\/www.megamoolah.one\\\/fr\\\/digimedia\\\/\"]}]},{\"@type\":\"ImageObject\",\"inLanguage\":\"fr-CA\",\"@id\":\"https:\\\/\\\/www.megamoolah.one\\\/fr\\\/digimedia\\\/#primaryimage\",\"url\":\"https:\\\/\\\/www.megamoolah.one\\\/fr\\\/wp-content\\\/uploads\\\/2020\\\/05\\\/gamingclub.jpg\",\"contentUrl\":\"https:\\\/\\\/www.megamoolah.one\\\/fr\\\/wp-content\\\/uploads\\\/2020\\\/05\\\/gamingclub.jpg\",\"width\":900,\"height\":450,\"caption\":\"Gaming Club\"},{\"@type\":\"BreadcrumbList\",\"@id\":\"https:\\\/\\\/www.megamoolah.one\\\/fr\\\/digimedia\\\/#breadcrumb\",\"itemListElement\":[{\"@type\":\"ListItem\",\"position\":1,\"name\":\"Accueil\",\"item\":\"https:\\\/\\\/www.megamoolah.one\\\/fr\\\/\"},{\"@type\":\"ListItem\",\"position\":2,\"name\":\"Digimedia\"}]},{\"@type\":\"WebSite\",\"@id\":\"https:\\\/\\\/www.megamoolah.one\\\/fr\\\/#website\",\"url\":\"https:\\\/\\\/www.megamoolah.one\\\/fr\\\/\",\"name\":\"Mega Moolah\",\"description\":\"Offres de tours et bonus gratuits\",\"publisher\":{\"@id\":\"https:\\\/\\\/www.megamoolah.one\\\/fr\\\/#organization\"},\"potentialAction\":[{\"@type\":\"SearchAction\",\"target\":{\"@type\":\"EntryPoint\",\"urlTemplate\":\"https:\\\/\\\/www.megamoolah.one\\\/fr\\\/?s={search_term_string}\"},\"query-input\":{\"@type\":\"PropertyValueSpecification\",\"valueRequired\":true,\"valueName\":\"search_term_string\"}}],\"inLanguage\":\"fr-CA\"},{\"@type\":\"Organization\",\"@id\":\"https:\\\/\\\/www.megamoolah.one\\\/fr\\\/#organization\",\"name\":\"Mega Moolah\",\"url\":\"https:\\\/\\\/www.megamoolah.one\\\/fr\\\/\",\"logo\":{\"@type\":\"ImageObject\",\"inLanguage\":\"fr-CA\",\"@id\":\"https:\\\/\\\/www.megamoolah.one\\\/fr\\\/#\\\/schema\\\/logo\\\/image\\\/\",\"url\":\"https:\\\/\\\/www.megamoolah.one\\\/fr\\\/wp-content\\\/uploads\\\/2020\\\/04\\\/logo-one-1.jpg\",\"contentUrl\":\"https:\\\/\\\/www.megamoolah.one\\\/fr\\\/wp-content\\\/uploads\\\/2020\\\/04\\\/logo-one-1.jpg\",\"width\":390,\"height\":120,\"caption\":\"Mega Moolah\"},\"image\":{\"@id\":\"https:\\\/\\\/www.megamoolah.one\\\/fr\\\/#\\\/schema\\\/logo\\\/image\\\/\"}}]}<\/script>\n<!-- \/ Yoast SEO plugin. -->","yoast_head_json":{"title":"Digimedia Contact - Casinos du Groupe","description":"Liste des casinos en ligne de Digimedia. Propri\u00e9taires et adresses de contact. Aide et support client au Canada et en Europe.","robots":{"index":"index","follow":"follow","max-snippet":"max-snippet:-1","max-image-preview":"max-image-preview:large","max-video-preview":"max-video-preview:-1"},"canonical":"https:\/\/www.megamoolah.one\/fr\/digimedia\/","og_locale":"fr_CA","og_type":"article","og_title":"Digimedia Contact - Casinos du Groupe","og_description":"Liste des casinos en ligne de Digimedia. Propri\u00e9taires et adresses de contact. Aide et support client au Canada et en Europe.","og_url":"https:\/\/www.megamoolah.one\/fr\/digimedia\/","og_site_name":"Mega Moolah","article_modified_time":"2025-01-12T11:14:38+00:00","og_image":[{"width":900,"height":450,"url":"https:\/\/www.megamoolah.one\/fr\/wp-content\/uploads\/2020\/05\/gamingclub.jpg","type":"image\/jpeg"}],"twitter_card":"summary_large_image","twitter_misc":{"Estimation du temps de lecture":"7 minutes"},"schema":{"@context":"https:\/\/schema.org","@graph":[{"@type":"WebPage","@id":"https:\/\/www.megamoolah.one\/fr\/digimedia\/","url":"https:\/\/www.megamoolah.one\/fr\/digimedia\/","name":"Digimedia Contact - Casinos du Groupe","isPartOf":{"@id":"https:\/\/www.megamoolah.one\/fr\/#website"},"primaryImageOfPage":{"@id":"https:\/\/www.megamoolah.one\/fr\/digimedia\/#primaryimage"},"image":{"@id":"https:\/\/www.megamoolah.one\/fr\/digimedia\/#primaryimage"},"thumbnailUrl":"https:\/\/www.megamoolah.one\/fr\/wp-content\/uploads\/2020\/05\/gamingclub.jpg","datePublished":"2020-05-10T09:15:22+00:00","dateModified":"2025-01-12T11:14:38+00:00","description":"Liste des casinos en ligne de Digimedia. Propri\u00e9taires et adresses de contact. Aide et support client au Canada et en Europe.","breadcrumb":{"@id":"https:\/\/www.megamoolah.one\/fr\/digimedia\/#breadcrumb"},"inLanguage":"fr-CA","potentialAction":[{"@type":"ReadAction","target":["https:\/\/www.megamoolah.one\/fr\/digimedia\/"]}]},{"@type":"ImageObject","inLanguage":"fr-CA","@id":"https:\/\/www.megamoolah.one\/fr\/digimedia\/#primaryimage","url":"https:\/\/www.megamoolah.one\/fr\/wp-content\/uploads\/2020\/05\/gamingclub.jpg","contentUrl":"https:\/\/www.megamoolah.one\/fr\/wp-content\/uploads\/2020\/05\/gamingclub.jpg","width":900,"height":450,"caption":"Gaming Club"},{"@type":"BreadcrumbList","@id":"https:\/\/www.megamoolah.one\/fr\/digimedia\/#breadcrumb","itemListElement":[{"@type":"ListItem","position":1,"name":"Accueil","item":"https:\/\/www.megamoolah.one\/fr\/"},{"@type":"ListItem","position":2,"name":"Digimedia"}]},{"@type":"WebSite","@id":"https:\/\/www.megamoolah.one\/fr\/#website","url":"https:\/\/www.megamoolah.one\/fr\/","name":"Mega Moolah","description":"Offres de tours et bonus gratuits","publisher":{"@id":"https:\/\/www.megamoolah.one\/fr\/#organization"},"potentialAction":[{"@type":"SearchAction","target":{"@type":"EntryPoint","urlTemplate":"https:\/\/www.megamoolah.one\/fr\/?s={search_term_string}"},"query-input":{"@type":"PropertyValueSpecification","valueRequired":true,"valueName":"search_term_string"}}],"inLanguage":"fr-CA"},{"@type":"Organization","@id":"https:\/\/www.megamoolah.one\/fr\/#organization","name":"Mega Moolah","url":"https:\/\/www.megamoolah.one\/fr\/","logo":{"@type":"ImageObject","inLanguage":"fr-CA","@id":"https:\/\/www.megamoolah.one\/fr\/#\/schema\/logo\/image\/","url":"https:\/\/www.megamoolah.one\/fr\/wp-content\/uploads\/2020\/04\/logo-one-1.jpg","contentUrl":"https:\/\/www.megamoolah.one\/fr\/wp-content\/uploads\/2020\/04\/logo-one-1.jpg","width":390,"height":120,"caption":"Mega Moolah"},"image":{"@id":"https:\/\/www.megamoolah.one\/fr\/#\/schema\/logo\/image\/"}}]}},"_links":{"self":[{"href":"https:\/\/www.megamoolah.one\/fr\/wp-json\/wp\/v2\/pages\/2659","targetHints":{"allow":["GET"]}}],"collection":[{"href":"https:\/\/www.megamoolah.one\/fr\/wp-json\/wp\/v2\/pages"}],"about":[{"href":"https:\/\/www.megamoolah.one\/fr\/wp-json\/wp\/v2\/types\/page"}],"author":[{"embeddable":true,"href":"https:\/\/www.megamoolah.one\/fr\/wp-json\/wp\/v2\/users\/1"}],"replies":[{"embeddable":true,"href":"https:\/\/www.megamoolah.one\/fr\/wp-json\/wp\/v2\/comments?post=2659"}],"version-history":[{"count":43,"href":"https:\/\/www.megamoolah.one\/fr\/wp-json\/wp\/v2\/pages\/2659\/revisions"}],"predecessor-version":[{"id":7320,"href":"https:\/\/www.megamoolah.one\/fr\/wp-json\/wp\/v2\/pages\/2659\/revisions\/7320"}],"wp:attachment":[{"href":"https:\/\/www.megamoolah.one\/fr\/wp-json\/wp\/v2\/media?parent=2659"}],"curies":[{"name":"wp","href":"https:\/\/api.w.org\/{rel}","templated":true}]}}