{"id":2395,"date":"2020-04-30T03:38:05","date_gmt":"2020-04-30T03:38:05","guid":{"rendered":"https:\/\/www.megamoolah.one\/fr\/?page_id=2395"},"modified":"2022-01-04T18:53:03","modified_gmt":"2022-01-04T18:53:03","slug":"deontologie","status":"publish","type":"page","link":"https:\/\/www.megamoolah.one\/fr\/deontologie\/","title":{"rendered":"Crit\u00e8res de S\u00e9lection"},"content":{"rendered":"<p>Nos crit\u00e8res de s\u00e9lection pour choisir les casinos en ligne \u00e0 l&rsquo;affiche sur notre guide sont parmi les plus dures du secteur. Des normes aussi strictes que celles impos\u00e9es par les commissions des jeux d&rsquo;argent en Angleterre, au Canada et en Europe sont prises en compte. Cette mani\u00e8re d&rsquo;op\u00e9rer ne fait qu&rsquo;ajouter du cr\u00e9dit au site <a title=\"Mega Moolah One\" href=\"https:\/\/www.megamoolah.one\/fr\/\">Mega Moolah One<\/a>. La volont\u00e9 du propri\u00e9taire et des intervenants de notre guide est de proposer uniquement des offres valables. Ces offres sont toutes propos\u00e9es par des casinos en ligne qui ont largement fait leurs preuves aupr\u00e8s des joueurs.<\/p>\n<h2>D\u00e9ontologie<\/h2>\n<p>Par principe nous pr\u00e9sentons uniquement sur notre guide des sites de casino li\u00e9s aux jeux du fournisseur Microgaming. Ce fournisseur est le cr\u00e9ateur de la machine \u00e0 sous Mega Moolah, mais pas seulement. Microgaming est le cr\u00e9ateur des jeux de casino en ligne les plus fiables connus \u00e0 ce jour. Le savoir-faire de cette entit\u00e9 a \u00e9t\u00e9 r\u00e9compens\u00e9 \u00e0 de nombreuses reprises par les acteurs les plus actifs de l&rsquo;Internet. Tant pour les machines \u00e0 sous que les jeux de table, Microgaming est le choix pr\u00e9f\u00e9r\u00e9 des exploitants de casinos en ligne de l\u00e9gende.<\/p>\n<h2>V\u00e9rification et audition<\/h2>\n<p>Les casinos en ligne list\u00e9s sur Mega Moolah sont v\u00e9rifi\u00e9s en permanence par les commissions des jeux d&rsquo;argent les plus engag\u00e9es aupr\u00e8s des joueurs. Les jeux sont audit\u00e9s en d\u00e9tail chaque mois, ce qui permet d&rsquo;en ressortir les taux de reversement. Ces taux indiquent les sommes d&rsquo;argent revers\u00e9es aux joueurs. Et les casinos en ligne sont aussi pass\u00e9s au crible. Le segment des m\u00e9thodes de paiement et d&rsquo;encaissement est aussi pris tr\u00e8s au s\u00e9rieux par les commissions des jeux. La s\u00e9curit\u00e9 des transactions est l&rsquo;un des crit\u00e8res les plus surveill\u00e9s par ces commissions. Le support client de chaque salle de jeux est aussi pass\u00e9 en revue.<\/p>\n<h2>Offres et mises \u00e0 jour<\/h2>\n<p>Nos pages Web sont souvent mises \u00e0 jour afin de vous garantir un acc\u00e8s \u00e0 des donn\u00e9es actuelles. Les pages des <a title=\"bonus sur d\u00e9p\u00f4t\" href=\"https:\/\/www.megamoolah.one\/fr\/bonus\/\">bonus sur d\u00e9p\u00f4t<\/a> et des <a title=\"tours gratuits\" href=\"https:\/\/www.megamoolah.one\/fr\/tourgratuit\/\">tours gratuits<\/a> de bienvenue sont celles qui sont actualis\u00e9es le plus souvent sur notre guide. En tant que joueur vous pouvez ainsi profiter des offres les plus r\u00e9centes. De plus notre pav\u00e9 des News vous tient inform\u00e9 des infos les plus pertinentes lorsqu&rsquo;il s&rsquo;agit de la machine \u00e0 sous Mega Moolah.<\/p>\n<h2>Normes et crit\u00e8res de s\u00e9lection<\/h2>\n<p>Voici la liste des crit\u00e8res que nous appliquons pour s\u00e9lectionner des casinos en ligne. Ces normes sont tr\u00e8s strictes, elles ont le m\u00e9rite de placer le joueur \u00e0 la premi\u00e8re place. Le but supr\u00eame, en appliquant ces normes, est que vous puissiez choisir un casino en ligne aussi honn\u00eate que fiable.<\/p>\n<ul>\n<li>Le casino en ligne doit \u00eatre enregistr\u00e9 aupr\u00e8s d&rsquo;une commission des jeux d&rsquo;argent qui jouit d\u2019une r\u00e9putation irr\u00e9prochable.<\/li>\n<li>Un programme d&rsquo;aide et de support client doit pouvoir \u00eatre contact\u00e9 \u00e0 tout moment.<\/li>\n<li>Les bonus et\/ou tours gratuits de bienvenue doivent offrir des chances de gagner le super jackpot du Mega Moolah.<\/li>\n<li>Chaque gain r\u00e9alis\u00e9 doit \u00eatre pay\u00e9 sur simple demande.<\/li>\n<li>Tout casino en ligne \u00e0 l&rsquo;affiche doit avoir un minimum de 10 ans d&rsquo;activit\u00e9.<\/li>\n<li>Les jeux de chaque casino en ligne doivent \u00eatre compatibles sur PC, Mac, tablette et smartphone.<\/li>\n<\/ul>\n<h2>Casino Rewards et Digimedia<\/h2>\n<p>Ces deux soci\u00e9t\u00e9s sont les propri\u00e9taires des casinos en ligne list\u00e9s sur Mega Moolah One. Sur la globalit\u00e9 des casinos virtuels actifs, seuls les marques de <a title=\"Casino Rewards\" href=\"https:\/\/www.megamoolah.one\/fr\/casinorewards\/\">Casino Rewards<\/a> et <a title=\"Digimedia\" href=\"https:\/\/www.megamoolah.one\/fr\/digimedia\/\">Digimedia<\/a> sont mises en avant sur nos pages Web. Comparativement aux autres soci\u00e9t\u00e9s qui g\u00e8rent des casinos en ligne, Casino Rewards et Digimedia sont, selon nos expertises, les plus s\u00e9rieuses. Aucun autre groupe au monde ne fait aussi bien que ces deux r\u00e9f\u00e9rences pour jouer en ligne au Mega Moolah.<\/p>\n<h2>Commissions des jeux d&rsquo;argent<\/h2>\n<p>Les casinos en ligne Mega Moolah affich\u00e9s sur notre site Internet sont inscrits \u00e0 l&rsquo;une ou plusieurs des commissions list\u00e9es ci-dessous. Si vous voulez conna\u00eetre des d\u00e9tails sur les casinos en ligne que nous affichons, il vous suffit de vous rendre sur les sites officiels de ces commissions des jeux d&rsquo;argent. Sur chacun de ces sites un pav\u00e9 de recherche vous permet d&rsquo;acc\u00e9der \u00e0 une fiche technique de chaque casino que nous recommandons. Ces fiches techniques communiquent des informations que vous ne pourrez pas trouver ailleurs. De plus ces fiches sont r\u00e9alis\u00e9es avec objectivit\u00e9 afin de servir au mieux les int\u00e9r\u00eats des joueurs.<br \/>\n&nbsp;<br \/>\n<strong>Visitez les sites des commissions des jeux d&rsquo;argent !<\/strong><br \/>\n&nbsp;<br \/>\n1. <a title=\"L'United Kingdom Gaming Commission\" href=\"https:\/\/www.gamblingcommission.gov.uk\" rel=\"noopener noreferrer\" target=\"_blank\">L&rsquo;United Kingdom Gaming Commission<\/a><br \/>\nLa commission la plus stricte \u00e0 une \u00e9chelle mondiale.<br \/>\n&nbsp;<br \/>\n2. <a title=\"La Malta Gaming Authority\" href=\"https:\/\/www.mga.org.mt\" rel=\"noopener noreferrer\" target=\"_blank\">La Malta Gaming Authority<\/a><br \/>\nL&rsquo;Autorit\u00e9 la plus embl\u00e9matique d&rsquo;Europe.<br \/>\n&nbsp;<br \/>\n3. <a title=\"La Kahnawake Gaming Commission\" href=\"https:\/\/www.gamingcommission.ca\" rel=\"noopener noreferrer\" target=\"_blank\">La Kahnawake Gaming Commission<\/a><br \/>\nUne ic\u00f4ne de prestige en Am\u00e9rique du Nord.<br \/>\n&nbsp;<\/p>\n","protected":false},"excerpt":{"rendered":"<p>Nos crit\u00e8res de s\u00e9lection pour choisir les casinos en ligne \u00e0 l&rsquo;affiche sur notre guide sont parmi les plus dures du secteur. Des normes aussi strictes que celles impos\u00e9es par les commissions des jeux d&rsquo;argent en Angleterre, au Canada et<\/p>\n","protected":false},"author":1,"featured_media":0,"parent":0,"menu_order":0,"comment_status":"closed","ping_status":"closed","template":"template-fullwidth.php","meta":{"footnotes":""},"class_list":["post-2395","page","type-page","status-publish","hentry"],"yoast_head":"<!-- This site is optimized with the Yoast SEO plugin v27.6 - https:\/\/yoast.com\/product\/yoast-seo-wordpress\/ -->\n<title>Crit\u00e8res de S\u00e9lection du Guide Mega Moolah One<\/title>\n<meta name=\"description\" content=\"Crit\u00e8res de s\u00e9lection pour lister des casinos en ligne sur Mega Moolah One. Nos normes sont strictes, elles ajoutent du cr\u00e9dit \u00e0 notre guide.\" \/>\n<meta name=\"robots\" content=\"index, follow, max-snippet:-1, max-image-preview:large, max-video-preview:-1\" \/>\n<link rel=\"canonical\" href=\"https:\/\/www.megamoolah.one\/fr\/deontologie\/\" \/>\n<meta property=\"og:locale\" content=\"fr_CA\" \/>\n<meta property=\"og:type\" content=\"article\" \/>\n<meta property=\"og:title\" content=\"Crit\u00e8res de S\u00e9lection du Guide Mega Moolah One\" \/>\n<meta property=\"og:description\" content=\"Crit\u00e8res de s\u00e9lection pour lister des casinos en ligne sur Mega Moolah One. Nos normes sont strictes, elles ajoutent du cr\u00e9dit \u00e0 notre guide.\" \/>\n<meta property=\"og:url\" content=\"https:\/\/www.megamoolah.one\/fr\/deontologie\/\" \/>\n<meta property=\"og:site_name\" content=\"Mega Moolah\" \/>\n<meta property=\"article:modified_time\" content=\"2022-01-04T18:53:03+00:00\" \/>\n<meta name=\"twitter:card\" content=\"summary_large_image\" \/>\n<meta name=\"twitter:label1\" content=\"Estimation du temps de lecture\" \/>\n\t<meta name=\"twitter:data1\" content=\"4 minutes\" \/>\n<script type=\"application\/ld+json\" class=\"yoast-schema-graph\">{\"@context\":\"https:\\\/\\\/schema.org\",\"@graph\":[{\"@type\":\"WebPage\",\"@id\":\"https:\\\/\\\/www.megamoolah.one\\\/fr\\\/deontologie\\\/\",\"url\":\"https:\\\/\\\/www.megamoolah.one\\\/fr\\\/deontologie\\\/\",\"name\":\"Crit\u00e8res de S\u00e9lection du Guide Mega Moolah One\",\"isPartOf\":{\"@id\":\"https:\\\/\\\/www.megamoolah.one\\\/fr\\\/#website\"},\"datePublished\":\"2020-04-30T03:38:05+00:00\",\"dateModified\":\"2022-01-04T18:53:03+00:00\",\"description\":\"Crit\u00e8res de s\u00e9lection pour lister des casinos en ligne sur Mega Moolah One. Nos normes sont strictes, elles ajoutent du cr\u00e9dit \u00e0 notre guide.\",\"breadcrumb\":{\"@id\":\"https:\\\/\\\/www.megamoolah.one\\\/fr\\\/deontologie\\\/#breadcrumb\"},\"inLanguage\":\"fr-CA\",\"potentialAction\":[{\"@type\":\"ReadAction\",\"target\":[\"https:\\\/\\\/www.megamoolah.one\\\/fr\\\/deontologie\\\/\"]}]},{\"@type\":\"BreadcrumbList\",\"@id\":\"https:\\\/\\\/www.megamoolah.one\\\/fr\\\/deontologie\\\/#breadcrumb\",\"itemListElement\":[{\"@type\":\"ListItem\",\"position\":1,\"name\":\"Accueil\",\"item\":\"https:\\\/\\\/www.megamoolah.one\\\/fr\\\/\"},{\"@type\":\"ListItem\",\"position\":2,\"name\":\"Crit\u00e8res de S\u00e9lection\"}]},{\"@type\":\"WebSite\",\"@id\":\"https:\\\/\\\/www.megamoolah.one\\\/fr\\\/#website\",\"url\":\"https:\\\/\\\/www.megamoolah.one\\\/fr\\\/\",\"name\":\"Mega Moolah\",\"description\":\"Offres de tours et bonus gratuits\",\"publisher\":{\"@id\":\"https:\\\/\\\/www.megamoolah.one\\\/fr\\\/#organization\"},\"potentialAction\":[{\"@type\":\"SearchAction\",\"target\":{\"@type\":\"EntryPoint\",\"urlTemplate\":\"https:\\\/\\\/www.megamoolah.one\\\/fr\\\/?s={search_term_string}\"},\"query-input\":{\"@type\":\"PropertyValueSpecification\",\"valueRequired\":true,\"valueName\":\"search_term_string\"}}],\"inLanguage\":\"fr-CA\"},{\"@type\":\"Organization\",\"@id\":\"https:\\\/\\\/www.megamoolah.one\\\/fr\\\/#organization\",\"name\":\"Mega Moolah\",\"url\":\"https:\\\/\\\/www.megamoolah.one\\\/fr\\\/\",\"logo\":{\"@type\":\"ImageObject\",\"inLanguage\":\"fr-CA\",\"@id\":\"https:\\\/\\\/www.megamoolah.one\\\/fr\\\/#\\\/schema\\\/logo\\\/image\\\/\",\"url\":\"https:\\\/\\\/www.megamoolah.one\\\/fr\\\/wp-content\\\/uploads\\\/2020\\\/04\\\/logo-one-1.jpg\",\"contentUrl\":\"https:\\\/\\\/www.megamoolah.one\\\/fr\\\/wp-content\\\/uploads\\\/2020\\\/04\\\/logo-one-1.jpg\",\"width\":390,\"height\":120,\"caption\":\"Mega Moolah\"},\"image\":{\"@id\":\"https:\\\/\\\/www.megamoolah.one\\\/fr\\\/#\\\/schema\\\/logo\\\/image\\\/\"}}]}<\/script>\n<!-- \/ Yoast SEO plugin. -->","yoast_head_json":{"title":"Crit\u00e8res de S\u00e9lection du Guide Mega Moolah One","description":"Crit\u00e8res de s\u00e9lection pour lister des casinos en ligne sur Mega Moolah One. Nos normes sont strictes, elles ajoutent du cr\u00e9dit \u00e0 notre guide.","robots":{"index":"index","follow":"follow","max-snippet":"max-snippet:-1","max-image-preview":"max-image-preview:large","max-video-preview":"max-video-preview:-1"},"canonical":"https:\/\/www.megamoolah.one\/fr\/deontologie\/","og_locale":"fr_CA","og_type":"article","og_title":"Crit\u00e8res de S\u00e9lection du Guide Mega Moolah One","og_description":"Crit\u00e8res de s\u00e9lection pour lister des casinos en ligne sur Mega Moolah One. Nos normes sont strictes, elles ajoutent du cr\u00e9dit \u00e0 notre guide.","og_url":"https:\/\/www.megamoolah.one\/fr\/deontologie\/","og_site_name":"Mega Moolah","article_modified_time":"2022-01-04T18:53:03+00:00","twitter_card":"summary_large_image","twitter_misc":{"Estimation du temps de lecture":"4 minutes"},"schema":{"@context":"https:\/\/schema.org","@graph":[{"@type":"WebPage","@id":"https:\/\/www.megamoolah.one\/fr\/deontologie\/","url":"https:\/\/www.megamoolah.one\/fr\/deontologie\/","name":"Crit\u00e8res de S\u00e9lection du Guide Mega Moolah One","isPartOf":{"@id":"https:\/\/www.megamoolah.one\/fr\/#website"},"datePublished":"2020-04-30T03:38:05+00:00","dateModified":"2022-01-04T18:53:03+00:00","description":"Crit\u00e8res de s\u00e9lection pour lister des casinos en ligne sur Mega Moolah One. Nos normes sont strictes, elles ajoutent du cr\u00e9dit \u00e0 notre guide.","breadcrumb":{"@id":"https:\/\/www.megamoolah.one\/fr\/deontologie\/#breadcrumb"},"inLanguage":"fr-CA","potentialAction":[{"@type":"ReadAction","target":["https:\/\/www.megamoolah.one\/fr\/deontologie\/"]}]},{"@type":"BreadcrumbList","@id":"https:\/\/www.megamoolah.one\/fr\/deontologie\/#breadcrumb","itemListElement":[{"@type":"ListItem","position":1,"name":"Accueil","item":"https:\/\/www.megamoolah.one\/fr\/"},{"@type":"ListItem","position":2,"name":"Crit\u00e8res de S\u00e9lection"}]},{"@type":"WebSite","@id":"https:\/\/www.megamoolah.one\/fr\/#website","url":"https:\/\/www.megamoolah.one\/fr\/","name":"Mega Moolah","description":"Offres de tours et bonus gratuits","publisher":{"@id":"https:\/\/www.megamoolah.one\/fr\/#organization"},"potentialAction":[{"@type":"SearchAction","target":{"@type":"EntryPoint","urlTemplate":"https:\/\/www.megamoolah.one\/fr\/?s={search_term_string}"},"query-input":{"@type":"PropertyValueSpecification","valueRequired":true,"valueName":"search_term_string"}}],"inLanguage":"fr-CA"},{"@type":"Organization","@id":"https:\/\/www.megamoolah.one\/fr\/#organization","name":"Mega Moolah","url":"https:\/\/www.megamoolah.one\/fr\/","logo":{"@type":"ImageObject","inLanguage":"fr-CA","@id":"https:\/\/www.megamoolah.one\/fr\/#\/schema\/logo\/image\/","url":"https:\/\/www.megamoolah.one\/fr\/wp-content\/uploads\/2020\/04\/logo-one-1.jpg","contentUrl":"https:\/\/www.megamoolah.one\/fr\/wp-content\/uploads\/2020\/04\/logo-one-1.jpg","width":390,"height":120,"caption":"Mega Moolah"},"image":{"@id":"https:\/\/www.megamoolah.one\/fr\/#\/schema\/logo\/image\/"}}]}},"_links":{"self":[{"href":"https:\/\/www.megamoolah.one\/fr\/wp-json\/wp\/v2\/pages\/2395","targetHints":{"allow":["GET"]}}],"collection":[{"href":"https:\/\/www.megamoolah.one\/fr\/wp-json\/wp\/v2\/pages"}],"about":[{"href":"https:\/\/www.megamoolah.one\/fr\/wp-json\/wp\/v2\/types\/page"}],"author":[{"embeddable":true,"href":"https:\/\/www.megamoolah.one\/fr\/wp-json\/wp\/v2\/users\/1"}],"replies":[{"embeddable":true,"href":"https:\/\/www.megamoolah.one\/fr\/wp-json\/wp\/v2\/comments?post=2395"}],"version-history":[{"count":22,"href":"https:\/\/www.megamoolah.one\/fr\/wp-json\/wp\/v2\/pages\/2395\/revisions"}],"predecessor-version":[{"id":5769,"href":"https:\/\/www.megamoolah.one\/fr\/wp-json\/wp\/v2\/pages\/2395\/revisions\/5769"}],"wp:attachment":[{"href":"https:\/\/www.megamoolah.one\/fr\/wp-json\/wp\/v2\/media?parent=2395"}],"curies":[{"name":"wp","href":"https:\/\/api.w.org\/{rel}","templated":true}]}}