{"id":2387,"date":"2020-04-30T02:52:28","date_gmt":"2020-04-30T02:52:28","guid":{"rendered":"https:\/\/www.megamoolah.one\/fr\/?page_id=2387"},"modified":"2022-10-12T01:15:31","modified_gmt":"2022-10-12T01:15:31","slug":"spincasino","status":"publish","type":"page","link":"https:\/\/www.megamoolah.one\/fr\/liste\/spincasino\/","title":{"rendered":"Spin Casino"},"content":{"rendered":"<div class=\"su-row\"><div class=\"su-column su-column-size-3-4\"><div class=\"su-column-inner su-u-clearfix su-u-trim\">Le casino en ligne recommand\u00e9 pour ses machines \u00e0 sous progressives. Les jeux du casino sont adapt\u00e9s aux Mac et aux PC Windows. Spin Casino est aussi \u00e9quip\u00e9 d&rsquo;une salle de jeux en live avec des vrais croupiers. Il y a m\u00eame une plateforme de paris sportifs.<br \/>\n&nbsp;<br \/>\nCe casino jouit d&rsquo;une large pr\u00e9sence sur Internet.  Sa r\u00e9putation n&rsquo;est plus \u00e0 faire.  Prim\u00e9 par des guides de casino au Canada et en Europe, le casino est aussi list\u00e9 sur les guides Mega Moolah. En bref <strong>ce casino en ligne est un Must<\/strong> ! Il est du taill\u00e9 sur mesure pour r\u00e9pondre aux exigences les plus strictes lorsqu&rsquo;il s&rsquo;agit de jouer depuis <strong>un Mac<\/strong> ou <strong>un PC<\/strong>. Le casino est bien s\u00fbr aussi au point sur les appareils mobiles.<\/div><\/div>\n<div class=\"su-column su-column-size-1-4\"><div class=\"su-column-inner su-u-clearfix su-u-trim\"><a title=\"Spin Casino\" class=\"mm\" href=\"https:\/\/www.megamoolah.one\/spinfr\" rel=\"noopener noreferrer\" target=\"_blank\"><img loading=\"lazy\" decoding=\"async\" title=\"Spin Casino\" src=\"https:\/\/www.megamoolah.one\/fr\/wp-content\/uploads\/2020\/04\/spin-casino.png\" alt=\"Spin Casino\" width=\"250\" height=\"250\" class=\"alignnone size-full wp-image-2389\" srcset=\"https:\/\/www.megamoolah.one\/fr\/wp-content\/uploads\/2020\/04\/spin-casino.png 250w, https:\/\/www.megamoolah.one\/fr\/wp-content\/uploads\/2020\/04\/spin-casino-200x200.png 200w\" sizes=\"auto, (max-width: 250px) 100vw, 250px\" \/><br \/>\nVISITER SPIN CASINO<\/a><br \/>\n<\/div><\/div>\n<\/div>\n<h2>Test du site Spin Casino<\/h2>\n<p>Les r\u00e9sultats de nos tests r\u00e9alis\u00e9s sur ce site ont de quoi convaincre les joueurs les plus exigeants. De l&rsquo;inscription en ligne jusqu&rsquo;aux encaissements des gains, ce casino en ligne a pass\u00e9 haut la main <a title=\"nos crit\u00e8res de s\u00e9lection\" href=\"https:\/\/www.megamoolah.one\/fr\/deontologie\/\">nos crit\u00e8res de s\u00e9lection<\/a>. De plus la qualit\u00e9 des jeux est optimale sur Spin Casino.  Et avec le support client, le tapis rouge est d\u00e9roul\u00e9 \u00e0 chaque membre de la salle de jeu. Les slots progressives du casino, le fer de lance de notre guide Mega Moolah, sont celles du fournisseur <strong>Microgaming<\/strong>. Vous pouvez donc \u00eatre rassur\u00e9 sur la fiabilit\u00e9 de Spin Casino.<\/p>\n<h3>Microgaming<\/h3>\n<p>Pour \u00eatre franc, Microgaming est le cr\u00e9ateur de machines \u00e0 sous en ligne le plus s\u00e9rieux. Cette r\u00e9f\u00e9rence des jeux de casino est la plus titr\u00e9e de l&rsquo;industrie. Que ce soit avec les slots, le video poker, la roulette ou le blackjack, le duo Spin Casino et Microgaming est synonyme d&rsquo;excellence. De plus, avec SpinCasino.com vous avez acc\u00e8s \u00e0 une salle de <strong>jeux en live<\/strong> !<\/p>\n<h3>Spin Casino &#8211; Un site de Digimedia<\/h3>\n<p>La plateforme du casino est l&rsquo;une des plus compl\u00e8tes du Web. Aussi bien faite que des sites comme <a title=\"Betway.com\" class=\"inv\" href=\"https:\/\/www.megamoolah.one\/betwayfr\" rel=\"noopener noreferrer\" target=\"_blank\">Betway.com<\/a> et <a title=\"Bet365.com\" class=\"inv\" href=\"https:\/\/www.megamoolah.one\/365\" rel=\"noopener noreferrer\" target=\"_blank\">Bet365.com<\/a>, deux g\u00e9ants du jeu, Spin Casino est une marque de confiance. Les propri\u00e9taires de Spin Casino, de la soci\u00e9t\u00e9 <a title=\"Digimedia\" href=\"https:\/\/www.megamoolah.one\/fr\/digimedia\/\">Digimedia<\/a>, mettent un point d&rsquo;honneur \u00e0 faire de cette plateforme de jeu l&rsquo;une des mieux r\u00e9alis\u00e9es du secteur. <\/p>\n<h2>Offre de bienvenue<\/h2>\n<p>Avec 1000$ de bonus \u00e0 recevoir, ce casino en ligne est \u00e0 prendre au s\u00e9rieux. Ces bonus sont utilisables sur la slot Mega Moolah ou sur tout autre jeu du casino. Le 1er bonus sur d\u00e9p\u00f4t est de 100% jusqu&rsquo;\u00e0 400$, et les deux suivants de 100% jusqu&rsquo;\u00e0 300$. En plus de ces trois offres cons\u00e9cutives, d&rsquo;autres bonus sont offerts par le casino gr\u00e2ce \u00e0 un <strong>programme de fid\u00e9lit\u00e9<\/strong>.<\/p>\n<h2>Gagnants chez Spin Casino<\/h2>\n<p>Ce casino en ligne compte des grands gagnants Mega Moolah. \u00c0 ce jour le plus gros gain r\u00e9alis\u00e9 chez Spin Casino a \u00e9t\u00e9 de plus de 10 millions. Cela d\u00e9montre bien que le casino est aim\u00e9 des joueurs de slots progressives. Il a aussi \u00e9t\u00e9 constat\u00e9 que les clients du casino sont fid\u00e8les. La raison de cette fid\u00e9lit\u00e9 est li\u00e9e \u00e0 l&rsquo;engagement du casino aupr\u00e8s de ses clients. En clair, le casino en ligne suit \u00e0 la lettre les crit\u00e8res de s\u00e9lection de notre guide, \u00e0 savoir consid\u00e9rer le joueur \u00e0 la premi\u00e8re place. <\/p>\n<h3>Liste Mega Moolah record<\/h3>\n<p>Les plus gros M\u00e9ga jackpots Mega Moolah gagn\u00e9s par des membres de Spin Casino sont \u00e0 l&rsquo;affiche ci-dessous. La devise affich\u00e9e sur chaque gain est celle utilis\u00e9e par les joueurs gagnants.<br \/>\n<div class=\"su-row\"><div class=\"su-column su-column-size-1-2\"><div class=\"su-column-inner su-u-clearfix su-u-trim\">\n&nbsp;<\/p>\n<table width=100%>\n<tr>\n<td><strong>DATE<\/strong><\/td>\n<td class=ced><\/td>\n<td class=cell><strong>JACKPOT<\/strong><\/td>\n<\/tr>\n<tr>\n<td valign=top>Juin 2022<\/td>\n<td class=ced>C$<\/td>\n<td nowrap class=cell><strong>4,444,920<\/strong><\/td>\n<\/tr>\n<tr>\n<td valign=top>Avril 2016<\/td>\n<td class=ced>\u20ac<\/td>\n<td nowrap class=cell><strong>10,423,223<\/strong><\/td>\n<\/tr>\n<tr>\n<td valign=top>Juin 2014<\/td>\n<td class=ced>\u20ac<\/td>\n<td nowrap class=cell><strong>2,384,388<\/strong><\/td>\n<\/tr>\n<tr>\n<td valign=top>D\u00e9cembre 2013<\/td>\n<td class=ced>AUD<\/td>\n<td nowrap class=cell><strong>1,665,580<\/strong><\/td>\n<\/tr>\n<tr>\n<td valign=top>Septembre 2013<\/td>\n<td class=ced>\u00a3<\/td>\n<td nowrap class=cell><strong>3,744,513<\/strong><\/td>\n<\/tr>\n<tr>\n<td valign=top>Ao\u00fbt 2009<\/td>\n<td class=ced>$<\/td>\n<td nowrap class=cell><strong>4,170,128<\/strong><\/td>\n<\/tr>\n<\/table>\n<\/div><\/div>\n<div class=\"su-column su-column-size-1-2\"><div class=\"su-column-inner su-u-clearfix su-u-trim\">\n&nbsp;<br \/>\nCe tableau des gains est mis \u00e0 jour chaque fois qu&rsquo;un nouveau record est d\u00e9clar\u00e9 sur Spin Casino.<br \/>\n<\/div><\/div>\n<\/div>\n&nbsp;<\/p>\n","protected":false},"excerpt":{"rendered":"<p>Test du site Spin Casino Les r\u00e9sultats de nos tests r\u00e9alis\u00e9s sur ce site ont de quoi convaincre les joueurs les plus exigeants. De l&rsquo;inscription en ligne jusqu&rsquo;aux encaissements des gains, ce casino en ligne a pass\u00e9 haut la main<\/p>\n","protected":false},"author":1,"featured_media":0,"parent":822,"menu_order":0,"comment_status":"closed","ping_status":"closed","template":"template-fullwidth.php","meta":{"footnotes":""},"class_list":["post-2387","page","type-page","status-publish","hentry"],"yoast_head":"<!-- This site is optimized with the Yoast SEO plugin v27.6 - https:\/\/yoast.com\/product\/yoast-seo-wordpress\/ -->\n<title>Spin Casino - Bonus de 1000$ aux Machines \u00e0 Sous<\/title>\n<meta name=\"description\" content=\"Test et revue du site Spin Casino. Des bonus de bienvenue pour jouer aux machines \u00e0 sous. Et aussi des r\u00e9compenses de fid\u00e9lit\u00e9.\" \/>\n<meta name=\"robots\" content=\"index, follow, max-snippet:-1, max-image-preview:large, max-video-preview:-1\" \/>\n<link rel=\"canonical\" href=\"https:\/\/www.megamoolah.one\/fr\/liste\/spincasino\/\" \/>\n<meta property=\"og:locale\" content=\"fr_CA\" \/>\n<meta property=\"og:type\" content=\"article\" \/>\n<meta property=\"og:title\" content=\"Spin Casino - Bonus de 1000$ aux Machines \u00e0 Sous\" \/>\n<meta property=\"og:description\" content=\"Test et revue du site Spin Casino. Des bonus de bienvenue pour jouer aux machines \u00e0 sous. Et aussi des r\u00e9compenses de fid\u00e9lit\u00e9.\" \/>\n<meta property=\"og:url\" content=\"https:\/\/www.megamoolah.one\/fr\/liste\/spincasino\/\" \/>\n<meta property=\"og:site_name\" content=\"Mega Moolah\" \/>\n<meta property=\"article:modified_time\" content=\"2022-10-12T01:15:31+00:00\" \/>\n<meta property=\"og:image\" content=\"https:\/\/www.megamoolah.one\/fr\/wp-content\/uploads\/2020\/04\/spin-casino.png\" \/>\n<meta name=\"twitter:card\" content=\"summary_large_image\" \/>\n<meta name=\"twitter:label1\" content=\"Estimation du temps de lecture\" \/>\n\t<meta name=\"twitter:data1\" content=\"4 minutes\" \/>\n<script type=\"application\/ld+json\" class=\"yoast-schema-graph\">{\"@context\":\"https:\\\/\\\/schema.org\",\"@graph\":[{\"@type\":\"WebPage\",\"@id\":\"https:\\\/\\\/www.megamoolah.one\\\/fr\\\/liste\\\/spincasino\\\/\",\"url\":\"https:\\\/\\\/www.megamoolah.one\\\/fr\\\/liste\\\/spincasino\\\/\",\"name\":\"Spin Casino - Bonus de 1000$ aux Machines \u00e0 Sous\",\"isPartOf\":{\"@id\":\"https:\\\/\\\/www.megamoolah.one\\\/fr\\\/#website\"},\"primaryImageOfPage\":{\"@id\":\"https:\\\/\\\/www.megamoolah.one\\\/fr\\\/liste\\\/spincasino\\\/#primaryimage\"},\"image\":{\"@id\":\"https:\\\/\\\/www.megamoolah.one\\\/fr\\\/liste\\\/spincasino\\\/#primaryimage\"},\"thumbnailUrl\":\"https:\\\/\\\/www.megamoolah.one\\\/fr\\\/wp-content\\\/uploads\\\/2020\\\/04\\\/spin-casino.png\",\"datePublished\":\"2020-04-30T02:52:28+00:00\",\"dateModified\":\"2022-10-12T01:15:31+00:00\",\"description\":\"Test et revue du site Spin Casino. Des bonus de bienvenue pour jouer aux machines \u00e0 sous. Et aussi des r\u00e9compenses de fid\u00e9lit\u00e9.\",\"breadcrumb\":{\"@id\":\"https:\\\/\\\/www.megamoolah.one\\\/fr\\\/liste\\\/spincasino\\\/#breadcrumb\"},\"inLanguage\":\"fr-CA\",\"potentialAction\":[{\"@type\":\"ReadAction\",\"target\":[\"https:\\\/\\\/www.megamoolah.one\\\/fr\\\/liste\\\/spincasino\\\/\"]}]},{\"@type\":\"ImageObject\",\"inLanguage\":\"fr-CA\",\"@id\":\"https:\\\/\\\/www.megamoolah.one\\\/fr\\\/liste\\\/spincasino\\\/#primaryimage\",\"url\":\"https:\\\/\\\/www.megamoolah.one\\\/fr\\\/wp-content\\\/uploads\\\/2020\\\/04\\\/spin-casino.png\",\"contentUrl\":\"https:\\\/\\\/www.megamoolah.one\\\/fr\\\/wp-content\\\/uploads\\\/2020\\\/04\\\/spin-casino.png\",\"width\":250,\"height\":250,\"caption\":\"Spin Casino\"},{\"@type\":\"BreadcrumbList\",\"@id\":\"https:\\\/\\\/www.megamoolah.one\\\/fr\\\/liste\\\/spincasino\\\/#breadcrumb\",\"itemListElement\":[{\"@type\":\"ListItem\",\"position\":1,\"name\":\"Accueil\",\"item\":\"https:\\\/\\\/www.megamoolah.one\\\/fr\\\/\"},{\"@type\":\"ListItem\",\"position\":2,\"name\":\"Casinos\",\"item\":\"https:\\\/\\\/www.megamoolah.one\\\/fr\\\/liste\\\/\"},{\"@type\":\"ListItem\",\"position\":3,\"name\":\"Spin Casino\"}]},{\"@type\":\"WebSite\",\"@id\":\"https:\\\/\\\/www.megamoolah.one\\\/fr\\\/#website\",\"url\":\"https:\\\/\\\/www.megamoolah.one\\\/fr\\\/\",\"name\":\"Mega Moolah\",\"description\":\"Offres de tours et bonus gratuits\",\"publisher\":{\"@id\":\"https:\\\/\\\/www.megamoolah.one\\\/fr\\\/#organization\"},\"potentialAction\":[{\"@type\":\"SearchAction\",\"target\":{\"@type\":\"EntryPoint\",\"urlTemplate\":\"https:\\\/\\\/www.megamoolah.one\\\/fr\\\/?s={search_term_string}\"},\"query-input\":{\"@type\":\"PropertyValueSpecification\",\"valueRequired\":true,\"valueName\":\"search_term_string\"}}],\"inLanguage\":\"fr-CA\"},{\"@type\":\"Organization\",\"@id\":\"https:\\\/\\\/www.megamoolah.one\\\/fr\\\/#organization\",\"name\":\"Mega Moolah\",\"url\":\"https:\\\/\\\/www.megamoolah.one\\\/fr\\\/\",\"logo\":{\"@type\":\"ImageObject\",\"inLanguage\":\"fr-CA\",\"@id\":\"https:\\\/\\\/www.megamoolah.one\\\/fr\\\/#\\\/schema\\\/logo\\\/image\\\/\",\"url\":\"https:\\\/\\\/www.megamoolah.one\\\/fr\\\/wp-content\\\/uploads\\\/2020\\\/04\\\/logo-one-1.jpg\",\"contentUrl\":\"https:\\\/\\\/www.megamoolah.one\\\/fr\\\/wp-content\\\/uploads\\\/2020\\\/04\\\/logo-one-1.jpg\",\"width\":390,\"height\":120,\"caption\":\"Mega Moolah\"},\"image\":{\"@id\":\"https:\\\/\\\/www.megamoolah.one\\\/fr\\\/#\\\/schema\\\/logo\\\/image\\\/\"}}]}<\/script>\n<!-- \/ Yoast SEO plugin. -->","yoast_head_json":{"title":"Spin Casino - Bonus de 1000$ aux Machines \u00e0 Sous","description":"Test et revue du site Spin Casino. Des bonus de bienvenue pour jouer aux machines \u00e0 sous. Et aussi des r\u00e9compenses de fid\u00e9lit\u00e9.","robots":{"index":"index","follow":"follow","max-snippet":"max-snippet:-1","max-image-preview":"max-image-preview:large","max-video-preview":"max-video-preview:-1"},"canonical":"https:\/\/www.megamoolah.one\/fr\/liste\/spincasino\/","og_locale":"fr_CA","og_type":"article","og_title":"Spin Casino - Bonus de 1000$ aux Machines \u00e0 Sous","og_description":"Test et revue du site Spin Casino. Des bonus de bienvenue pour jouer aux machines \u00e0 sous. Et aussi des r\u00e9compenses de fid\u00e9lit\u00e9.","og_url":"https:\/\/www.megamoolah.one\/fr\/liste\/spincasino\/","og_site_name":"Mega Moolah","article_modified_time":"2022-10-12T01:15:31+00:00","og_image":[{"url":"https:\/\/www.megamoolah.one\/fr\/wp-content\/uploads\/2020\/04\/spin-casino.png","type":"","width":"","height":""}],"twitter_card":"summary_large_image","twitter_misc":{"Estimation du temps de lecture":"4 minutes"},"schema":{"@context":"https:\/\/schema.org","@graph":[{"@type":"WebPage","@id":"https:\/\/www.megamoolah.one\/fr\/liste\/spincasino\/","url":"https:\/\/www.megamoolah.one\/fr\/liste\/spincasino\/","name":"Spin Casino - Bonus de 1000$ aux Machines \u00e0 Sous","isPartOf":{"@id":"https:\/\/www.megamoolah.one\/fr\/#website"},"primaryImageOfPage":{"@id":"https:\/\/www.megamoolah.one\/fr\/liste\/spincasino\/#primaryimage"},"image":{"@id":"https:\/\/www.megamoolah.one\/fr\/liste\/spincasino\/#primaryimage"},"thumbnailUrl":"https:\/\/www.megamoolah.one\/fr\/wp-content\/uploads\/2020\/04\/spin-casino.png","datePublished":"2020-04-30T02:52:28+00:00","dateModified":"2022-10-12T01:15:31+00:00","description":"Test et revue du site Spin Casino. Des bonus de bienvenue pour jouer aux machines \u00e0 sous. Et aussi des r\u00e9compenses de fid\u00e9lit\u00e9.","breadcrumb":{"@id":"https:\/\/www.megamoolah.one\/fr\/liste\/spincasino\/#breadcrumb"},"inLanguage":"fr-CA","potentialAction":[{"@type":"ReadAction","target":["https:\/\/www.megamoolah.one\/fr\/liste\/spincasino\/"]}]},{"@type":"ImageObject","inLanguage":"fr-CA","@id":"https:\/\/www.megamoolah.one\/fr\/liste\/spincasino\/#primaryimage","url":"https:\/\/www.megamoolah.one\/fr\/wp-content\/uploads\/2020\/04\/spin-casino.png","contentUrl":"https:\/\/www.megamoolah.one\/fr\/wp-content\/uploads\/2020\/04\/spin-casino.png","width":250,"height":250,"caption":"Spin Casino"},{"@type":"BreadcrumbList","@id":"https:\/\/www.megamoolah.one\/fr\/liste\/spincasino\/#breadcrumb","itemListElement":[{"@type":"ListItem","position":1,"name":"Accueil","item":"https:\/\/www.megamoolah.one\/fr\/"},{"@type":"ListItem","position":2,"name":"Casinos","item":"https:\/\/www.megamoolah.one\/fr\/liste\/"},{"@type":"ListItem","position":3,"name":"Spin Casino"}]},{"@type":"WebSite","@id":"https:\/\/www.megamoolah.one\/fr\/#website","url":"https:\/\/www.megamoolah.one\/fr\/","name":"Mega Moolah","description":"Offres de tours et bonus gratuits","publisher":{"@id":"https:\/\/www.megamoolah.one\/fr\/#organization"},"potentialAction":[{"@type":"SearchAction","target":{"@type":"EntryPoint","urlTemplate":"https:\/\/www.megamoolah.one\/fr\/?s={search_term_string}"},"query-input":{"@type":"PropertyValueSpecification","valueRequired":true,"valueName":"search_term_string"}}],"inLanguage":"fr-CA"},{"@type":"Organization","@id":"https:\/\/www.megamoolah.one\/fr\/#organization","name":"Mega Moolah","url":"https:\/\/www.megamoolah.one\/fr\/","logo":{"@type":"ImageObject","inLanguage":"fr-CA","@id":"https:\/\/www.megamoolah.one\/fr\/#\/schema\/logo\/image\/","url":"https:\/\/www.megamoolah.one\/fr\/wp-content\/uploads\/2020\/04\/logo-one-1.jpg","contentUrl":"https:\/\/www.megamoolah.one\/fr\/wp-content\/uploads\/2020\/04\/logo-one-1.jpg","width":390,"height":120,"caption":"Mega Moolah"},"image":{"@id":"https:\/\/www.megamoolah.one\/fr\/#\/schema\/logo\/image\/"}}]}},"_links":{"self":[{"href":"https:\/\/www.megamoolah.one\/fr\/wp-json\/wp\/v2\/pages\/2387","targetHints":{"allow":["GET"]}}],"collection":[{"href":"https:\/\/www.megamoolah.one\/fr\/wp-json\/wp\/v2\/pages"}],"about":[{"href":"https:\/\/www.megamoolah.one\/fr\/wp-json\/wp\/v2\/types\/page"}],"author":[{"embeddable":true,"href":"https:\/\/www.megamoolah.one\/fr\/wp-json\/wp\/v2\/users\/1"}],"replies":[{"embeddable":true,"href":"https:\/\/www.megamoolah.one\/fr\/wp-json\/wp\/v2\/comments?post=2387"}],"version-history":[{"count":24,"href":"https:\/\/www.megamoolah.one\/fr\/wp-json\/wp\/v2\/pages\/2387\/revisions"}],"predecessor-version":[{"id":6441,"href":"https:\/\/www.megamoolah.one\/fr\/wp-json\/wp\/v2\/pages\/2387\/revisions\/6441"}],"up":[{"embeddable":true,"href":"https:\/\/www.megamoolah.one\/fr\/wp-json\/wp\/v2\/pages\/822"}],"wp:attachment":[{"href":"https:\/\/www.megamoolah.one\/fr\/wp-json\/wp\/v2\/media?parent=2387"}],"curies":[{"name":"wp","href":"https:\/\/api.w.org\/{rel}","templated":true}]}}