{"id":2046,"date":"2020-04-21T10:24:46","date_gmt":"2020-04-21T10:24:46","guid":{"rendered":"https:\/\/www.megamoolah.one\/fr\/?page_id=2046"},"modified":"2024-11-28T06:50:38","modified_gmt":"2024-11-28T06:50:38","slug":"captaincooks","status":"publish","type":"page","link":"https:\/\/www.megamoolah.one\/fr\/liste\/captaincooks\/","title":{"rendered":"Captain Cooks"},"content":{"rendered":"<div class=\"su-row\"><div class=\"su-column su-column-size-3-4\"><div class=\"su-column-inner su-u-clearfix su-u-trim\">Le casino en ligne qui a une offre de 100 tours Mega Money Wheel. Ces tours se jouent d\u00e8s le premier d\u00e9p\u00f4t r\u00e9alis\u00e9. C&rsquo;est offre r\u00e9serv\u00e9e aux nouveaux clients du casino ne co\u00fbte que 5$.<br \/>\n&nbsp;<br \/>\nSur notre liste exclusive des <a title=\"tours gratuits\" href=\"https:\/\/www.megamoolah.one\/fr\/tourgratuit\/\">tours gratuits Mega Moolah<\/a>, c&rsquo;est une offre vraiment valable. Ce n&rsquo;est d&rsquo;ailleurs pas pour rien que chez Captain Cooks Casino il y a d\u00e9j\u00e0 eu beaucoup de grands gains. En clair, ce casino est l&rsquo;un des choix favoris pour profiter d&rsquo;offres rentables sur des jeux \u00e0 grand jackpot.<\/div><\/div>\n<div class=\"su-column su-column-size-1-4\"><div class=\"su-column-inner su-u-clearfix su-u-trim\"><a title=\"Captain Cooks Casino\" class=\"mm\" href=\"https:\/\/www.megamoolah.one\/cooksfr\" target=\"_blank\" rel=\"noopener noreferrer\"><img loading=\"lazy\" decoding=\"async\" src=\"https:\/\/www.megamoolah.one\/fr\/wp-content\/uploads\/2020\/04\/captaincooks.png\" alt=\"Captain Cooks Casino\" width=\"250\" height=\"250\" class=\"alignnone size-full wp-image-1179\" srcset=\"https:\/\/www.megamoolah.one\/fr\/wp-content\/uploads\/2020\/04\/captaincooks.png 250w, https:\/\/www.megamoolah.one\/fr\/wp-content\/uploads\/2020\/04\/captaincooks-150x150.png 150w\" sizes=\"auto, (max-width: 250px) 100vw, 250px\" \/><br \/>\nVISITER CAPTAIN COOKS<\/a><br \/>\n<\/div><\/div>\n<\/div>\n<h2>Test du casino Captain Cooks<\/h2>\n<p>Le casino r\u00e9pond aux imp\u00e9ratifs du march\u00e9 : l&rsquo;\u00e9quit\u00e9 et la l\u00e9gitimit\u00e9. En effet, Captain Cooks Casino se soumet aux normes les plus strictes lorsqu&rsquo;il s&rsquo;agit de privil\u00e9gier les int\u00e9r\u00eats des joueurs et non ceux des casinos. De plus, d&rsquo;un point de vue technique et exp\u00e9rience de jeu, la plateforme du casino fonctionne sans aucun d\u00e9faut sur mobile, tablette et ordinateur. Le support client du casino est rapide et efficace, et les paiements et retraits d&rsquo;argent y sont fiables et 100% s\u00fbrs.<\/p>\n<h2>Bonus et tours gratuits<\/h2>\n<p>Les 100 tours Mega Money Wheel sont au prix de 5$ seulement. C&rsquo;est du 500% de bonus. Cette offre, bien \u00e9videmment, est une chance de remporter le jackpot d&rsquo;un million sur Mega Money Wheel. En plus de cette offre d&rsquo;extra tours, il y a 475$ de bonus de bienvenue \u00e0 recevoir. Ces deux bonus sont valables pour jouer sur le jeu Mega Money Wheel.<\/p>\n<h2>Gagnants chez Captain Cooks<\/h2>\n<p>Le casino est l&rsquo;un des rares casinos en ligne qui compte plusieurs grands gagnants au Mega Moolah. Cette prouesse n&rsquo;est pas due au hasard. En fait Captain Cooks, administr\u00e9 par Casino Rewards, est un casino en ligne de l\u00e9gende depuis plus de 20 ans. Avec pr\u00e8s d&rsquo;un million de joueurs inscrits sur sa plateforme de jeux, ce casino est l&rsquo;un des plus visit\u00e9s au monde. Le design du casino est un facteur qui plait aux joueurs \u00e0 la recherche de gros gains aux slots machines. L&rsquo;offre de bienvenue du casino contribue au succ\u00e8s du casino. Rien qu&rsquo;au Canada, Captain Cooks est l&rsquo;un des sites favoris des joueurs du <a title=\"Mega Moolah au Qu\u00e9bec\" href=\"https:\/\/www.megamoolah.one\/fr\/quebec\/\">Mega Moolah au Qu\u00e9bec<\/a>.<\/p>\n<h2>Liste Mega Moolah record chez Captain Cooks<\/h2>\n<p>Les plus gros jackpots gagn\u00e9s par des membres de Captain Cooks sont \u00e0 l&rsquo;affiche ci-dessous. La devise affich\u00e9e sur chaque gain est celle utilis\u00e9e par les joueurs gagnants.<br \/>\n<div class=\"su-row\"><div class=\"su-column su-column-size-1-2\"><div class=\"su-column-inner su-u-clearfix su-u-trim\">\n&nbsp;<\/p>\n<table width=\"100%\">\n<tbody>\n<tr>\n<td><strong>DATE<\/strong><\/td>\n<td class=\"ced\"><\/td>\n<td class=\"cell\"><strong>JACKPOT<\/strong><\/td>\n<\/tr>\n<tr>\n<td valign=\"top\">Novembre 2024<\/td>\n<td class=\"ced\">CA$<\/td>\n<td class=\"cell\" nowrap=\"nowrap\"><strong>2,459,128<\/strong><\/td>\n<\/tr>\n<tr>\n<td valign=\"top\">Mars 2019<\/td>\n<td class=\"ced\">CA$<\/td>\n<td class=\"cell\" nowrap=\"nowrap\"><strong>3,308,063<\/strong><\/td>\n<\/tr>\n<tr>\n<td valign=\"top\">Mars 2018<\/td>\n<td class=\"ced\">\u20ac<\/td>\n<td class=\"cell\" nowrap=\"nowrap\"><strong>4,365,843<\/strong><\/td>\n<\/tr>\n<tr>\n<td valign=\"top\">Janvier 2017<\/td>\n<td class=\"ced\">CA$<\/td>\n<td class=\"cell\" nowrap=\"nowrap\"><strong>8,453,754<\/strong><\/td>\n<\/tr>\n<tr>\n<td valign=\"top\">Octobre 2011<\/td>\n<td class=\"ced\">\u20ac<\/td>\n<td class=\"cell\" nowrap=\"nowrap\"><strong>3,841,871<\/strong><\/td>\n<\/tr>\n<\/tbody>\n<\/table>\n<\/div><\/div>\n<div class=\"su-column su-column-size-1-2\"><div class=\"su-column-inner su-u-clearfix su-u-trim\">\n&nbsp;<br \/>\nCe tableau des gains est mis \u00e0 jour chaque fois qu&rsquo;un nouveau record est d\u00e9clar\u00e9 sur le casino en ligne. Avec ses grands gagnants Mega Moolah, Captain Cooks est en tout logique recommand\u00e9.<br \/>\n<\/div><\/div>\n<\/div>\n<h2>Licences du casino<\/h2>\n<p>Le site Web Captain Cooks est enregistr\u00e9 aupr\u00e8s des commissions suivantes : la Malta Gaming Authority, la Kahnawake Gaming Commission et l&rsquo;United Kingdom Gaming Commission. Ces commissions l\u00e9gitiment le casino dans plus de 150 pays. De plus la plateforme du casino est audit\u00e9e par des autorit\u00e9s comp\u00e9tentes qui d\u00e9fendent les int\u00e9r\u00eats des joueurs. Labellis\u00e9 par des associations de d\u00e9fense des int\u00e9r\u00eats des consommateurs, en tant que membre de Captain Cooks vous jouez dans un environnement de jeu qui respecte les joueurs. En bref, l&rsquo;\u00e9thique et l&rsquo;honn\u00eatet\u00e9 sont au rendez-vous sur ce casino en ligne.<br \/>\n&nbsp;<\/p>\n","protected":false},"excerpt":{"rendered":"<p>Test du casino Captain Cooks Le casino r\u00e9pond aux imp\u00e9ratifs du march\u00e9 : l&rsquo;\u00e9quit\u00e9 et la l\u00e9gitimit\u00e9. En effet, Captain Cooks Casino se soumet aux normes les plus strictes lorsqu&rsquo;il s&rsquo;agit de privil\u00e9gier les int\u00e9r\u00eats des joueurs et non ceux<\/p>\n","protected":false},"author":1,"featured_media":0,"parent":822,"menu_order":0,"comment_status":"closed","ping_status":"closed","template":"template-fullwidth.php","meta":{"footnotes":""},"class_list":["post-2046","page","type-page","status-publish","hentry"],"yoast_head":"<!-- This site is optimized with the Yoast SEO plugin v27.6 - https:\/\/yoast.com\/product\/yoast-seo-wordpress\/ -->\n<title>Captain Cooks Avis - 100 Tours Gratuits sur Mega Money Wheel<\/title>\n<meta name=\"description\" content=\"Test et revue de Captain Cooks. Une offre de 100 Mega Money Wheel tours gratuits. Des chances de gagner le jackpot pour seulement 5$.\" \/>\n<meta name=\"robots\" content=\"index, follow, max-snippet:-1, max-image-preview:large, max-video-preview:-1\" \/>\n<link rel=\"canonical\" href=\"https:\/\/www.megamoolah.one\/fr\/liste\/captaincooks\/\" \/>\n<meta property=\"og:locale\" content=\"fr_CA\" \/>\n<meta property=\"og:type\" content=\"article\" \/>\n<meta property=\"og:title\" content=\"Captain Cooks Avis - 100 Tours Gratuits sur Mega Money Wheel\" \/>\n<meta property=\"og:description\" content=\"Test et revue de Captain Cooks. Une offre de 100 Mega Money Wheel tours gratuits. Des chances de gagner le jackpot pour seulement 5$.\" \/>\n<meta property=\"og:url\" content=\"https:\/\/www.megamoolah.one\/fr\/liste\/captaincooks\/\" \/>\n<meta property=\"og:site_name\" content=\"Mega Moolah\" \/>\n<meta property=\"article:modified_time\" content=\"2024-11-28T06:50:38+00:00\" \/>\n<meta property=\"og:image\" content=\"https:\/\/www.megamoolah.one\/fr\/wp-content\/uploads\/2020\/04\/captaincooks.png\" \/>\n\t<meta property=\"og:image:width\" content=\"250\" \/>\n\t<meta property=\"og:image:height\" content=\"250\" \/>\n\t<meta property=\"og:image:type\" content=\"image\/png\" \/>\n<meta name=\"twitter:card\" content=\"summary_large_image\" \/>\n<meta name=\"twitter:label1\" content=\"Estimation du temps de lecture\" \/>\n\t<meta name=\"twitter:data1\" content=\"4 minutes\" \/>\n<script type=\"application\/ld+json\" class=\"yoast-schema-graph\">{\"@context\":\"https:\\\/\\\/schema.org\",\"@graph\":[{\"@type\":\"WebPage\",\"@id\":\"https:\\\/\\\/www.megamoolah.one\\\/fr\\\/liste\\\/captaincooks\\\/\",\"url\":\"https:\\\/\\\/www.megamoolah.one\\\/fr\\\/liste\\\/captaincooks\\\/\",\"name\":\"Captain Cooks Avis - 100 Tours Gratuits sur Mega Money Wheel\",\"isPartOf\":{\"@id\":\"https:\\\/\\\/www.megamoolah.one\\\/fr\\\/#website\"},\"primaryImageOfPage\":{\"@id\":\"https:\\\/\\\/www.megamoolah.one\\\/fr\\\/liste\\\/captaincooks\\\/#primaryimage\"},\"image\":{\"@id\":\"https:\\\/\\\/www.megamoolah.one\\\/fr\\\/liste\\\/captaincooks\\\/#primaryimage\"},\"thumbnailUrl\":\"https:\\\/\\\/www.megamoolah.one\\\/fr\\\/wp-content\\\/uploads\\\/2020\\\/04\\\/captaincooks.png\",\"datePublished\":\"2020-04-21T10:24:46+00:00\",\"dateModified\":\"2024-11-28T06:50:38+00:00\",\"description\":\"Test et revue de Captain Cooks. Une offre de 100 Mega Money Wheel tours gratuits. Des chances de gagner le jackpot pour seulement 5$.\",\"breadcrumb\":{\"@id\":\"https:\\\/\\\/www.megamoolah.one\\\/fr\\\/liste\\\/captaincooks\\\/#breadcrumb\"},\"inLanguage\":\"fr-CA\",\"potentialAction\":[{\"@type\":\"ReadAction\",\"target\":[\"https:\\\/\\\/www.megamoolah.one\\\/fr\\\/liste\\\/captaincooks\\\/\"]}]},{\"@type\":\"ImageObject\",\"inLanguage\":\"fr-CA\",\"@id\":\"https:\\\/\\\/www.megamoolah.one\\\/fr\\\/liste\\\/captaincooks\\\/#primaryimage\",\"url\":\"https:\\\/\\\/www.megamoolah.one\\\/fr\\\/wp-content\\\/uploads\\\/2020\\\/04\\\/captaincooks.png\",\"contentUrl\":\"https:\\\/\\\/www.megamoolah.one\\\/fr\\\/wp-content\\\/uploads\\\/2020\\\/04\\\/captaincooks.png\",\"width\":250,\"height\":250,\"caption\":\"Captain Cooks Casino\"},{\"@type\":\"BreadcrumbList\",\"@id\":\"https:\\\/\\\/www.megamoolah.one\\\/fr\\\/liste\\\/captaincooks\\\/#breadcrumb\",\"itemListElement\":[{\"@type\":\"ListItem\",\"position\":1,\"name\":\"Accueil\",\"item\":\"https:\\\/\\\/www.megamoolah.one\\\/fr\\\/\"},{\"@type\":\"ListItem\",\"position\":2,\"name\":\"Casinos\",\"item\":\"https:\\\/\\\/www.megamoolah.one\\\/fr\\\/liste\\\/\"},{\"@type\":\"ListItem\",\"position\":3,\"name\":\"Captain Cooks\"}]},{\"@type\":\"WebSite\",\"@id\":\"https:\\\/\\\/www.megamoolah.one\\\/fr\\\/#website\",\"url\":\"https:\\\/\\\/www.megamoolah.one\\\/fr\\\/\",\"name\":\"Mega Moolah\",\"description\":\"Offres de tours et bonus gratuits\",\"publisher\":{\"@id\":\"https:\\\/\\\/www.megamoolah.one\\\/fr\\\/#organization\"},\"potentialAction\":[{\"@type\":\"SearchAction\",\"target\":{\"@type\":\"EntryPoint\",\"urlTemplate\":\"https:\\\/\\\/www.megamoolah.one\\\/fr\\\/?s={search_term_string}\"},\"query-input\":{\"@type\":\"PropertyValueSpecification\",\"valueRequired\":true,\"valueName\":\"search_term_string\"}}],\"inLanguage\":\"fr-CA\"},{\"@type\":\"Organization\",\"@id\":\"https:\\\/\\\/www.megamoolah.one\\\/fr\\\/#organization\",\"name\":\"Mega Moolah\",\"url\":\"https:\\\/\\\/www.megamoolah.one\\\/fr\\\/\",\"logo\":{\"@type\":\"ImageObject\",\"inLanguage\":\"fr-CA\",\"@id\":\"https:\\\/\\\/www.megamoolah.one\\\/fr\\\/#\\\/schema\\\/logo\\\/image\\\/\",\"url\":\"https:\\\/\\\/www.megamoolah.one\\\/fr\\\/wp-content\\\/uploads\\\/2020\\\/04\\\/logo-one-1.jpg\",\"contentUrl\":\"https:\\\/\\\/www.megamoolah.one\\\/fr\\\/wp-content\\\/uploads\\\/2020\\\/04\\\/logo-one-1.jpg\",\"width\":390,\"height\":120,\"caption\":\"Mega Moolah\"},\"image\":{\"@id\":\"https:\\\/\\\/www.megamoolah.one\\\/fr\\\/#\\\/schema\\\/logo\\\/image\\\/\"}}]}<\/script>\n<!-- \/ Yoast SEO plugin. -->","yoast_head_json":{"title":"Captain Cooks Avis - 100 Tours Gratuits sur Mega Money Wheel","description":"Test et revue de Captain Cooks. Une offre de 100 Mega Money Wheel tours gratuits. Des chances de gagner le jackpot pour seulement 5$.","robots":{"index":"index","follow":"follow","max-snippet":"max-snippet:-1","max-image-preview":"max-image-preview:large","max-video-preview":"max-video-preview:-1"},"canonical":"https:\/\/www.megamoolah.one\/fr\/liste\/captaincooks\/","og_locale":"fr_CA","og_type":"article","og_title":"Captain Cooks Avis - 100 Tours Gratuits sur Mega Money Wheel","og_description":"Test et revue de Captain Cooks. Une offre de 100 Mega Money Wheel tours gratuits. Des chances de gagner le jackpot pour seulement 5$.","og_url":"https:\/\/www.megamoolah.one\/fr\/liste\/captaincooks\/","og_site_name":"Mega Moolah","article_modified_time":"2024-11-28T06:50:38+00:00","og_image":[{"width":250,"height":250,"url":"https:\/\/www.megamoolah.one\/fr\/wp-content\/uploads\/2020\/04\/captaincooks.png","type":"image\/png"}],"twitter_card":"summary_large_image","twitter_misc":{"Estimation du temps de lecture":"4 minutes"},"schema":{"@context":"https:\/\/schema.org","@graph":[{"@type":"WebPage","@id":"https:\/\/www.megamoolah.one\/fr\/liste\/captaincooks\/","url":"https:\/\/www.megamoolah.one\/fr\/liste\/captaincooks\/","name":"Captain Cooks Avis - 100 Tours Gratuits sur Mega Money Wheel","isPartOf":{"@id":"https:\/\/www.megamoolah.one\/fr\/#website"},"primaryImageOfPage":{"@id":"https:\/\/www.megamoolah.one\/fr\/liste\/captaincooks\/#primaryimage"},"image":{"@id":"https:\/\/www.megamoolah.one\/fr\/liste\/captaincooks\/#primaryimage"},"thumbnailUrl":"https:\/\/www.megamoolah.one\/fr\/wp-content\/uploads\/2020\/04\/captaincooks.png","datePublished":"2020-04-21T10:24:46+00:00","dateModified":"2024-11-28T06:50:38+00:00","description":"Test et revue de Captain Cooks. Une offre de 100 Mega Money Wheel tours gratuits. Des chances de gagner le jackpot pour seulement 5$.","breadcrumb":{"@id":"https:\/\/www.megamoolah.one\/fr\/liste\/captaincooks\/#breadcrumb"},"inLanguage":"fr-CA","potentialAction":[{"@type":"ReadAction","target":["https:\/\/www.megamoolah.one\/fr\/liste\/captaincooks\/"]}]},{"@type":"ImageObject","inLanguage":"fr-CA","@id":"https:\/\/www.megamoolah.one\/fr\/liste\/captaincooks\/#primaryimage","url":"https:\/\/www.megamoolah.one\/fr\/wp-content\/uploads\/2020\/04\/captaincooks.png","contentUrl":"https:\/\/www.megamoolah.one\/fr\/wp-content\/uploads\/2020\/04\/captaincooks.png","width":250,"height":250,"caption":"Captain Cooks Casino"},{"@type":"BreadcrumbList","@id":"https:\/\/www.megamoolah.one\/fr\/liste\/captaincooks\/#breadcrumb","itemListElement":[{"@type":"ListItem","position":1,"name":"Accueil","item":"https:\/\/www.megamoolah.one\/fr\/"},{"@type":"ListItem","position":2,"name":"Casinos","item":"https:\/\/www.megamoolah.one\/fr\/liste\/"},{"@type":"ListItem","position":3,"name":"Captain Cooks"}]},{"@type":"WebSite","@id":"https:\/\/www.megamoolah.one\/fr\/#website","url":"https:\/\/www.megamoolah.one\/fr\/","name":"Mega Moolah","description":"Offres de tours et bonus gratuits","publisher":{"@id":"https:\/\/www.megamoolah.one\/fr\/#organization"},"potentialAction":[{"@type":"SearchAction","target":{"@type":"EntryPoint","urlTemplate":"https:\/\/www.megamoolah.one\/fr\/?s={search_term_string}"},"query-input":{"@type":"PropertyValueSpecification","valueRequired":true,"valueName":"search_term_string"}}],"inLanguage":"fr-CA"},{"@type":"Organization","@id":"https:\/\/www.megamoolah.one\/fr\/#organization","name":"Mega Moolah","url":"https:\/\/www.megamoolah.one\/fr\/","logo":{"@type":"ImageObject","inLanguage":"fr-CA","@id":"https:\/\/www.megamoolah.one\/fr\/#\/schema\/logo\/image\/","url":"https:\/\/www.megamoolah.one\/fr\/wp-content\/uploads\/2020\/04\/logo-one-1.jpg","contentUrl":"https:\/\/www.megamoolah.one\/fr\/wp-content\/uploads\/2020\/04\/logo-one-1.jpg","width":390,"height":120,"caption":"Mega Moolah"},"image":{"@id":"https:\/\/www.megamoolah.one\/fr\/#\/schema\/logo\/image\/"}}]}},"_links":{"self":[{"href":"https:\/\/www.megamoolah.one\/fr\/wp-json\/wp\/v2\/pages\/2046","targetHints":{"allow":["GET"]}}],"collection":[{"href":"https:\/\/www.megamoolah.one\/fr\/wp-json\/wp\/v2\/pages"}],"about":[{"href":"https:\/\/www.megamoolah.one\/fr\/wp-json\/wp\/v2\/types\/page"}],"author":[{"embeddable":true,"href":"https:\/\/www.megamoolah.one\/fr\/wp-json\/wp\/v2\/users\/1"}],"replies":[{"embeddable":true,"href":"https:\/\/www.megamoolah.one\/fr\/wp-json\/wp\/v2\/comments?post=2046"}],"version-history":[{"count":18,"href":"https:\/\/www.megamoolah.one\/fr\/wp-json\/wp\/v2\/pages\/2046\/revisions"}],"predecessor-version":[{"id":3088,"href":"https:\/\/www.megamoolah.one\/fr\/wp-json\/wp\/v2\/pages\/2046\/revisions\/3088"}],"up":[{"embeddable":true,"href":"https:\/\/www.megamoolah.one\/fr\/wp-json\/wp\/v2\/pages\/822"}],"wp:attachment":[{"href":"https:\/\/www.megamoolah.one\/fr\/wp-json\/wp\/v2\/media?parent=2046"}],"curies":[{"name":"wp","href":"https:\/\/api.w.org\/{rel}","templated":true}]}}