{"id":2017,"date":"2020-04-20T20:04:23","date_gmt":"2020-04-20T20:04:23","guid":{"rendered":"https:\/\/www.megamoolah.one\/fr\/?page_id=2017"},"modified":"2025-01-12T09:38:01","modified_gmt":"2025-01-12T09:38:01","slug":"casinorewards","status":"publish","type":"page","link":"https:\/\/www.megamoolah.one\/fr\/casinorewards\/","title":{"rendered":"Casino Rewards"},"content":{"rendered":"<div class=\"su-row\"><div class=\"su-column su-column-size-3-4\"><div class=\"su-column-inner su-u-clearfix su-u-trim\">La liste des casinos en ligne du groupe Casino Rewards. Un r\u00e9seau de casinos pour jouer sur les slots progressives les plus payantes au monde. Ces slots sont les jeux de la s\u00e9rie Mega Moolah, incluant aussi le titre Mega Vault Millionaire. De plus, des machines \u00e0 sous des casinos labellis\u00e9s par Casino Rewards se comptent par centaine. On y trouve des slots classiques, le vid\u00e9o poker, des machines \u00e0 sous \u00e0 th\u00e8me sur 3 ou 5 rouleaux.<br \/>\n&nbsp;<br \/>\nLes jeux les plus jou\u00e9s via la chaine du groupe sont ceux de <a title=\"la saga Mega Moolah\" href=\"https:\/\/www.megamoolah.one\/fr\/saga\/\">la saga Mega Moolah<\/a>. Ces slots Mega Moolah sont compatibles sur tous les appareils mobiles (smartphones et tablettes), ainsi que sur Mac (iOS) et PC (Windows et Linux). Concernant l&rsquo;ensemble des machines \u00e0 sous des casinos Rewards, plus de 100 jeux sont adapt\u00e9s aux mobiles. Si vous voulez avoir acc\u00e8s \u00e0 tous les jeux du groupe, la version t\u00e9l\u00e9chargeable d&rsquo;un casino de l&rsquo;enseigne doit \u00eatre install\u00e9e sur PC (plus de 850 jeux). <\/div><\/div>\n<div class=\"su-column su-column-size-1-4\"><div class=\"su-column-inner su-u-clearfix su-u-trim\"><a title=\"Visiter Casino Rewards\" class=\"mm\" href=\"https:\/\/www.megamoolah.one\/crfr\" rel=\"noopener noreferrer\" target=\"_blank\"><img loading=\"lazy\" decoding=\"async\" title=\"Casino Rewards\" src=\"https:\/\/www.megamoolah.one\/fr\/wp-content\/uploads\/2020\/05\/casinorewards.png\" alt=\"Casino Rewards\" width=\"260\" height=\"110\" class=\"alignnonne size-full wp-image-2986\" \/><br \/>\nVisiter Casino Rewards ici<\/a><\/div><\/div><\/div>\n<h2>Les marques du groupe Casino Rewards<\/h2>\n<p>Au total la cha\u00eene des sites de Casino Rewards compte 30 casinos en ligne. Dix de ces casinos sont pleinement adapt\u00e9s aux mobiles. Vu le nombre de joueurs qui pr\u00e9f\u00e8rent jouer depuis un appareil mobile, ces dix casinos en ligne sont les plus visit\u00e9s du groupe. Ces casinos sont aussi adapt\u00e9s aux ordinateurs et aux Mac de bureau (station de travail ou portable). Les 20 autres casinos du groupe sont uniquement adapt\u00e9s aux ordinateurs Windows et Mac, ils ne fonctionnent pas sur les appareils mobiles.<\/p>\n<h3>Des exclusivit\u00e9s Mega Moolah<\/h3>\n<p>Ce qui d\u00e9marque le plus Casino Rewards de ses concurrents sont les offres de bienvenue. En fait les sites de casino les plus actifs de Casino Rewards sont tous orient\u00e9s sur le jeu Mega Money Wheel. C&rsquo;est pour cette raison que les offres de bienvenue des casinos les plus populaires de Casino Rewards sont propos\u00e9es sous forme de tours gratuits sur le jeu Mega Money Wheel.<\/p>\n<h3>Les sites de Casino Rewards les plus jou\u00e9s<\/h3>\n<p>En premi\u00e8re place c\u2019est avec UK Casino Club que Casino Rewards a le plus de succ\u00e8s. Ce site classique de jeux de casino est actif en <a title=\"Angleterre\" href=\"https:\/\/www.megamoolah.one\/fr\/uk\/\">Angleterre<\/a> via l\u2019United Kingdom Gaming Commission. Inscrit \u00e9galement \u00e0 des commissions de jeux de hasard au Canada et en Europe, le casino est visit\u00e9 depuis de nombreux pays. Appr\u00e9cie des joueurs de slots et de jeux de table, <a title=\"UK Casino Club\" href=\"https:\/\/www.megamoolah.one\/fr\/liste\/ukcasinoclub\/\">UK Casino Club<\/a> r\u00e9pond aux demandes de tous les joueurs \u00e0 la recherche d&rsquo;un casino en ligne l\u00e9gitime. Ensuite c\u2019est avec les sites Grand Mondial, Casino Classic et Zodiac Casino que Casino Rewards a r\u00e9ussi \u00e0 b\u00e2tir sa r\u00e9putation. Ces trois casinos en ligne sont ouverts sur plusieurs march\u00e9s importants. Au Canada, ces sites de casino sont recommand\u00e9s, et aussi en Europe et en Asie, et dans les pays de l&rsquo;Orient. Les autres casinos iconiques du groupe sont Villento Casino, Captain Cooks, Luxury Casino, Casino Action, Cosmo Casino, Casino Kingdom et Golden Tiger.<br \/>\n&nbsp;<\/p>\n<div align=center><a title=\"UK Casino Club\" class=\"mm\" href=\"https:\/\/www.megamoolah.one\/clubfr\" rel=\"noopener noreferrer\" target=\"_blank\"><img loading=\"lazy\" decoding=\"async\" title=\"UK Casino Club\" src=\"https:\/\/www.megamoolah.one\/fr\/wp-content\/uploads\/2020\/05\/ukcasinoclub.jpg\" alt=\"UK Casino Club\" width=\"900\" height=\"450\" class=\"aligncenter size-full wp-image-2855\" srcset=\"https:\/\/www.megamoolah.one\/fr\/wp-content\/uploads\/2020\/05\/ukcasinoclub.jpg 900w, https:\/\/www.megamoolah.one\/fr\/wp-content\/uploads\/2020\/05\/ukcasinoclub-300x150.jpg 300w, https:\/\/www.megamoolah.one\/fr\/wp-content\/uploads\/2020\/05\/ukcasinoclub-768x384.jpg 768w\" sizes=\"auto, (max-width: 900px) 100vw, 900px\" \/><br \/>\nVISITER UK CASINO CLUB<\/a>\n<\/div>\n<p>&nbsp;<\/p>\n<h2>Des casinos taill\u00e9s sur mesure pour le Mega Moolah<\/h2>\n<p>Sur le portfolio des casinos Rewards, des casinos en ligne ont des offres de bienvenue exclusives au jeu Mega Money Wheel. Ces sites sont Grand Mondial, Yukon Gold, Zodiac Casino, Captain Cooks et Cosmo Casino. En plus des <a title=\"tours gratuits de bienvenue\" href=\"https:\/\/www.megamoolah.one\/fr\/tourgratuit\/\">tours gratuits de bienvenue<\/a>, les membres de ces casinos b\u00e9n\u00e9ficient aussi de bonus sur d\u00e9p\u00f4t et d\u2019un programme de fid\u00e9lit\u00e9 qui r\u00e9compense chaque client. Au catalogue des sites de Casino Rewards il y a un casino en ligne qui se d\u00e9marque, ce site est Casino Classic. L&rsquo;offre de <a title=\"Casino Classic\" href=\"https:\/\/www.megamoolah.one\/fr\/liste\/casinoclassic\/\">Casino Classic<\/a> affiche des tours gratuits sans d\u00e9p\u00f4t.<\/p>\n<h2>Sites pour le blackjack et la roulette<\/h2>\n<p>Bien que la chaine des casinos en ligne du groupe Casino Rewards soit surtout orient\u00e9e sur les machines \u00e0 sous, on y trouve aussi des jeux de table. La roulette et le blackjack font bien s\u00fbr partie des offres des sites de Casino Rewards. Les plus connus de leurs sites web pour les jeux de table sont UK Casino Club, Blackjack Ballroom, Luxury Casino, Golden Tiger et Casino Action. Celui qui a le plus de succ\u00e8s est Golden Tiger du fait qu&rsquo;il affiche un bonus de bienvenue de 1500$. <a title=\"Golden Tiger\" href=\"https:\/\/www.megamoolah.one\/tigerfr\" rel=\"noopener noreferrer\" target=\"_blank\">Golden Tiger<\/a> est le casino en ligne qui offre le plus de bonus sur d\u00e9p\u00f4t chez Casino Rewards.<\/p>\n<h2>Liens et adresses<\/h2>\n<p>Ci-dessous vous avez les liens et adresses de contact du groupe Casino Rewards. Le support client des casinos en ligne de la chaine est commun \u00e0 tous les sites du groupe. En plus des adresses de contact du groupe, les contacts des commissions de jeux d&rsquo;argent et des institutions dont Casino Rewards fait partie vous sont list\u00e9s.<\/p>\n<h3>Commissions des jeux d&rsquo;argent et de hasard<\/h3>\n<p>Les casinos de la chaine Casino Rewards sont inscrits aupr\u00e8s des commissions des jeux d&rsquo;argent list\u00e9es ci-dessous. En plus de ces 3 commissions de l&rsquo;Angleterre, du Canada et d&rsquo;Europe, certaines marques du groupe sont aussi inscrites \u00e0 des commissions des jeux d&rsquo;argent d&rsquo;autres pays.<br \/>\n<div class=\"su-row\">\n<div class=\"su-column su-column-size-1-3\"><div class=\"su-column-inner su-u-clearfix su-u-trim\">\n<h4>United Kingdom Gaming Commission<\/h4>\n<p>Fourth Floor<br \/>\nVictoria Square House<br \/>\nVictoria Square<br \/>\nBirmingham, B2 4BP<br \/>\nUnited Kingdom<br \/>\n&nbsp;<br \/>\nT\u00e9l\u00e9phone: +44 121 230 6666<br \/>\nSite Internet: <a title=\"United Kingdom Gambling Commission\" href=\"https:\/\/www.gamblingcommission.gov.uk\" rel=\"noopener noreferrer\" target=\"_blank\">Gamblingcommission.gov.uk<\/a>.<br \/>\n<\/div><\/div>\n<div class=\"su-column su-column-size-1-3\"><div class=\"su-column-inner su-u-clearfix su-u-trim\">\n<h4>Gaming Commission au Canada<\/h4>\n<p>P.O. Box 1799<br \/>\nOld Malone Highway<br \/>\nKahnawake Mohawk Territory<br \/>\nQuebec, J0L 1B0<br \/>\nCanada<br \/>\n&nbsp;<br \/>\nFax. +1 450 635 1139<br \/>\nSite Internet: <a title=\"Gaming Commission\" href=\"http:\/\/www.gamingcommission.ca\" rel=\"noopener noreferrer\" target=\"_blank\">Gamingcommission.ca<\/a>.<br \/>\n<\/div><\/div>\n<div class=\"su-column su-column-size-1-3\"><div class=\"su-column-inner su-u-clearfix su-u-trim\">\n<h4>Malta Gaming Authority (Europe)<\/h4>\n<p>Building SCM 02-03, Level 4<br \/>\nSmartCity Malta<br \/>\nRicasoli SCM1001<br \/>\nMalta<br \/>\n&nbsp;<br \/>\n&nbsp;<br \/>\nT\u00e9l\u00e9phone: +356 2546 9000<br \/>\nSite Internet: <a title=\"Malta Gaming Authority\" href=\"https:\/\/www.mga.org.mt\" rel=\"noopener noreferrer\" target=\"_blank\">Mga.org.mt<\/a>.<br \/>\n<\/div><\/div>\n<\/div>\n<h3>Service pour les consommateurs &#8211; aide et support<\/h3>\n<p>Trois associations dont Casino Rewards est membre sont joignables \u00e0 tout moment. Ces trois entit\u00e9s d\u00e9fendent les int\u00e9r\u00eats des joueurs. L&rsquo;eCOGRA peut \u00eatre contact\u00e9 si vous vous pensez avoir \u00e9t\u00e9 l\u00e9s\u00e9 sur un site de Casino Rewards. Si en revanche vous pensez avoir des probl\u00e8mes d&rsquo;addiction au jeu, GambleAware est l\u00e0 pour vous aider \u00e0 vous soigner. Et si vous voulez vous faire bannir de jeu, les services de GAMSTOP mettent \u00e0 disposition des joueurs un outil d&rsquo;auto-exclusion (valable en Angleterre uniquement).<br \/>\n&nbsp;<br \/>\n<div class=\"su-row\">\n<div class=\"su-column su-column-size-1-3\"><div class=\"su-column-inner su-u-clearfix su-u-trim\">\n<h4>eCOGRA<\/h4>\n<p>2\/F Berkeley Square House<br \/>\nBerkeley Square<br \/>\nLondon, W1J 6BD<br \/>\nUnited Kingdom<br \/>\n&nbsp;<br \/>\nEmail: info@ecogra.org<br \/>\nT\u00e9l\u00e9phone:  +44 20 7887 1480<br \/>\nSite Internet: <a title=\"eCOGRA\" href=\"https:\/\/www.ecogra.org\" rel=\"noopener noreferrer\" target=\"_blank\">eCOGRA.org<\/a>.<br \/>\n<\/div><\/div>\n<div class=\"su-column su-column-size-1-3\"><div class=\"su-column-inner su-u-clearfix su-u-trim\">\n<h4>GambleAware<\/h4>\n<p>Pennine Place<br \/>\n2a Charing Cross Rd<br \/>\nLondon, WC2H 0HF<br \/>\nUnited Kingdom<br \/>\n&nbsp;<br \/>\nEmail: info@gambleaware.org<br \/>\nAppel gratuit 24\/7.<br \/>\nSite Internet: <a title=\"GambleAware\" href=\"https:\/\/www.gambleaware.org\" rel=\"noopener noreferrer\" target=\"_blank\">Gambleaware.org<\/a>.<br \/>\n<\/div><\/div>\n<div class=\"su-column su-column-size-1-3\"><div class=\"su-column-inner su-u-clearfix su-u-trim\">\n<h4>GAMSTOP<\/h4>\n<p>3 Greengate<br \/>\nCardale Park<br \/>\nHarrogate, HG3 1GY<br \/>\nUnited Kingdom<br \/>\n&nbsp;<br \/>\nEmail: helpdesk@gamstop.co.uk<br \/>\nAppel gratuit et chat 7\/7.<br \/>\nSite Internet: <a title=\"GambleAware\" href=\"https:\/\/www.gamstop.co.uk\" rel=\"noopener noreferrer\" target=\"_blank\">Gamstop.co.uk<\/a>.<br \/>\nGAMSTOP est un service national d&rsquo;auto-exclusion destin\u00e9 aux habitants de l&rsquo;Angleterre. Hors UK ce service ne peut pas \u00eatre utilis\u00e9.<br \/>\n<\/div><\/div>\n<\/div>\n<h3>Fournisseur des jeux de Casino Rewards<\/h3>\n<p>Games Global (anciennement Microgaming) est le fournisseur des jeux des casinos en ligne de Casino Rewards. Ces jeux sont les machines \u00e0 sous, le vid\u00e9o poker, les jeux de table et les jeux en live streaming.<br \/>\n&nbsp;<br \/>\n<div class=\"su-row\">\n<div class=\"su-column su-column-size-1-3\"><div class=\"su-column-inner su-u-clearfix su-u-trim\">\n<h4>Microgaming<\/h4>\n<p>MGS House<br \/>\nCircular Road, Douglas<br \/>\nIsle of Man, IM1 1BL<br \/>\nUnited Kingdom<br \/>\n&nbsp;<br \/>\nEmail: hello@microgaming.co.uk<br \/>\nT\u00e9l\u00e9phone: +44 1624 647777<br \/>\nSite Internet: <a title=\"Microgaming\" href=\"https:\/\/www.apricot.co.im\" rel=\"noopener noreferrer\" target=\"_blank\">Microgaming<\/a>.<br \/>\n<\/div><\/div>\n<div class=\"su-column su-column-size-1-3\"><div class=\"su-column-inner su-u-clearfix su-u-trim\">\n<h3>Site source de Casino Rewards<\/h3>\n<p>Chaque casino en ligne de Casino Rewards est une entit\u00e9 \u00e0 part enti\u00e8re.<br \/>\n&nbsp;<br \/>\nSoci\u00e9t\u00e9 propri\u00e9taire: <a title=\"Casino Rewards\" href=\"https:\/\/www.megamoolah.one\/crfr\" rel=\"noopener noreferrer\" target=\"_blank\">Casino Rewards<\/a>.<br \/>\n<\/div><\/div>\n<div class=\"su-column su-column-size-1-3\"><div class=\"su-column-inner su-u-clearfix su-u-trim\">\n<h3>Affili\u00e9s de Casino Rewards<\/h3>\n<p>Rewards Affiliates est le site Internet officiel r\u00e9serv\u00e9 aux affili\u00e9s et tierces parties qui ont des liens commerciaux avec la chaine des sites Internet de Casino Rewards.<br \/>\n&nbsp;<br \/>\nProgramme d\u2019affiliation: <a title=\"Rewards Affiliates\" href=\"https:\/\/www.megamoolah.one\/ra\" rel=\"noopener noreferrer\" target=\"_blank\">Rewards Affiliates<\/a>.<br \/>\n<\/div><\/div>\n<\/div>\n","protected":false},"excerpt":{"rendered":"<p>Les marques du groupe Casino Rewards Au total la cha\u00eene des sites de Casino Rewards compte 30 casinos en ligne. Dix de ces casinos sont pleinement adapt\u00e9s aux mobiles. Vu le nombre de joueurs qui pr\u00e9f\u00e8rent jouer depuis un appareil<\/p>\n","protected":false},"author":1,"featured_media":0,"parent":0,"menu_order":0,"comment_status":"closed","ping_status":"closed","template":"template-fullwidth.php","meta":{"footnotes":""},"class_list":["post-2017","page","type-page","status-publish","hentry"],"yoast_head":"<!-- This site is optimized with the Yoast SEO plugin v27.4 - https:\/\/yoast.com\/product\/yoast-seo-wordpress\/ -->\n<title>Casino Rewards Contact - Propri\u00e9taire et Partenaires des Casinos<\/title>\n<meta name=\"description\" content=\"Liste des casinos en ligne de Casino Rewards. Propri\u00e9taire et adresse de contact. Support client au Canada, en Angleterre et en Europe.\" \/>\n<meta name=\"robots\" content=\"index, follow, max-snippet:-1, max-image-preview:large, max-video-preview:-1\" \/>\n<link rel=\"canonical\" href=\"https:\/\/www.megamoolah.one\/fr\/casinorewards\/\" \/>\n<meta property=\"og:locale\" content=\"fr_CA\" \/>\n<meta property=\"og:type\" content=\"article\" \/>\n<meta property=\"og:title\" content=\"Casino Rewards Contact - Propri\u00e9taire et Partenaires des Casinos\" \/>\n<meta property=\"og:description\" content=\"Liste des casinos en ligne de Casino Rewards. Propri\u00e9taire et adresse de contact. Support client au Canada, en Angleterre et en Europe.\" \/>\n<meta property=\"og:url\" content=\"https:\/\/www.megamoolah.one\/fr\/casinorewards\/\" \/>\n<meta property=\"og:site_name\" content=\"Mega Moolah\" \/>\n<meta property=\"article:modified_time\" content=\"2025-01-12T09:38:01+00:00\" \/>\n<meta property=\"og:image\" content=\"https:\/\/www.megamoolah.one\/fr\/wp-content\/uploads\/2020\/05\/casinorewards.png\" \/>\n\t<meta property=\"og:image:width\" content=\"260\" \/>\n\t<meta property=\"og:image:height\" content=\"110\" \/>\n\t<meta property=\"og:image:type\" content=\"image\/png\" \/>\n<meta name=\"twitter:card\" content=\"summary_large_image\" \/>\n<meta name=\"twitter:label1\" content=\"Estimation du temps de lecture\" \/>\n\t<meta name=\"twitter:data1\" content=\"7 minutes\" \/>\n<script type=\"application\/ld+json\" class=\"yoast-schema-graph\">{\"@context\":\"https:\\\/\\\/schema.org\",\"@graph\":[{\"@type\":\"WebPage\",\"@id\":\"https:\\\/\\\/www.megamoolah.one\\\/fr\\\/casinorewards\\\/\",\"url\":\"https:\\\/\\\/www.megamoolah.one\\\/fr\\\/casinorewards\\\/\",\"name\":\"Casino Rewards Contact - Propri\u00e9taire et Partenaires des Casinos\",\"isPartOf\":{\"@id\":\"https:\\\/\\\/www.megamoolah.one\\\/fr\\\/#website\"},\"primaryImageOfPage\":{\"@id\":\"https:\\\/\\\/www.megamoolah.one\\\/fr\\\/casinorewards\\\/#primaryimage\"},\"image\":{\"@id\":\"https:\\\/\\\/www.megamoolah.one\\\/fr\\\/casinorewards\\\/#primaryimage\"},\"thumbnailUrl\":\"https:\\\/\\\/www.megamoolah.one\\\/fr\\\/wp-content\\\/uploads\\\/2020\\\/05\\\/casinorewards.png\",\"datePublished\":\"2020-04-20T20:04:23+00:00\",\"dateModified\":\"2025-01-12T09:38:01+00:00\",\"description\":\"Liste des casinos en ligne de Casino Rewards. Propri\u00e9taire et adresse de contact. Support client au Canada, en Angleterre et en Europe.\",\"breadcrumb\":{\"@id\":\"https:\\\/\\\/www.megamoolah.one\\\/fr\\\/casinorewards\\\/#breadcrumb\"},\"inLanguage\":\"fr-CA\",\"potentialAction\":[{\"@type\":\"ReadAction\",\"target\":[\"https:\\\/\\\/www.megamoolah.one\\\/fr\\\/casinorewards\\\/\"]}]},{\"@type\":\"ImageObject\",\"inLanguage\":\"fr-CA\",\"@id\":\"https:\\\/\\\/www.megamoolah.one\\\/fr\\\/casinorewards\\\/#primaryimage\",\"url\":\"https:\\\/\\\/www.megamoolah.one\\\/fr\\\/wp-content\\\/uploads\\\/2020\\\/05\\\/casinorewards.png\",\"contentUrl\":\"https:\\\/\\\/www.megamoolah.one\\\/fr\\\/wp-content\\\/uploads\\\/2020\\\/05\\\/casinorewards.png\",\"width\":260,\"height\":110,\"caption\":\"Casino Rewards\"},{\"@type\":\"BreadcrumbList\",\"@id\":\"https:\\\/\\\/www.megamoolah.one\\\/fr\\\/casinorewards\\\/#breadcrumb\",\"itemListElement\":[{\"@type\":\"ListItem\",\"position\":1,\"name\":\"Accueil\",\"item\":\"https:\\\/\\\/www.megamoolah.one\\\/fr\\\/\"},{\"@type\":\"ListItem\",\"position\":2,\"name\":\"Casino Rewards\"}]},{\"@type\":\"WebSite\",\"@id\":\"https:\\\/\\\/www.megamoolah.one\\\/fr\\\/#website\",\"url\":\"https:\\\/\\\/www.megamoolah.one\\\/fr\\\/\",\"name\":\"Mega Moolah\",\"description\":\"Offres de tours et bonus gratuits\",\"publisher\":{\"@id\":\"https:\\\/\\\/www.megamoolah.one\\\/fr\\\/#organization\"},\"potentialAction\":[{\"@type\":\"SearchAction\",\"target\":{\"@type\":\"EntryPoint\",\"urlTemplate\":\"https:\\\/\\\/www.megamoolah.one\\\/fr\\\/?s={search_term_string}\"},\"query-input\":{\"@type\":\"PropertyValueSpecification\",\"valueRequired\":true,\"valueName\":\"search_term_string\"}}],\"inLanguage\":\"fr-CA\"},{\"@type\":\"Organization\",\"@id\":\"https:\\\/\\\/www.megamoolah.one\\\/fr\\\/#organization\",\"name\":\"Mega Moolah\",\"url\":\"https:\\\/\\\/www.megamoolah.one\\\/fr\\\/\",\"logo\":{\"@type\":\"ImageObject\",\"inLanguage\":\"fr-CA\",\"@id\":\"https:\\\/\\\/www.megamoolah.one\\\/fr\\\/#\\\/schema\\\/logo\\\/image\\\/\",\"url\":\"https:\\\/\\\/www.megamoolah.one\\\/fr\\\/wp-content\\\/uploads\\\/2020\\\/04\\\/logo-one-1.jpg\",\"contentUrl\":\"https:\\\/\\\/www.megamoolah.one\\\/fr\\\/wp-content\\\/uploads\\\/2020\\\/04\\\/logo-one-1.jpg\",\"width\":390,\"height\":120,\"caption\":\"Mega Moolah\"},\"image\":{\"@id\":\"https:\\\/\\\/www.megamoolah.one\\\/fr\\\/#\\\/schema\\\/logo\\\/image\\\/\"}}]}<\/script>\n<!-- \/ Yoast SEO plugin. -->","yoast_head_json":{"title":"Casino Rewards Contact - Propri\u00e9taire et Partenaires des Casinos","description":"Liste des casinos en ligne de Casino Rewards. Propri\u00e9taire et adresse de contact. Support client au Canada, en Angleterre et en Europe.","robots":{"index":"index","follow":"follow","max-snippet":"max-snippet:-1","max-image-preview":"max-image-preview:large","max-video-preview":"max-video-preview:-1"},"canonical":"https:\/\/www.megamoolah.one\/fr\/casinorewards\/","og_locale":"fr_CA","og_type":"article","og_title":"Casino Rewards Contact - Propri\u00e9taire et Partenaires des Casinos","og_description":"Liste des casinos en ligne de Casino Rewards. Propri\u00e9taire et adresse de contact. Support client au Canada, en Angleterre et en Europe.","og_url":"https:\/\/www.megamoolah.one\/fr\/casinorewards\/","og_site_name":"Mega Moolah","article_modified_time":"2025-01-12T09:38:01+00:00","og_image":[{"width":260,"height":110,"url":"https:\/\/www.megamoolah.one\/fr\/wp-content\/uploads\/2020\/05\/casinorewards.png","type":"image\/png"}],"twitter_card":"summary_large_image","twitter_misc":{"Estimation du temps de lecture":"7 minutes"},"schema":{"@context":"https:\/\/schema.org","@graph":[{"@type":"WebPage","@id":"https:\/\/www.megamoolah.one\/fr\/casinorewards\/","url":"https:\/\/www.megamoolah.one\/fr\/casinorewards\/","name":"Casino Rewards Contact - Propri\u00e9taire et Partenaires des Casinos","isPartOf":{"@id":"https:\/\/www.megamoolah.one\/fr\/#website"},"primaryImageOfPage":{"@id":"https:\/\/www.megamoolah.one\/fr\/casinorewards\/#primaryimage"},"image":{"@id":"https:\/\/www.megamoolah.one\/fr\/casinorewards\/#primaryimage"},"thumbnailUrl":"https:\/\/www.megamoolah.one\/fr\/wp-content\/uploads\/2020\/05\/casinorewards.png","datePublished":"2020-04-20T20:04:23+00:00","dateModified":"2025-01-12T09:38:01+00:00","description":"Liste des casinos en ligne de Casino Rewards. Propri\u00e9taire et adresse de contact. Support client au Canada, en Angleterre et en Europe.","breadcrumb":{"@id":"https:\/\/www.megamoolah.one\/fr\/casinorewards\/#breadcrumb"},"inLanguage":"fr-CA","potentialAction":[{"@type":"ReadAction","target":["https:\/\/www.megamoolah.one\/fr\/casinorewards\/"]}]},{"@type":"ImageObject","inLanguage":"fr-CA","@id":"https:\/\/www.megamoolah.one\/fr\/casinorewards\/#primaryimage","url":"https:\/\/www.megamoolah.one\/fr\/wp-content\/uploads\/2020\/05\/casinorewards.png","contentUrl":"https:\/\/www.megamoolah.one\/fr\/wp-content\/uploads\/2020\/05\/casinorewards.png","width":260,"height":110,"caption":"Casino Rewards"},{"@type":"BreadcrumbList","@id":"https:\/\/www.megamoolah.one\/fr\/casinorewards\/#breadcrumb","itemListElement":[{"@type":"ListItem","position":1,"name":"Accueil","item":"https:\/\/www.megamoolah.one\/fr\/"},{"@type":"ListItem","position":2,"name":"Casino Rewards"}]},{"@type":"WebSite","@id":"https:\/\/www.megamoolah.one\/fr\/#website","url":"https:\/\/www.megamoolah.one\/fr\/","name":"Mega Moolah","description":"Offres de tours et bonus gratuits","publisher":{"@id":"https:\/\/www.megamoolah.one\/fr\/#organization"},"potentialAction":[{"@type":"SearchAction","target":{"@type":"EntryPoint","urlTemplate":"https:\/\/www.megamoolah.one\/fr\/?s={search_term_string}"},"query-input":{"@type":"PropertyValueSpecification","valueRequired":true,"valueName":"search_term_string"}}],"inLanguage":"fr-CA"},{"@type":"Organization","@id":"https:\/\/www.megamoolah.one\/fr\/#organization","name":"Mega Moolah","url":"https:\/\/www.megamoolah.one\/fr\/","logo":{"@type":"ImageObject","inLanguage":"fr-CA","@id":"https:\/\/www.megamoolah.one\/fr\/#\/schema\/logo\/image\/","url":"https:\/\/www.megamoolah.one\/fr\/wp-content\/uploads\/2020\/04\/logo-one-1.jpg","contentUrl":"https:\/\/www.megamoolah.one\/fr\/wp-content\/uploads\/2020\/04\/logo-one-1.jpg","width":390,"height":120,"caption":"Mega Moolah"},"image":{"@id":"https:\/\/www.megamoolah.one\/fr\/#\/schema\/logo\/image\/"}}]}},"_links":{"self":[{"href":"https:\/\/www.megamoolah.one\/fr\/wp-json\/wp\/v2\/pages\/2017","targetHints":{"allow":["GET"]}}],"collection":[{"href":"https:\/\/www.megamoolah.one\/fr\/wp-json\/wp\/v2\/pages"}],"about":[{"href":"https:\/\/www.megamoolah.one\/fr\/wp-json\/wp\/v2\/types\/page"}],"author":[{"embeddable":true,"href":"https:\/\/www.megamoolah.one\/fr\/wp-json\/wp\/v2\/users\/1"}],"replies":[{"embeddable":true,"href":"https:\/\/www.megamoolah.one\/fr\/wp-json\/wp\/v2\/comments?post=2017"}],"version-history":[{"count":53,"href":"https:\/\/www.megamoolah.one\/fr\/wp-json\/wp\/v2\/pages\/2017\/revisions"}],"predecessor-version":[{"id":7310,"href":"https:\/\/www.megamoolah.one\/fr\/wp-json\/wp\/v2\/pages\/2017\/revisions\/7310"}],"wp:attachment":[{"href":"https:\/\/www.megamoolah.one\/fr\/wp-json\/wp\/v2\/media?parent=2017"}],"curies":[{"name":"wp","href":"https:\/\/api.w.org\/{rel}","templated":true}]}}