{"id":19,"date":"2019-10-11T06:39:30","date_gmt":"2019-10-11T06:39:30","guid":{"rendered":"http:\/\/www.megamoolah.one\/fr\/?page_id=19"},"modified":"2025-11-06T17:29:26","modified_gmt":"2025-11-06T17:29:26","slug":"apropos","status":"publish","type":"page","link":"https:\/\/www.megamoolah.one\/fr\/apropos\/","title":{"rendered":"\u00c0 propos"},"content":{"rendered":"<p>Nous ne r\u00e9pondons pas aux demandes li\u00e9es \u00e0 du d\u00e9marchage publicitaire de la part des op\u00e9rateurs et des programmes d&rsquo;affiliation. Par contre si vous avez une demande \u00e0 faire aupr\u00e8s de l&rsquo;un des casinos en ligne list\u00e9s sur l&rsquo;une de nos pages Web, dans ce cas vous devez directement vous adresser au support client du casino concern\u00e9. Toute demande relative au contenu de ce site Web doit nous \u00eatre adress\u00e9e par courrier postal.<\/p>\n<h2>Nom de domaine<\/h2>\n<p>Le nom de domaine du pr\u00e9sent site est utilis\u00e9 afin de publier des contenus relatifs au jeu Mega Moolah. <a title=\"Mega Moolah\" href=\"https:\/\/www.megamoolah.one\/fr\/\">MegaMoolah.one<\/a> n&rsquo;est pas un casino en ligne, et n&rsquo;est pas de la propri\u00e9t\u00e9 du fournisseur Microgaming (dor\u00e9navant Games Global), le cr\u00e9ateur de la slot machine Mega Moolah.<\/p>\n<h2>H\u00e9bergement<\/h2>\n<p>Les pages du site Mega Moolah One sont h\u00e9berg\u00e9es au Canada chez WHC.ca. Les infrastructures de cet h\u00e9bergeur sont hautement s\u00e9curis\u00e9es et garantissent des performances qui avantagent la navigation sur le pr\u00e9sent site Internet. Toute panne technique ou d\u00e9faillance syst\u00e8me du pr\u00e9sent site ne peut pas \u00eatre de la responsabilit\u00e9 du propri\u00e9taire du site megamoolah.one.<\/p>\n<h2>Syst\u00e8me de gestion de contenus<\/h2>\n<p>Le site MegaMoolah.one utilise le CMS WordPress. Ce syst\u00e8me de gestion de contenus est efficace pour publier des contenus sur des sites Web. De plus, des plugins ont \u00e9t\u00e9 ajout\u00e9s au site afin d&rsquo;am\u00e9liorer tous les aspects li\u00e9s \u00e0 la s\u00e9curit\u00e9. En agissant ainsi, le pr\u00e9sent site est en permanence monitor\u00e9 afin de lutter contre toute forme de hacking et de spamming.<\/p>\n<h2>Affiliation et partenariat<\/h2>\n<p>Le propri\u00e9taire du pr\u00e9sent site Internet est affili\u00e9 \u00e0 des programmes d&rsquo;affiliation. Ces programmes sont Rewards Affiliates et Buffalo Partners. Le propri\u00e9taire du pr\u00e9sent site per\u00e7oit des revenues gr\u00e2ce \u00e0 des partenariats qu&rsquo;il a avec les programmes mentionn\u00e9s. Si vous avez des questions relatives \u00e0 ces programmes d&rsquo;affiliation, vous pouvez adresser vos requ\u00eates aux dits programmes. Les liens ci-dessous vous donnent acc\u00e8s aux programmes <a title=\"Rewards Affiliates\" href=\"https:\/\/www.megamoolah.one\/fr\/casinorewards\/\">Rewards Affiliates<\/a> et <a title=\"Buffalo Partners\" href=\"https:\/\/www.megamoolah.one\/fr\/digimedia\/\">Buffalo Partners<\/a>.<br \/>\n&nbsp;<br \/>\n<div class=\"su-row\">\n<div class=\"su-column su-column-size-1-2\"><div class=\"su-column-inner su-u-clearfix su-u-trim\">\n<p><a title=\"Rewards Affiliates\" href=\"http:\/\/www.megamoolah.one\/ra\" rel=\"noopener noreferrer\" target=\"_blank\"><figure id=\"attachment_1025\" aria-describedby=\"caption-attachment-1025\" style=\"width: 500px\" class=\"wp-caption alignnone\"><img loading=\"lazy\" decoding=\"async\" class=\"size-full wp-image-1025\" title=\"Rewards Affiliates\" src=\"https:\/\/www.megamoolah.one\/fr\/wp-content\/uploads\/2020\/04\/rewards.png\" alt=\"Rewards Affiliates\" width=\"500\" height=\"194\" srcset=\"https:\/\/www.megamoolah.one\/fr\/wp-content\/uploads\/2020\/04\/rewards.png 500w, https:\/\/www.megamoolah.one\/fr\/wp-content\/uploads\/2020\/04\/rewards-300x116.png 300w\" sizes=\"auto, (max-width: 500px) 100vw, 500px\" \/><figcaption id=\"caption-attachment-1025\" class=\"wp-caption-text\">Rewards Affiliates<\/figcaption><\/figure><\/a><\/p>\n<\/div><\/div>\n<div class=\"su-column su-column-size-1-2\"><div class=\"su-column-inner su-u-clearfix su-u-trim\">\n<p><a title=\"Buffalo Partners\" href=\"http:\/\/www.megamoolah.one\/bp\" rel=\"noopener noreferrer\" target=\"_blank\"><figure id=\"attachment_1027\" aria-describedby=\"caption-attachment-1027\" style=\"width: 500px\" class=\"wp-caption alignnone\"><img loading=\"lazy\" decoding=\"async\" class=\"size-full wp-image-1027\" title=\"Buffalo Partners\" src=\"https:\/\/www.megamoolah.one\/fr\/wp-content\/uploads\/2020\/04\/buffalo.png\" alt=\"Buffalo Partners\" width=\"500\" height=\"194\" srcset=\"https:\/\/www.megamoolah.one\/fr\/wp-content\/uploads\/2020\/04\/buffalo.png 500w, https:\/\/www.megamoolah.one\/fr\/wp-content\/uploads\/2020\/04\/buffalo-300x116.png 300w\" sizes=\"auto, (max-width: 500px) 100vw, 500px\" \/><figcaption id=\"caption-attachment-1027\" class=\"wp-caption-text\">Buffalo Partners<\/figcaption><\/figure><\/a><\/p>\n<\/div><\/div><\/div>\n<h2>Intervenants<\/h2>\n<p>Les diff\u00e9rentes personnes qui interviennent sur le site Internet megamoolah.one sont issues de diff\u00e9rents horizons. Le point commun de ces intervenants est qu&rsquo;ils ont une tr\u00e8s bonne maitrise des outils de l&rsquo;Internet et de la gestion de contenu dans le secteur des casinos en ligne. Leurs expertises sont appr\u00e9ci\u00e9es des utilisateurs \u00e0 la recherche de contenus de premi\u00e8re ligne.<\/p>\n<h2>Impartialit\u00e9<\/h2>\n<p>Toute donn\u00e9e publi\u00e9e sur ce site Web est impartiale et non biais\u00e9e. En aucune fa\u00e7on des parties tierces influencent les informations diffus\u00e9es sur le site Mega Moolah One. Chaque page publi\u00e9e sur le site Mega Moolah One a \u00e9t\u00e9 v\u00e9rifi\u00e9e en d\u00e9tail avant d&rsquo;\u00eatre mise en ligne. En agissant ainsi, les visiteurs du pr\u00e9sent guide ont la garantie d&rsquo;avoir acc\u00e8s \u00e0 des contenus aussi utiles que pertinents. Ces pages sont tenues \u00e0 jour afin de garantir un acc\u00e8s \u00e0 des informations ultimes. Ajout\u00e9 aux pages statiques du site megamoolah.one, des News sont diffus\u00e9es plusieurs fois par ann\u00e9e. Ces News sont toutes en relation avec la slot Mega Moolah.<\/p>\n<h2>Mega Moolah<\/h2>\n<p>Le jeu <a title=\"Mega Moolah\" href=\"https:\/\/www.megamoolah.one\/fr\/\">Mega Moolah<\/a> est de la propri\u00e9t\u00e9 de la soci\u00e9t\u00e9 Microgaming. Il ne faut pas confondre le pr\u00e9sent site Internet avec le groupe Microgaming. Si vous souhaitez contacter ce groupe, veuillez-vous adresser directement \u00e0 eux.<br \/>\n&nbsp;<br \/>\n<div class=\"su-row\"><div class=\"su-column su-column-size-1-2\"><div class=\"su-column-inner su-u-clearfix su-u-trim\"><img loading=\"lazy\" decoding=\"async\" class=\"alignnone size-full wp-image-285\" title=\"Microgaming\" src=\"https:\/\/www.megamoolah.one\/fr\/wp-content\/uploads\/2020\/01\/microgaming-games.jpg\" alt=\"Microgaming\" width=\"498\" height=\"255\" srcset=\"https:\/\/www.megamoolah.one\/fr\/wp-content\/uploads\/2020\/01\/microgaming-games.jpg 498w, https:\/\/www.megamoolah.one\/fr\/wp-content\/uploads\/2020\/01\/microgaming-games-300x154.jpg 300w\" sizes=\"auto, (max-width: 498px) 100vw, 498px\" \/><br \/>\n&nbsp;<br \/>\n<\/div><\/div>\n<div class=\"su-column su-column-size-1-2\"><div class=\"su-column-inner su-u-clearfix su-u-trim\">Adresse postale:<br \/>\nMicrogaming<br \/>\nSixty Two, Circular Road, Douglas<br \/>\nIsle of Man, IM1 1AE<br \/>\nRoyaume-Uni<br \/>\n&nbsp;<br \/>\n<\/div><\/div><\/div>\n<h2>Mises en argent r\u00e9el<\/h2>\n<p>Le propri\u00e9taire du pr\u00e9sent site Web, ainsi que les personnes qui interviennent sur le pr\u00e9sent site Web (copywriters, graphistes, traducteurs et conseillers externes) ne peuvent pas \u00eatre tenus responsables de toute perte d&rsquo;argent faites par des joueurs sur les casinos en ligne list\u00e9s sur megamoolah.one. Il est de votre responsabilit\u00e9, si vous avez d\u00e9cid\u00e9 de vous inscrire sur un casino en ligne, de jouer de mani\u00e8re responsable. Si vous pensez avoir des probl\u00e8mes d&rsquo;addiction li\u00e9s aux jeux d&rsquo;argent, veuillez quitter ce site Internet et vous faire aider au plus vite aupr\u00e8s d&rsquo;un service d&rsquo;aide sp\u00e9cialis\u00e9.<\/p>\n<h2>Propri\u00e9taire du nom de domaine &#8211; Contact<\/h2>\n<p>Le nom de domaine megamoolah.one appartient \u00e0 S\u00e9bastien Frisco. Toute demande relative au contenu juridique du pr\u00e9sent site Internet doit \u00eatre adress\u00e9e par courrier postal recommand\u00e9.<br \/>\n<img loading=\"lazy\" decoding=\"async\" class=\"alignnone size-full wp-image-267\" title=\"Webmaster\" src=\"https:\/\/www.megamoolah.one\/fr\/wp-content\/uploads\/2020\/01\/webmaster.jpg\" alt=\"Webmaster\" width=\"300\" height=\"150\" \/><br \/>\n&nbsp;<\/p>\n","protected":false},"excerpt":{"rendered":"<p>Nous ne r\u00e9pondons pas aux demandes li\u00e9es \u00e0 du d\u00e9marchage publicitaire de la part des op\u00e9rateurs et des programmes d&rsquo;affiliation. Par contre si vous avez une demande \u00e0 faire aupr\u00e8s de l&rsquo;un des casinos en ligne list\u00e9s sur l&rsquo;une de<\/p>\n","protected":false},"author":1,"featured_media":0,"parent":0,"menu_order":0,"comment_status":"closed","ping_status":"closed","template":"template-fullwidth.php","meta":{"footnotes":""},"class_list":["post-19","page","type-page","status-publish","hentry"],"yoast_head":"<!-- This site is optimized with the Yoast SEO plugin v27.4 - https:\/\/yoast.com\/product\/yoast-seo-wordpress\/ -->\n<title>\u00c0 Propos de Mega Moolah One - Un Guide D\u00e9di\u00e9 aux Machines \u00e0 Sous<\/title>\n<meta name=\"description\" content=\"\u00c0 propos de Mega Moolah One. Qui fait quoi sur notre guide de machines \u00e0 sous en ligne ? Propri\u00e9taire, intervenants, h\u00e9bergeur et programmes d&#039;affiliation.\" \/>\n<meta name=\"robots\" content=\"index, follow, max-snippet:-1, max-image-preview:large, max-video-preview:-1\" \/>\n<link rel=\"canonical\" href=\"https:\/\/www.megamoolah.one\/fr\/apropos\/\" \/>\n<meta property=\"og:locale\" content=\"fr_CA\" \/>\n<meta property=\"og:type\" content=\"article\" \/>\n<meta property=\"og:title\" content=\"\u00c0 Propos de Mega Moolah One - Un Guide D\u00e9di\u00e9 aux Machines \u00e0 Sous\" \/>\n<meta property=\"og:description\" content=\"\u00c0 propos de Mega Moolah One. Qui fait quoi sur notre guide de machines \u00e0 sous en ligne ? Propri\u00e9taire, intervenants, h\u00e9bergeur et programmes d&#039;affiliation.\" \/>\n<meta property=\"og:url\" content=\"https:\/\/www.megamoolah.one\/fr\/apropos\/\" \/>\n<meta property=\"og:site_name\" content=\"Mega Moolah\" \/>\n<meta property=\"article:modified_time\" content=\"2025-11-06T17:29:26+00:00\" \/>\n<meta property=\"og:image\" content=\"https:\/\/www.megamoolah.one\/fr\/wp-content\/uploads\/2020\/04\/rewards.png\" \/>\n\t<meta property=\"og:image:width\" content=\"500\" \/>\n\t<meta property=\"og:image:height\" content=\"194\" \/>\n\t<meta property=\"og:image:type\" content=\"image\/png\" \/>\n<meta name=\"twitter:card\" content=\"summary_large_image\" \/>\n<meta name=\"twitter:label1\" content=\"Estimation du temps de lecture\" \/>\n\t<meta name=\"twitter:data1\" content=\"5 minutes\" \/>\n<script type=\"application\/ld+json\" class=\"yoast-schema-graph\">{\"@context\":\"https:\\\/\\\/schema.org\",\"@graph\":[{\"@type\":\"WebPage\",\"@id\":\"https:\\\/\\\/www.megamoolah.one\\\/fr\\\/apropos\\\/\",\"url\":\"https:\\\/\\\/www.megamoolah.one\\\/fr\\\/apropos\\\/\",\"name\":\"\u00c0 Propos de Mega Moolah One - Un Guide D\u00e9di\u00e9 aux Machines \u00e0 Sous\",\"isPartOf\":{\"@id\":\"https:\\\/\\\/www.megamoolah.one\\\/fr\\\/#website\"},\"primaryImageOfPage\":{\"@id\":\"https:\\\/\\\/www.megamoolah.one\\\/fr\\\/apropos\\\/#primaryimage\"},\"image\":{\"@id\":\"https:\\\/\\\/www.megamoolah.one\\\/fr\\\/apropos\\\/#primaryimage\"},\"thumbnailUrl\":\"https:\\\/\\\/www.megamoolah.one\\\/fr\\\/wp-content\\\/uploads\\\/2020\\\/04\\\/rewards.png\",\"datePublished\":\"2019-10-11T06:39:30+00:00\",\"dateModified\":\"2025-11-06T17:29:26+00:00\",\"description\":\"\u00c0 propos de Mega Moolah One. Qui fait quoi sur notre guide de machines \u00e0 sous en ligne ? Propri\u00e9taire, intervenants, h\u00e9bergeur et programmes d'affiliation.\",\"breadcrumb\":{\"@id\":\"https:\\\/\\\/www.megamoolah.one\\\/fr\\\/apropos\\\/#breadcrumb\"},\"inLanguage\":\"fr-CA\",\"potentialAction\":[{\"@type\":\"ReadAction\",\"target\":[\"https:\\\/\\\/www.megamoolah.one\\\/fr\\\/apropos\\\/\"]}]},{\"@type\":\"ImageObject\",\"inLanguage\":\"fr-CA\",\"@id\":\"https:\\\/\\\/www.megamoolah.one\\\/fr\\\/apropos\\\/#primaryimage\",\"url\":\"https:\\\/\\\/www.megamoolah.one\\\/fr\\\/wp-content\\\/uploads\\\/2020\\\/04\\\/rewards.png\",\"contentUrl\":\"https:\\\/\\\/www.megamoolah.one\\\/fr\\\/wp-content\\\/uploads\\\/2020\\\/04\\\/rewards.png\",\"width\":500,\"height\":194,\"caption\":\"Rewards Affiliates\"},{\"@type\":\"BreadcrumbList\",\"@id\":\"https:\\\/\\\/www.megamoolah.one\\\/fr\\\/apropos\\\/#breadcrumb\",\"itemListElement\":[{\"@type\":\"ListItem\",\"position\":1,\"name\":\"Accueil\",\"item\":\"https:\\\/\\\/www.megamoolah.one\\\/fr\\\/\"},{\"@type\":\"ListItem\",\"position\":2,\"name\":\"\u00c0 propos\"}]},{\"@type\":\"WebSite\",\"@id\":\"https:\\\/\\\/www.megamoolah.one\\\/fr\\\/#website\",\"url\":\"https:\\\/\\\/www.megamoolah.one\\\/fr\\\/\",\"name\":\"Mega Moolah\",\"description\":\"Offres de tours et bonus gratuits\",\"publisher\":{\"@id\":\"https:\\\/\\\/www.megamoolah.one\\\/fr\\\/#organization\"},\"potentialAction\":[{\"@type\":\"SearchAction\",\"target\":{\"@type\":\"EntryPoint\",\"urlTemplate\":\"https:\\\/\\\/www.megamoolah.one\\\/fr\\\/?s={search_term_string}\"},\"query-input\":{\"@type\":\"PropertyValueSpecification\",\"valueRequired\":true,\"valueName\":\"search_term_string\"}}],\"inLanguage\":\"fr-CA\"},{\"@type\":\"Organization\",\"@id\":\"https:\\\/\\\/www.megamoolah.one\\\/fr\\\/#organization\",\"name\":\"Mega Moolah\",\"url\":\"https:\\\/\\\/www.megamoolah.one\\\/fr\\\/\",\"logo\":{\"@type\":\"ImageObject\",\"inLanguage\":\"fr-CA\",\"@id\":\"https:\\\/\\\/www.megamoolah.one\\\/fr\\\/#\\\/schema\\\/logo\\\/image\\\/\",\"url\":\"https:\\\/\\\/www.megamoolah.one\\\/fr\\\/wp-content\\\/uploads\\\/2020\\\/04\\\/logo-one-1.jpg\",\"contentUrl\":\"https:\\\/\\\/www.megamoolah.one\\\/fr\\\/wp-content\\\/uploads\\\/2020\\\/04\\\/logo-one-1.jpg\",\"width\":390,\"height\":120,\"caption\":\"Mega Moolah\"},\"image\":{\"@id\":\"https:\\\/\\\/www.megamoolah.one\\\/fr\\\/#\\\/schema\\\/logo\\\/image\\\/\"}}]}<\/script>\n<!-- \/ Yoast SEO plugin. -->","yoast_head_json":{"title":"\u00c0 Propos de Mega Moolah One - Un Guide D\u00e9di\u00e9 aux Machines \u00e0 Sous","description":"\u00c0 propos de Mega Moolah One. Qui fait quoi sur notre guide de machines \u00e0 sous en ligne ? Propri\u00e9taire, intervenants, h\u00e9bergeur et programmes d'affiliation.","robots":{"index":"index","follow":"follow","max-snippet":"max-snippet:-1","max-image-preview":"max-image-preview:large","max-video-preview":"max-video-preview:-1"},"canonical":"https:\/\/www.megamoolah.one\/fr\/apropos\/","og_locale":"fr_CA","og_type":"article","og_title":"\u00c0 Propos de Mega Moolah One - Un Guide D\u00e9di\u00e9 aux Machines \u00e0 Sous","og_description":"\u00c0 propos de Mega Moolah One. Qui fait quoi sur notre guide de machines \u00e0 sous en ligne ? Propri\u00e9taire, intervenants, h\u00e9bergeur et programmes d'affiliation.","og_url":"https:\/\/www.megamoolah.one\/fr\/apropos\/","og_site_name":"Mega Moolah","article_modified_time":"2025-11-06T17:29:26+00:00","og_image":[{"width":500,"height":194,"url":"https:\/\/www.megamoolah.one\/fr\/wp-content\/uploads\/2020\/04\/rewards.png","type":"image\/png"}],"twitter_card":"summary_large_image","twitter_misc":{"Estimation du temps de lecture":"5 minutes"},"schema":{"@context":"https:\/\/schema.org","@graph":[{"@type":"WebPage","@id":"https:\/\/www.megamoolah.one\/fr\/apropos\/","url":"https:\/\/www.megamoolah.one\/fr\/apropos\/","name":"\u00c0 Propos de Mega Moolah One - Un Guide D\u00e9di\u00e9 aux Machines \u00e0 Sous","isPartOf":{"@id":"https:\/\/www.megamoolah.one\/fr\/#website"},"primaryImageOfPage":{"@id":"https:\/\/www.megamoolah.one\/fr\/apropos\/#primaryimage"},"image":{"@id":"https:\/\/www.megamoolah.one\/fr\/apropos\/#primaryimage"},"thumbnailUrl":"https:\/\/www.megamoolah.one\/fr\/wp-content\/uploads\/2020\/04\/rewards.png","datePublished":"2019-10-11T06:39:30+00:00","dateModified":"2025-11-06T17:29:26+00:00","description":"\u00c0 propos de Mega Moolah One. Qui fait quoi sur notre guide de machines \u00e0 sous en ligne ? Propri\u00e9taire, intervenants, h\u00e9bergeur et programmes d'affiliation.","breadcrumb":{"@id":"https:\/\/www.megamoolah.one\/fr\/apropos\/#breadcrumb"},"inLanguage":"fr-CA","potentialAction":[{"@type":"ReadAction","target":["https:\/\/www.megamoolah.one\/fr\/apropos\/"]}]},{"@type":"ImageObject","inLanguage":"fr-CA","@id":"https:\/\/www.megamoolah.one\/fr\/apropos\/#primaryimage","url":"https:\/\/www.megamoolah.one\/fr\/wp-content\/uploads\/2020\/04\/rewards.png","contentUrl":"https:\/\/www.megamoolah.one\/fr\/wp-content\/uploads\/2020\/04\/rewards.png","width":500,"height":194,"caption":"Rewards Affiliates"},{"@type":"BreadcrumbList","@id":"https:\/\/www.megamoolah.one\/fr\/apropos\/#breadcrumb","itemListElement":[{"@type":"ListItem","position":1,"name":"Accueil","item":"https:\/\/www.megamoolah.one\/fr\/"},{"@type":"ListItem","position":2,"name":"\u00c0 propos"}]},{"@type":"WebSite","@id":"https:\/\/www.megamoolah.one\/fr\/#website","url":"https:\/\/www.megamoolah.one\/fr\/","name":"Mega Moolah","description":"Offres de tours et bonus gratuits","publisher":{"@id":"https:\/\/www.megamoolah.one\/fr\/#organization"},"potentialAction":[{"@type":"SearchAction","target":{"@type":"EntryPoint","urlTemplate":"https:\/\/www.megamoolah.one\/fr\/?s={search_term_string}"},"query-input":{"@type":"PropertyValueSpecification","valueRequired":true,"valueName":"search_term_string"}}],"inLanguage":"fr-CA"},{"@type":"Organization","@id":"https:\/\/www.megamoolah.one\/fr\/#organization","name":"Mega Moolah","url":"https:\/\/www.megamoolah.one\/fr\/","logo":{"@type":"ImageObject","inLanguage":"fr-CA","@id":"https:\/\/www.megamoolah.one\/fr\/#\/schema\/logo\/image\/","url":"https:\/\/www.megamoolah.one\/fr\/wp-content\/uploads\/2020\/04\/logo-one-1.jpg","contentUrl":"https:\/\/www.megamoolah.one\/fr\/wp-content\/uploads\/2020\/04\/logo-one-1.jpg","width":390,"height":120,"caption":"Mega Moolah"},"image":{"@id":"https:\/\/www.megamoolah.one\/fr\/#\/schema\/logo\/image\/"}}]}},"_links":{"self":[{"href":"https:\/\/www.megamoolah.one\/fr\/wp-json\/wp\/v2\/pages\/19","targetHints":{"allow":["GET"]}}],"collection":[{"href":"https:\/\/www.megamoolah.one\/fr\/wp-json\/wp\/v2\/pages"}],"about":[{"href":"https:\/\/www.megamoolah.one\/fr\/wp-json\/wp\/v2\/types\/page"}],"author":[{"embeddable":true,"href":"https:\/\/www.megamoolah.one\/fr\/wp-json\/wp\/v2\/users\/1"}],"replies":[{"embeddable":true,"href":"https:\/\/www.megamoolah.one\/fr\/wp-json\/wp\/v2\/comments?post=19"}],"version-history":[{"count":42,"href":"https:\/\/www.megamoolah.one\/fr\/wp-json\/wp\/v2\/pages\/19\/revisions"}],"predecessor-version":[{"id":7413,"href":"https:\/\/www.megamoolah.one\/fr\/wp-json\/wp\/v2\/pages\/19\/revisions\/7413"}],"wp:attachment":[{"href":"https:\/\/www.megamoolah.one\/fr\/wp-json\/wp\/v2\/media?parent=19"}],"curies":[{"name":"wp","href":"https:\/\/api.w.org\/{rel}","templated":true}]}}