{"id":1502,"date":"2020-04-12T15:29:47","date_gmt":"2020-04-12T15:29:47","guid":{"rendered":"https:\/\/www.megamoolah.one\/fr\/?page_id=1502"},"modified":"2025-06-21T10:46:06","modified_gmt":"2025-06-21T10:46:06","slug":"uk","status":"publish","type":"page","link":"https:\/\/www.megamoolah.one\/fr\/uk\/","title":{"rendered":"Casinos en ligne British"},"content":{"rendered":"<p>Liste des casinos en ligne UK qui ont des offres de bonus pour jouer au Mega Moolah. Ces offres de bienvenue sont aussi valables pour jouer \u00e0 d&rsquo;autres jeux comme la roulette, le blackjack, le video poker et les slots classiques.<\/p>\n<h2>Extra bonus et tours<\/h2>\n<p>Profitez d&rsquo;offres actuelles in the UK pour commencer \u00e0 jouer sur la slot machine Mega Moolah! Parmi tous les sites British de casino vous avez sur cette page des offres d\u00e9di\u00e9es au Mega Moolah. Ces offres de bonus sont valables pour tenter sa chance sur la slot progressive dot\u00e9e d&rsquo;un mega jackpot g\u00e9ant de plus d&rsquo;un million de pounds. Comparativement \u00e0 toutes les offres de bonus et tours gratuits test\u00e9es par notre \u00e9quipe nous avons choisi celles qui nous ont parues les plus profitables.<\/p>\n<h3><strong>1 &#8211; Casino Action &#8211; Bonus 1250\u00a3<\/strong><\/h3>\n<div class=\"su-row\"><div class=\"su-column su-column-size-3-4\"><div class=\"su-column-inner su-u-clearfix su-u-trim\">Le casino en ligne Casino Action a une offre de bonus sur d\u00e9p\u00f4t qui est \u00e9lev\u00e9e. Aucun autre site de casino n&rsquo;offre autant de bonus de bienvenue pour jouer au Mega Moolah. Cette offre s&rsquo;obtient en 5 d\u00e9p\u00f4ts. Le premier bonus est d&rsquo;une valeur de 100% jusqu&rsquo;\u00e0 hauteur de 150\u00a3.<\/p>\n<h4>Tableau des bonus<\/h4>\n<table>\n<tr>\n<td><strong>1er d\u00e9p\u00f4t<\/strong><\/td>\n<td><strong>100% jusqu&rsquo;\u00e0 150\u00a3<\/strong><\/td>\n<\/tr>\n<tr>\n<td>2\u00e8me d\u00e9p\u00f4t<\/td>\n<td>50% jusqu&rsquo;\u00e0 200\u00a3<\/td>\n<\/tr>\n<tr>\n<td>3\u00e8me d\u00e9p\u00f4t<\/td>\n<td>25% jusqu&rsquo;\u00e0 500\u00a3<\/td>\n<\/tr>\n<tr>\n<td>4\u00e8me d\u00e9p\u00f4t<\/td>\n<td>50% jusqu&rsquo;\u00e0 250\u00a3<\/td>\n<\/tr>\n<tr>\n<td>5\u00e8me d\u00e9p\u00f4t<\/td>\n<td>100% jusqu&rsquo;\u00e0 150\u00a3<\/td>\n<\/tr>\n<tr>\n<td><strong>Total<\/strong><\/td>\n<td><strong>1250\u00a3<\/strong><\/td>\n<\/tr>\n<\/table>\n<\/div><\/div>\n<div class=\"su-column su-column-size-1-4\"><div class=\"su-column-inner su-u-clearfix su-u-trim\">\n<a title=\"Casino Action\" class=\"mm\" href=\"https:\/\/www.megamoolah.one\/actionfr\" rel=\"noopener noreferrer\" target=\"_blank\"><img loading=\"lazy\" decoding=\"async\" title=\"Casino Action\" src=\"https:\/\/www.megamoolah.one\/fr\/wp-content\/uploads\/2020\/04\/casinoaction.png\" alt=\"Casino Action\" width=\"250\" height=\"136\" class=\"alignnone size-full wp-image-1515\" \/><br \/>\nVISITER CASINO ACTION<\/a><br \/>\n<strong>BONUS: 1250\u00a3.<\/strong> Pour recevoir la totalit\u00e9 des bonus 3200\u00a3 de d\u00e9p\u00f4t doivent \u00eatre r\u00e9alis\u00e9s.<br \/>\n<em>Bonus valable pour les nouveaux membres uniquement.<br \/>\n<strong>T&#038;Cs Apply<\/strong> <a title=\"T&#038;Cs Apply\" href=\"#tc\"><strong>(1)<\/strong><\/a> | <strong>18+<\/strong><br \/>\nJouer avec mod\u00e9ration et responsabilit\u00e9.<br \/>\nBegambleaware.org &#8211; U.K.G.C.<\/em><br \/>\n<\/div><\/div>\n<\/div>\n<div class=\"su-divider su-divider-style-default\" style=\"margin:15px 0;border-width:2px;border-color:#CCC\"><\/div>\n<h3><strong>2 &#8211; Villento Casino &#8211; Bonus 1000\u00a3<\/strong><\/h3>\n<div class=\"su-row\"><div class=\"su-column su-column-size-3-4\"><div class=\"su-column-inner su-u-clearfix su-u-trim\">Ce site de casino est une r\u00e9f\u00e9rence Web incontestable. Avec un vaste choix de slots au catalogue, Villento Casino est dot\u00e9 de la slot Mega Moolah. L&rsquo;offre de bienvenue du casino permet d&rsquo;obtenir jusqu&rsquo;\u00e0 1000 de bonus. La premi\u00e8re offre est de 100% sur tout d\u00e9p\u00f4t allant jusqu&rsquo;\u00e0 150$.<\/p>\n<h4>Tableau des bonus<\/h4>\n<table>\n<tr>\n<td><strong>1er d\u00e9p\u00f4t<\/strong><\/td>\n<td><strong>100% jusqu&rsquo;\u00e0 150\u00a3<\/strong><\/td>\n<\/tr>\n<tr>\n<td>2\u00e8me d\u00e9p\u00f4t<\/td>\n<td>50% jusqu&rsquo;\u00e0 250\u00a3<\/td>\n<\/tr>\n<tr>\n<td>3\u00e8me d\u00e9p\u00f4t<\/td>\n<td>30% jusqu&rsquo;\u00e0 200\u00a3<\/td>\n<\/tr>\n<tr>\n<td>4\u00e8me d\u00e9p\u00f4t<\/td>\n<td>20% jusqu&rsquo;\u00e0 200\u00a3<\/td>\n<\/tr>\n<tr>\n<td>5\u00e8me d\u00e9p\u00f4t<\/td>\n<td>50% jusqu&rsquo;\u00e0 200\u00a3<\/td>\n<\/tr>\n<tr>\n<td><strong>Total<\/strong><\/td>\n<td><strong>1000\u00a3<\/strong><\/td>\n<\/tr>\n<\/table>\n<\/div><\/div>\n<div class=\"su-column su-column-size-1-4\"><div class=\"su-column-inner su-u-clearfix su-u-trim\">\n<a title=\"Villento Casino\" class=\"mm\" href=\"https:\/\/www.megamoolah.one\/villentofr\" rel=\"noopener noreferrer\" target=\"_blank\"><br \/>\n<img loading=\"lazy\" decoding=\"async\" title=\"Villento Casino\" src=\"https:\/\/www.megamoolah.one\/fr\/wp-content\/uploads\/2020\/04\/villentouk.png\" alt=\"Villento Casino\" width=\"250\" height=\"136\" class=\"alignnone size-full wp-image-1517\" \/><br \/>\nVISITER VILLENTO CASINO<\/a><br \/>\n<strong>BONUS: 1000\u00a3.<\/strong> Pour recevoir la totalit\u00e9 des bonus 2717\u00a3 de d\u00e9p\u00f4t doivent \u00eatre r\u00e9alis\u00e9s.<br \/>\n<em>Bonus valable pour les nouveaux membres uniquement.<br \/>\n<strong>T&#038;Cs Apply<\/strong> <a title=\"T&#038;Cs Apply\" href=\"#tc\"><strong>(1)<\/strong><\/a> | <strong>18+<\/strong><br \/>\nJouer avec mod\u00e9ration et responsabilit\u00e9.<br \/>\nBegambleaware.org &#8211; U.K.G.C.<\/em><br \/>\n<\/div><\/div>\n<\/div>\n<div class=\"su-divider su-divider-style-default\" style=\"margin:15px 0;border-width:2px;border-color:#CCC\"><\/div>\n<h3><strong>3 &#8211; UK Casino Club &#8211; Bonus 700\u00a3<\/strong><\/h3>\n<div class=\"su-row\"><div class=\"su-column su-column-size-3-4\"><div class=\"su-column-inner su-u-clearfix su-u-trim\">L&rsquo;un des plus iconiques casinos en ligne British. Avec son offre de bienvenue de 700\u00a3 \u00e0 obtenir en 5 \u00e9tapes, tout fan de slots progressives peut b\u00e9n\u00e9ficier des bonus de ce casino 100% UK. Actif depuis l&rsquo;ann\u00e9e 2000, UK Casino Club est un site de confiance.<\/p>\n<h4>Tableau des bonus<\/h4>\n<table>\n<tr>\n<td><strong>1er d\u00e9p\u00f4t<\/strong><\/td>\n<td><strong>100% jusqu&rsquo;\u00e0 100\u00a3<\/strong><\/td>\n<\/tr>\n<tr>\n<td>2\u00e8me d\u00e9p\u00f4t<\/td>\n<td>25% jusqu&rsquo;\u00e0 100\u00a3<\/td>\n<\/tr>\n<tr>\n<td>3\u00e8me d\u00e9p\u00f4t<\/td>\n<td>10% jusqu&rsquo;\u00e0 200\u00a3<\/td>\n<\/tr>\n<tr>\n<td>4\u00e8me d\u00e9p\u00f4t<\/td>\n<td>25% jusqu&rsquo;\u00e0 200\u00a3<\/td>\n<\/tr>\n<tr>\n<td>5\u00e8me d\u00e9p\u00f4t<\/td>\n<td>110% jusqu&rsquo;\u00e0 100\u00a3<\/td>\n<\/tr>\n<tr>\n<td><strong>Total<\/strong><\/td>\n<td><strong>700\u00a3<\/strong><\/td>\n<\/tr>\n<\/table>\n<\/div><\/div>\n<div class=\"su-column su-column-size-1-4\"><div class=\"su-column-inner su-u-clearfix su-u-trim\">\n<a title=\"UK Casino Club\" class=\"mm\" href=\"https:\/\/www.megamoolah.one\/clubfr\" rel=\"noopener noreferrer\" target=\"_blank\"><img loading=\"lazy\" decoding=\"async\" title=\"UK Casino Club\" src=\"https:\/\/www.megamoolah.one\/fr\/wp-content\/uploads\/2020\/04\/ukcasinoclub.png\" alt=\"UK Casino Club\" width=\"250\" height=\"136\" class=\"alignnone size-full wp-image-1518\" \/><br \/>\nVISITER UK CASINO CLUB<\/a><br \/>\n<strong>BONUS: 700\u00a3.<\/strong> Pour recevoir la totalit\u00e9 des bonus 3391\u00a3 de d\u00e9p\u00f4t doivent \u00eatre r\u00e9alis\u00e9s.<br \/>\n<em>Bonus valable pour les nouveaux membres uniquement.<br \/>\n<strong>T&#038;Cs Apply<\/strong> <a title=\"T&#038;Cs Apply\" href=\"#tc\"><strong>(1)<\/strong><\/a> | <strong>18+<\/strong><br \/>\nJouer avec mod\u00e9ration et responsabilit\u00e9.<br \/>\nBegambleaware.org &#8211; U.K.G.C.<\/em><br \/>\n<\/div><\/div>\n<\/div>\n<div class=\"su-divider su-divider-style-default\" style=\"margin:15px 0;border-width:2px;border-color:#CCC\"><\/div>\n<h2>Gagnants British au Mega Moolah<\/h2>\n<div class=\"su-row\"><div class=\"su-column su-column-size-1-2\"><div class=\"su-column-inner su-u-clearfix su-u-trim\">\nD\u00e9couvrez la liste des plus grands gagnants UK de la slot machine Mega Moolah! Notre tableau vous fait savoir quels ont \u00e9t\u00e9 les plus gros gains GBP d\u00e9clar\u00e9s jusqu&rsquo;\u00e0 ce jour. Cette liste n&rsquo;est pas exhaustive certains joueurs ayant demand\u00e9 \u00e0 ce que leurs victoires ne soient pas rendues publiques.<br \/>\n&nbsp;<br \/>\n<img loading=\"lazy\" decoding=\"async\" title=\"UK\" src=\"https:\/\/www.megamoolah.one\/fr\/wp-content\/uploads\/2020\/04\/uk.png\" alt=\"UK\" width=\"250\" height=\"136\" class=\"alignnone size-full wp-image-1553\" \/><br \/>\n<\/div><\/div><div class=\"su-column su-column-size-1-2\"><div class=\"su-column-inner su-u-clearfix su-u-trim\">\n<table width=100%>\n<tr>\n<td><strong>DATE<\/strong><\/td>\n<td class=cell><strong>JACKPOT<\/strong><\/td>\n<\/tr>\n<tr>\n<td valign=top>Juin 2025<\/td>\n<td nowrap class=cell><strong>\u00a311,498,211<\/strong><\/td>\n<\/tr>\n<tr>\n<td valign=top>Novembre 2019<\/td>\n<td nowrap class=cell><strong>\u00a32,771,916<\/strong><\/td>\n<\/tr>\n<tr>\n<td valign=top>Octobre 2019<\/td>\n<td nowrap class=cell><strong>\u00a33,558,858<\/strong><\/td>\n<\/tr>\n<tr>\n<td valign=top>Juin 2019<\/td>\n<td nowrap class=cell><strong>\u00a33,033,563<\/strong><\/td>\n<\/tr>\n<tr>\n<td valign=top>Mai 2019<\/td>\n<td nowrap class=cell><strong>\u00a35,543,986<\/strong><\/td>\n<\/tr>\n<tr>\n<td valign=top>Avril 2018<\/td>\n<td nowrap class=cell><strong>\u00a31,778,226<\/strong><\/td>\n<\/tr>\n<tr>\n<td valign=top>Octobre 2017<\/td>\n<td nowrap class=cell><strong>\u00a31,448,116<\/strong><\/td>\n<\/tr>\n<tr>\n<td valign=top>Octobre 2015<\/td>\n<td nowrap class=cell><strong>\u00a313,213,838<\/strong><\/td>\n<\/tr>\n<tr>\n<td valign=top>Septembre 2013<\/td>\n<td nowrap class=cell><strong>\u00a33,744,513<\/strong><\/td>\n<\/tr>\n<tr>\n<td valign=top>D\u00e9cembre 2012<\/td>\n<td nowrap class=cell><strong>\u00a35,883,044<\/strong><\/td>\n<\/tr>\n<\/table>\n<\/div><\/div><\/div>\n<h2>Comparatif des bonus de bienvenue<\/h2>\n<p>Les offres de bonus ajoutent des extras bonus sur vos premiers d\u00e9p\u00f4ts en argent r\u00e9el. Aucune de ces offres n&rsquo;a de tours gratuits! En effet, d&rsquo;apr\u00e8s nos tests et analyses il n&rsquo;y a aucune offre de tours gratuits qui soient vraiment valables sur les casinos en ligne British. Pour cette raison nous avons pr\u00e9f\u00e9r\u00e9 donner la priorit\u00e9 \u00e0 des bonus sur d\u00e9p\u00f4t. Ce type de bonus est \u00e0 notre avis plus profitable que des tours gratuits. Nous avons test\u00e9 et analys\u00e9 toutes les offres des casinos en ligne. Sur ces promos seules les plus rentables ont \u00e9t\u00e9 retenues. La priorit\u00e9 a \u00e9t\u00e9 donn\u00e9e sur le premier bonus offert par chaque casino, et aussi sur la globalit\u00e9 des offres faites par les casinos. En agissant de cette fa\u00e7on nous sommes certains de lister les bonus les plus profitables du march\u00e9. Ces offres, bien s\u00fbr, donnent acc\u00e8s \u00e0 la <a title=\"machine \u00e0 sous Mega Moolah\" href=\"https:\/\/www.megamoolah.one\/fr\/\">machine \u00e0 sous Mega Moolah<\/a>. En r\u00e9sum\u00e9, avec ces offres les fans du Mega Moolah sont g\u00e2t\u00e9s.<br \/>\n<a name=\"tc\" class=\"tc\"><\/p>\n<h2 class=\"tc\">Termes et conditions (1)<\/h2>\n<p><\/a><br \/>\nVeillez \u00e0 bien lire les conditions d&rsquo;utilisation des bonus de bienvenue. Ces bonus doivent \u00eatre mis\u00e9s un certain nombre de fois avant de pouvoir encaisser des gains. Conform\u00e9ment aux Lois British li\u00e9es aux jeux d&rsquo;argent en ligne, les offres de bonus des casinos en ligne list\u00e9s sur cette page sont contr\u00f4l\u00e9es et v\u00e9rifi\u00e9es. Ces offres sont uniquement r\u00e9serv\u00e9es aux nouveaux membres inscrits sur ces casinos. Soyez bien conscient que toute offre de bonus de bienvenue n&rsquo;est pas de l&rsquo;argent gratuit offert par un casino en ligne.<br \/>\n&nbsp;<\/p>\n<h2>Sommaire<\/h2>\n<p>Les sites de casino UK \u00e0 l&rsquo;affiche sur cette page ont des points communs. Ils sont certifi\u00e9s en Angleterre et sont exploit\u00e9s par le groupe <a title=\"Casino Rewards\" href=\"https:\/\/www.megamoolah.one\/fr\/casinorewards\/\">Casino Rewards<\/a>. Le groupe Casino Rewards est pilot\u00e9 par une soci\u00e9t\u00e9 de premi\u00e8re ligne dans le secteur des casinos virtuels UK.<br \/>\n&nbsp;<br \/>\nActif sur Internet depuis l&rsquo;ann\u00e9e 2000, Casino Rewards met \u00e0 disposition des joueurs British des casinos en ligne qui sont performants et conformes aux exigences de l&rsquo;United Kingdom Gaming Commission.<br \/>\n&nbsp;<\/p>\n","protected":false},"excerpt":{"rendered":"<p>Liste des casinos en ligne UK qui ont des offres de bonus pour jouer au Mega Moolah. Ces offres de bienvenue sont aussi valables pour jouer \u00e0 d&rsquo;autres jeux comme la roulette, le blackjack, le video poker et les slots<\/p>\n","protected":false},"author":1,"featured_media":0,"parent":0,"menu_order":0,"comment_status":"closed","ping_status":"closed","template":"template-fullwidth.php","meta":{"footnotes":""},"class_list":["post-1502","page","type-page","status-publish","hentry"],"yoast_head":"<!-- This site is optimized with the Yoast SEO plugin v27.6 - https:\/\/yoast.com\/product\/yoast-seo-wordpress\/ -->\n<title>Casinos en Ligne British - Offres Mega Moolah - Bonus Gratuits<\/title>\n<meta name=\"description\" content=\"Casinos en ligne Anglais pour jouer au Mega Moolah. Offres de bonus gratuits des sites de casino UK de confiance.\" \/>\n<meta name=\"robots\" content=\"index, follow, max-snippet:-1, max-image-preview:large, max-video-preview:-1\" \/>\n<link rel=\"canonical\" href=\"https:\/\/www.megamoolah.one\/fr\/uk\/\" \/>\n<meta property=\"og:locale\" content=\"fr_CA\" \/>\n<meta property=\"og:type\" content=\"article\" \/>\n<meta property=\"og:title\" content=\"Casinos en Ligne British - Offres Mega Moolah - Bonus Gratuits\" \/>\n<meta property=\"og:description\" content=\"Casinos en ligne Anglais pour jouer au Mega Moolah. Offres de bonus gratuits des sites de casino UK de confiance.\" \/>\n<meta property=\"og:url\" content=\"https:\/\/www.megamoolah.one\/fr\/uk\/\" \/>\n<meta property=\"og:site_name\" content=\"Mega Moolah\" \/>\n<meta property=\"article:modified_time\" content=\"2025-06-21T10:46:06+00:00\" \/>\n<meta property=\"og:image\" content=\"https:\/\/www.megamoolah.one\/fr\/wp-content\/uploads\/2020\/04\/casinoaction.png\" \/>\n\t<meta property=\"og:image:width\" content=\"250\" \/>\n\t<meta property=\"og:image:height\" content=\"136\" \/>\n\t<meta property=\"og:image:type\" content=\"image\/png\" \/>\n<meta name=\"twitter:card\" content=\"summary_large_image\" \/>\n<meta name=\"twitter:label1\" content=\"Estimation du temps de lecture\" \/>\n\t<meta name=\"twitter:data1\" content=\"6 minutes\" \/>\n<script type=\"application\/ld+json\" class=\"yoast-schema-graph\">{\"@context\":\"https:\\\/\\\/schema.org\",\"@graph\":[{\"@type\":\"WebPage\",\"@id\":\"https:\\\/\\\/www.megamoolah.one\\\/fr\\\/uk\\\/\",\"url\":\"https:\\\/\\\/www.megamoolah.one\\\/fr\\\/uk\\\/\",\"name\":\"Casinos en Ligne British - Offres Mega Moolah - Bonus Gratuits\",\"isPartOf\":{\"@id\":\"https:\\\/\\\/www.megamoolah.one\\\/fr\\\/#website\"},\"primaryImageOfPage\":{\"@id\":\"https:\\\/\\\/www.megamoolah.one\\\/fr\\\/uk\\\/#primaryimage\"},\"image\":{\"@id\":\"https:\\\/\\\/www.megamoolah.one\\\/fr\\\/uk\\\/#primaryimage\"},\"thumbnailUrl\":\"https:\\\/\\\/www.megamoolah.one\\\/fr\\\/wp-content\\\/uploads\\\/2020\\\/04\\\/casinoaction.png\",\"datePublished\":\"2020-04-12T15:29:47+00:00\",\"dateModified\":\"2025-06-21T10:46:06+00:00\",\"description\":\"Casinos en ligne Anglais pour jouer au Mega Moolah. Offres de bonus gratuits des sites de casino UK de confiance.\",\"breadcrumb\":{\"@id\":\"https:\\\/\\\/www.megamoolah.one\\\/fr\\\/uk\\\/#breadcrumb\"},\"inLanguage\":\"fr-CA\",\"potentialAction\":[{\"@type\":\"ReadAction\",\"target\":[\"https:\\\/\\\/www.megamoolah.one\\\/fr\\\/uk\\\/\"]}]},{\"@type\":\"ImageObject\",\"inLanguage\":\"fr-CA\",\"@id\":\"https:\\\/\\\/www.megamoolah.one\\\/fr\\\/uk\\\/#primaryimage\",\"url\":\"https:\\\/\\\/www.megamoolah.one\\\/fr\\\/wp-content\\\/uploads\\\/2020\\\/04\\\/casinoaction.png\",\"contentUrl\":\"https:\\\/\\\/www.megamoolah.one\\\/fr\\\/wp-content\\\/uploads\\\/2020\\\/04\\\/casinoaction.png\",\"width\":250,\"height\":136,\"caption\":\"Casino Action\"},{\"@type\":\"BreadcrumbList\",\"@id\":\"https:\\\/\\\/www.megamoolah.one\\\/fr\\\/uk\\\/#breadcrumb\",\"itemListElement\":[{\"@type\":\"ListItem\",\"position\":1,\"name\":\"Accueil\",\"item\":\"https:\\\/\\\/www.megamoolah.one\\\/fr\\\/\"},{\"@type\":\"ListItem\",\"position\":2,\"name\":\"Casinos en ligne British\"}]},{\"@type\":\"WebSite\",\"@id\":\"https:\\\/\\\/www.megamoolah.one\\\/fr\\\/#website\",\"url\":\"https:\\\/\\\/www.megamoolah.one\\\/fr\\\/\",\"name\":\"Mega Moolah\",\"description\":\"Offres de tours et bonus gratuits\",\"publisher\":{\"@id\":\"https:\\\/\\\/www.megamoolah.one\\\/fr\\\/#organization\"},\"potentialAction\":[{\"@type\":\"SearchAction\",\"target\":{\"@type\":\"EntryPoint\",\"urlTemplate\":\"https:\\\/\\\/www.megamoolah.one\\\/fr\\\/?s={search_term_string}\"},\"query-input\":{\"@type\":\"PropertyValueSpecification\",\"valueRequired\":true,\"valueName\":\"search_term_string\"}}],\"inLanguage\":\"fr-CA\"},{\"@type\":\"Organization\",\"@id\":\"https:\\\/\\\/www.megamoolah.one\\\/fr\\\/#organization\",\"name\":\"Mega Moolah\",\"url\":\"https:\\\/\\\/www.megamoolah.one\\\/fr\\\/\",\"logo\":{\"@type\":\"ImageObject\",\"inLanguage\":\"fr-CA\",\"@id\":\"https:\\\/\\\/www.megamoolah.one\\\/fr\\\/#\\\/schema\\\/logo\\\/image\\\/\",\"url\":\"https:\\\/\\\/www.megamoolah.one\\\/fr\\\/wp-content\\\/uploads\\\/2020\\\/04\\\/logo-one-1.jpg\",\"contentUrl\":\"https:\\\/\\\/www.megamoolah.one\\\/fr\\\/wp-content\\\/uploads\\\/2020\\\/04\\\/logo-one-1.jpg\",\"width\":390,\"height\":120,\"caption\":\"Mega Moolah\"},\"image\":{\"@id\":\"https:\\\/\\\/www.megamoolah.one\\\/fr\\\/#\\\/schema\\\/logo\\\/image\\\/\"}}]}<\/script>\n<!-- \/ Yoast SEO plugin. -->","yoast_head_json":{"title":"Casinos en Ligne British - Offres Mega Moolah - Bonus Gratuits","description":"Casinos en ligne Anglais pour jouer au Mega Moolah. Offres de bonus gratuits des sites de casino UK de confiance.","robots":{"index":"index","follow":"follow","max-snippet":"max-snippet:-1","max-image-preview":"max-image-preview:large","max-video-preview":"max-video-preview:-1"},"canonical":"https:\/\/www.megamoolah.one\/fr\/uk\/","og_locale":"fr_CA","og_type":"article","og_title":"Casinos en Ligne British - Offres Mega Moolah - Bonus Gratuits","og_description":"Casinos en ligne Anglais pour jouer au Mega Moolah. Offres de bonus gratuits des sites de casino UK de confiance.","og_url":"https:\/\/www.megamoolah.one\/fr\/uk\/","og_site_name":"Mega Moolah","article_modified_time":"2025-06-21T10:46:06+00:00","og_image":[{"width":250,"height":136,"url":"https:\/\/www.megamoolah.one\/fr\/wp-content\/uploads\/2020\/04\/casinoaction.png","type":"image\/png"}],"twitter_card":"summary_large_image","twitter_misc":{"Estimation du temps de lecture":"6 minutes"},"schema":{"@context":"https:\/\/schema.org","@graph":[{"@type":"WebPage","@id":"https:\/\/www.megamoolah.one\/fr\/uk\/","url":"https:\/\/www.megamoolah.one\/fr\/uk\/","name":"Casinos en Ligne British - Offres Mega Moolah - Bonus Gratuits","isPartOf":{"@id":"https:\/\/www.megamoolah.one\/fr\/#website"},"primaryImageOfPage":{"@id":"https:\/\/www.megamoolah.one\/fr\/uk\/#primaryimage"},"image":{"@id":"https:\/\/www.megamoolah.one\/fr\/uk\/#primaryimage"},"thumbnailUrl":"https:\/\/www.megamoolah.one\/fr\/wp-content\/uploads\/2020\/04\/casinoaction.png","datePublished":"2020-04-12T15:29:47+00:00","dateModified":"2025-06-21T10:46:06+00:00","description":"Casinos en ligne Anglais pour jouer au Mega Moolah. Offres de bonus gratuits des sites de casino UK de confiance.","breadcrumb":{"@id":"https:\/\/www.megamoolah.one\/fr\/uk\/#breadcrumb"},"inLanguage":"fr-CA","potentialAction":[{"@type":"ReadAction","target":["https:\/\/www.megamoolah.one\/fr\/uk\/"]}]},{"@type":"ImageObject","inLanguage":"fr-CA","@id":"https:\/\/www.megamoolah.one\/fr\/uk\/#primaryimage","url":"https:\/\/www.megamoolah.one\/fr\/wp-content\/uploads\/2020\/04\/casinoaction.png","contentUrl":"https:\/\/www.megamoolah.one\/fr\/wp-content\/uploads\/2020\/04\/casinoaction.png","width":250,"height":136,"caption":"Casino Action"},{"@type":"BreadcrumbList","@id":"https:\/\/www.megamoolah.one\/fr\/uk\/#breadcrumb","itemListElement":[{"@type":"ListItem","position":1,"name":"Accueil","item":"https:\/\/www.megamoolah.one\/fr\/"},{"@type":"ListItem","position":2,"name":"Casinos en ligne British"}]},{"@type":"WebSite","@id":"https:\/\/www.megamoolah.one\/fr\/#website","url":"https:\/\/www.megamoolah.one\/fr\/","name":"Mega Moolah","description":"Offres de tours et bonus gratuits","publisher":{"@id":"https:\/\/www.megamoolah.one\/fr\/#organization"},"potentialAction":[{"@type":"SearchAction","target":{"@type":"EntryPoint","urlTemplate":"https:\/\/www.megamoolah.one\/fr\/?s={search_term_string}"},"query-input":{"@type":"PropertyValueSpecification","valueRequired":true,"valueName":"search_term_string"}}],"inLanguage":"fr-CA"},{"@type":"Organization","@id":"https:\/\/www.megamoolah.one\/fr\/#organization","name":"Mega Moolah","url":"https:\/\/www.megamoolah.one\/fr\/","logo":{"@type":"ImageObject","inLanguage":"fr-CA","@id":"https:\/\/www.megamoolah.one\/fr\/#\/schema\/logo\/image\/","url":"https:\/\/www.megamoolah.one\/fr\/wp-content\/uploads\/2020\/04\/logo-one-1.jpg","contentUrl":"https:\/\/www.megamoolah.one\/fr\/wp-content\/uploads\/2020\/04\/logo-one-1.jpg","width":390,"height":120,"caption":"Mega Moolah"},"image":{"@id":"https:\/\/www.megamoolah.one\/fr\/#\/schema\/logo\/image\/"}}]}},"_links":{"self":[{"href":"https:\/\/www.megamoolah.one\/fr\/wp-json\/wp\/v2\/pages\/1502","targetHints":{"allow":["GET"]}}],"collection":[{"href":"https:\/\/www.megamoolah.one\/fr\/wp-json\/wp\/v2\/pages"}],"about":[{"href":"https:\/\/www.megamoolah.one\/fr\/wp-json\/wp\/v2\/types\/page"}],"author":[{"embeddable":true,"href":"https:\/\/www.megamoolah.one\/fr\/wp-json\/wp\/v2\/users\/1"}],"replies":[{"embeddable":true,"href":"https:\/\/www.megamoolah.one\/fr\/wp-json\/wp\/v2\/comments?post=1502"}],"version-history":[{"count":68,"href":"https:\/\/www.megamoolah.one\/fr\/wp-json\/wp\/v2\/pages\/1502\/revisions"}],"predecessor-version":[{"id":7373,"href":"https:\/\/www.megamoolah.one\/fr\/wp-json\/wp\/v2\/pages\/1502\/revisions\/7373"}],"wp:attachment":[{"href":"https:\/\/www.megamoolah.one\/fr\/wp-json\/wp\/v2\/media?parent=1502"}],"curies":[{"name":"wp","href":"https:\/\/api.w.org\/{rel}","templated":true}]}}